{"id":6263,"date":"2021-11-22T13:28:10","date_gmt":"2021-11-22T12:28:10","guid":{"rendered":"https:\/\/airjust.de\/su-airjust\/"},"modified":"2021-11-22T13:35:59","modified_gmt":"2021-11-22T12:35:59","slug":"su-airjust","status":"publish","type":"page","link":"https:\/\/airjust.de\/it\/su-airjust\/","title":{"rendered":"Su airjust"},"content":{"rendered":"<div class=\"wpb-content-wrapper\"><p>[vc_row][vc_column][vc_custom_heading text=&#8221;L&#8217;idea.&#8221; use_theme_fonts=&#8221;yes&#8221;][vc_column_text css=&#8221;.vc_custom_1637335584772{padding-top: 10px !important;padding-right: 10px !important;padding-bottom: 10px !important;padding-left: 10px !important;}&#8221;]L&#8217;idea alla base di airjust: un sistema per presentare la moda che \u00e8 tanto discreto quanto funzionale e che offre pi\u00f9 di un semplice appendiabiti.<br \/>\nNon complicato nella gestione, per stare al passo con la velocit\u00e0 della moda. Flessibile, in modo che possa essere adattato a qualsiasi situazione della stanza. \u2028Un design sobrio e senza tempo per non distrarre dall&#8217;essenziale.<br \/>\nIl palco perfetto, anche per i pezzi preferiti a casa. <strong>Per le persone con una passione per il design e la moda.<\/strong>[\/vc_column_text][\/vc_column][\/vc_row][vc_row][vc_column width=&#8221;1\/3&#8243;][vc_single_image image=&#8221;6196&#8243; img_size=&#8221;full&#8221; title=&#8221;Stores.&#8221;][\/vc_column][vc_column width=&#8221;1\/3&#8243;][vc_single_image image=&#8221;6201&#8243; img_size=&#8221;full&#8221; title=&#8221;Showrooms.&#8221;][\/vc_column][vc_column width=&#8221;1\/3&#8243;][vc_single_image image=&#8221;6208&#8243; img_size=&#8221;full&#8221; title=&#8221;Guardaroba.&#8221;][\/vc_column][\/vc_row][vc_row][vc_column][vc_custom_heading text=&#8221;Da Monaco di Baviera al mondo.&#8221; use_theme_fonts=&#8221;yes&#8221; css=&#8221;.vc_custom_1637579537818{padding-bottom: 5% !important;}&#8221;][\/vc_column][\/vc_row][vc_row full_height=&#8221;yes&#8221; equal_height=&#8221;yes&#8221;][vc_column width=&#8221;1\/2&#8243;][vc_single_image image=&#8221;4940&#8243; img_size=&#8221;600&#215;800&#8243;][\/vc_column][vc_column width=&#8221;1\/2&#8243;][vc_column_text css=&#8221;.vc_custom_1637584143218{padding-top: 10px !important;padding-right: 10px !important;padding-bottom: 10px !important;padding-left: 10px !important;}&#8221;]<strong>airjust \u00ae<\/strong> \u00e8 stato sviluppato nel 2010 come un sistema flessibile di guide per abiti per uno showroom di un&#8217;agenzia di moda di Monaco.<\/p>\n<p><strong>airjust \u00ae<\/strong> \u00e8 prodotto esclusivamente a Monaco.<br \/>\nGli stendibiancheria sono realizzati in acciaio inossidabile V2A di alta qualit\u00e0, finemente spazzolato. I tubi sono inoltre spazzolati e lucidati a mano.<\/p>\n<p><strong>airjust \u00ae<\/strong> \u00e8 venduto in tutto il mondo in oltre 15 paesi. Da Roma New York. Da Monaco a Hong Kong.[\/vc_column_text][vc_single_image image=&#8221;4938&#8243; img_size=&#8221;600&#215;800&#8243;][\/vc_column][\/vc_row][vc_row gap=&#8221;3&#8243; equal_height=&#8221;yes&#8221; type=&#8221;boxed&#8221; css=&#8221;.vc_custom_1634567388391{margin-right: 3% !important;margin-left: 3% !important;}&#8221;][vc_column width=&#8221;1\/3&#8243;][interective_banner effects=&#8221;effect-milo&#8221; url=&#8221;url:https%3A%2F%2Fairjust.de%2Fit%2Fsistema-a-stendibiancheria%2F|title:Progetti&#8221; titlesize=&#8221;36&#8243; descsize=&#8221;20&#8243; clr=&#8221;#ffffff&#8221; descsizmbl=&#8221;12&#8243; image_id=&#8221;5495&#8243; title=&#8221;airjust \u00ae RETAIL&#8221; desc=&#8221;Retail System<br \/>\nStores<br \/>\nShowroom<br \/>\n\u00d6ffentlicher Raum&#8221; alt=&#8221;Stendibiancheria DA SOFFITTO&#8221; bgclr=&#8221;rgba(0,0,0,0.8)&#8221; caption_url=&#8221;&#8221;][\/vc_column][vc_column width=&#8221;1\/3&#8243;][interective_banner effects=&#8221;effect-milo&#8221; url=&#8221;url:https%3A%2F%2Fairjust.de%2Fit%2Fprogetti%2F|title:Projekte&#8221; titlesize=&#8221;36&#8243; descsize=&#8221;20&#8243; clr=&#8221;#ffffff&#8221; descsizmbl=&#8221;12&#8243; image_id=&#8221;5490&#8243; title=&#8221;Galeria&#8221; desc=&#8221;Progetti<br \/>\nNegozi<br \/>\nShowroom<br \/>\nAbbigliamento da sposa<br \/>\nGuardaroba&#8221; alt=&#8221;Kleiderstangensystem&#8221; bgclr=&#8221;rgba(0,0,0,0.82)&#8221; caption_url=&#8221;&#8221;][\/vc_column][vc_column width=&#8221;1\/3&#8243;][interective_banner effects=&#8221;effect-milo&#8221; url=&#8221;url:https%3A%2F%2Fairjust.de%2Fit%2Ffaq-download%2F|title:Projekte&#8221; titlesize=&#8221;36&#8243; descsize=&#8221;20&#8243; clr=&#8221;#ffffff&#8221; descsizmbl=&#8221;12&#8243; image_id=&#8221;5492&#8243; title=&#8221;Details&#8221; desc=&#8221;FAQ<br \/>\nMontaggio<br \/>\nScarica&#8221; bgclr=&#8221;rgba(0,0,0,0.81)&#8221; caption_url=&#8221;&#8221;][\/vc_column][\/vc_row]<\/p>\n<\/div>","protected":false},"excerpt":{"rendered":"<p>[vc_row][vc_column][vc_custom_heading text=&#8221;L&#8217;idea.&#8221; use_theme_fonts=&#8221;yes&#8221;][vc_column_text css=&#8221;.vc_custom_1637335584772{padding-top: 10px !important;padding-right: 10px !important;padding-bottom: 10px !important;padding-left: 10px !important;}&#8221;]L&#8217;idea alla base di airjust: un sistema per presentare la moda che \u00e8 tanto discreto quanto funzionale e che offre pi\u00f9 di un semplice appendiabiti. Non complicato nella gestione, per stare al passo con la velocit\u00e0 della moda. Flessibile, in modo che possa essere [&hellip;]<\/p>\n","protected":false},"author":4,"featured_media":0,"parent":0,"menu_order":0,"comment_status":"closed","ping_status":"closed","template":"","meta":{"footnotes":""},"class_list":["post-6263","page","type-page","status-publish","hentry"],"yoast_head":"<!-- This site is optimized with the Yoast SEO plugin v27.4 - https:\/\/yoast.com\/product\/yoast-seo-wordpress\/ -->\n<title>Su airjust | L&#039;appendiabiti galleggiante<\/title>\n<meta name=\"description\" content=\"airjust \u00ae sistema di guide per abiti per negozi di moda, showroom e come guardaroba per la casa. Design semplice in acciaio inossidabile prodotto in Germania.\" \/>\n<meta name=\"robots\" content=\"index, follow, max-snippet:-1, max-image-preview:large, max-video-preview:-1\" \/>\n<link rel=\"canonical\" href=\"https:\/\/airjust.de\/it\/su-airjust\/\" \/>\n<meta property=\"og:locale\" content=\"it_IT\" \/>\n<meta property=\"og:type\" content=\"article\" \/>\n<meta property=\"og:title\" content=\"Su airjust | L&#039;appendiabiti galleggiante\" \/>\n<meta property=\"og:description\" content=\"airjust \u00ae sistema di guide per abiti per negozi di moda, showroom e come guardaroba per la casa. Design semplice in acciaio inossidabile prodotto in Germania.\" \/>\n<meta property=\"og:url\" content=\"https:\/\/airjust.de\/it\/su-airjust\/\" \/>\n<meta property=\"og:site_name\" content=\"airjust Kleiderstange\" \/>\n<meta property=\"article:publisher\" content=\"https:\/\/www.facebook.com\/airjust33\/\" \/>\n<meta property=\"article:modified_time\" content=\"2021-11-22T12:35:59+00:00\" \/>\n<meta property=\"og:image\" content=\"https:\/\/airjust.de\/wp-content\/uploads\/2020\/03\/kleiderstange-deckenmontage-1.jpg\" \/>\n\t<meta property=\"og:image:width\" content=\"800\" \/>\n\t<meta property=\"og:image:height\" content=\"1096\" \/>\n\t<meta property=\"og:image:type\" content=\"image\/jpeg\" \/>\n<meta name=\"twitter:card\" content=\"summary_large_image\" \/>\n<meta name=\"twitter:label1\" content=\"Tempo di lettura stimato\" \/>\n\t<meta name=\"twitter:data1\" content=\"2 minuti\" \/>\n<script type=\"application\/ld+json\" class=\"yoast-schema-graph\">{\"@context\":\"https:\\\/\\\/schema.org\",\"@graph\":[{\"@type\":\"WebPage\",\"@id\":\"https:\\\/\\\/airjust.de\\\/it\\\/su-airjust\\\/\",\"url\":\"https:\\\/\\\/airjust.de\\\/it\\\/su-airjust\\\/\",\"name\":\"Su airjust | L'appendiabiti galleggiante\",\"isPartOf\":{\"@id\":\"https:\\\/\\\/airjust.de\\\/it\\\/#website\"},\"datePublished\":\"2021-11-22T12:28:10+00:00\",\"dateModified\":\"2021-11-22T12:35:59+00:00\",\"description\":\"airjust \u00ae sistema di guide per abiti per negozi di moda, showroom e come guardaroba per la casa. Design semplice in acciaio inossidabile prodotto in Germania.\",\"breadcrumb\":{\"@id\":\"https:\\\/\\\/airjust.de\\\/it\\\/su-airjust\\\/#breadcrumb\"},\"inLanguage\":\"it-IT\",\"potentialAction\":[{\"@type\":\"ReadAction\",\"target\":[\"https:\\\/\\\/airjust.de\\\/it\\\/su-airjust\\\/\"]}]},{\"@type\":\"BreadcrumbList\",\"@id\":\"https:\\\/\\\/airjust.de\\\/it\\\/su-airjust\\\/#breadcrumb\",\"itemListElement\":[{\"@type\":\"ListItem\",\"position\":1,\"name\":\"Startseite\",\"item\":\"https:\\\/\\\/airjust.de\\\/it\\\/\"},{\"@type\":\"ListItem\",\"position\":2,\"name\":\"Su airjust\"}]},{\"@type\":\"WebSite\",\"@id\":\"https:\\\/\\\/airjust.de\\\/it\\\/#website\",\"url\":\"https:\\\/\\\/airjust.de\\\/it\\\/\",\"name\":\"airjust Kleiderstange\",\"description\":\"airjust &reg; Webshop\",\"publisher\":{\"@id\":\"https:\\\/\\\/airjust.de\\\/it\\\/#organization\"},\"potentialAction\":[{\"@type\":\"SearchAction\",\"target\":{\"@type\":\"EntryPoint\",\"urlTemplate\":\"https:\\\/\\\/airjust.de\\\/it\\\/?s={search_term_string}\"},\"query-input\":{\"@type\":\"PropertyValueSpecification\",\"valueRequired\":true,\"valueName\":\"search_term_string\"}}],\"inLanguage\":\"it-IT\"},{\"@type\":\"Organization\",\"@id\":\"https:\\\/\\\/airjust.de\\\/it\\\/#organization\",\"name\":\"airjust\",\"url\":\"https:\\\/\\\/airjust.de\\\/it\\\/\",\"logo\":{\"@type\":\"ImageObject\",\"inLanguage\":\"it-IT\",\"@id\":\"https:\\\/\\\/airjust.de\\\/it\\\/#\\\/schema\\\/logo\\\/image\\\/\",\"url\":\"https:\\\/\\\/airjust.de\\\/wp-content\\\/uploads\\\/2019\\\/07\\\/bilder-shop.png\",\"contentUrl\":\"https:\\\/\\\/airjust.de\\\/wp-content\\\/uploads\\\/2019\\\/07\\\/bilder-shop.png\",\"width\":360,\"height\":110,\"caption\":\"airjust\"},\"image\":{\"@id\":\"https:\\\/\\\/airjust.de\\\/it\\\/#\\\/schema\\\/logo\\\/image\\\/\"},\"sameAs\":[\"https:\\\/\\\/www.facebook.com\\\/airjust33\\\/\",\"https:\\\/\\\/www.instagram.com\\\/airjust33\\\/\",\"https:\\\/\\\/www.pinterest.de\\\/raumform33\\\/\",\"https:\\\/\\\/www.youtube.com\\\/watch?v=qIuifbwBFg4\"]}]}<\/script>\n<!-- \/ Yoast SEO plugin. -->","yoast_head_json":{"title":"Su airjust | L'appendiabiti galleggiante","description":"airjust \u00ae sistema di guide per abiti per negozi di moda, showroom e come guardaroba per la casa. Design semplice in acciaio inossidabile prodotto in Germania.","robots":{"index":"index","follow":"follow","max-snippet":"max-snippet:-1","max-image-preview":"max-image-preview:large","max-video-preview":"max-video-preview:-1"},"canonical":"https:\/\/airjust.de\/it\/su-airjust\/","og_locale":"it_IT","og_type":"article","og_title":"Su airjust | L'appendiabiti galleggiante","og_description":"airjust \u00ae sistema di guide per abiti per negozi di moda, showroom e come guardaroba per la casa. Design semplice in acciaio inossidabile prodotto in Germania.","og_url":"https:\/\/airjust.de\/it\/su-airjust\/","og_site_name":"airjust Kleiderstange","article_publisher":"https:\/\/www.facebook.com\/airjust33\/","article_modified_time":"2021-11-22T12:35:59+00:00","og_image":[{"width":800,"height":1096,"url":"https:\/\/airjust.de\/wp-content\/uploads\/2020\/03\/kleiderstange-deckenmontage-1.jpg","type":"image\/jpeg"}],"twitter_card":"summary_large_image","twitter_misc":{"Tempo di lettura stimato":"2 minuti"},"schema":{"@context":"https:\/\/schema.org","@graph":[{"@type":"WebPage","@id":"https:\/\/airjust.de\/it\/su-airjust\/","url":"https:\/\/airjust.de\/it\/su-airjust\/","name":"Su airjust | L'appendiabiti galleggiante","isPartOf":{"@id":"https:\/\/airjust.de\/it\/#website"},"datePublished":"2021-11-22T12:28:10+00:00","dateModified":"2021-11-22T12:35:59+00:00","description":"airjust \u00ae sistema di guide per abiti per negozi di moda, showroom e come guardaroba per la casa. Design semplice in acciaio inossidabile prodotto in Germania.","breadcrumb":{"@id":"https:\/\/airjust.de\/it\/su-airjust\/#breadcrumb"},"inLanguage":"it-IT","potentialAction":[{"@type":"ReadAction","target":["https:\/\/airjust.de\/it\/su-airjust\/"]}]},{"@type":"BreadcrumbList","@id":"https:\/\/airjust.de\/it\/su-airjust\/#breadcrumb","itemListElement":[{"@type":"ListItem","position":1,"name":"Startseite","item":"https:\/\/airjust.de\/it\/"},{"@type":"ListItem","position":2,"name":"Su airjust"}]},{"@type":"WebSite","@id":"https:\/\/airjust.de\/it\/#website","url":"https:\/\/airjust.de\/it\/","name":"airjust Kleiderstange","description":"airjust &reg; Webshop","publisher":{"@id":"https:\/\/airjust.de\/it\/#organization"},"potentialAction":[{"@type":"SearchAction","target":{"@type":"EntryPoint","urlTemplate":"https:\/\/airjust.de\/it\/?s={search_term_string}"},"query-input":{"@type":"PropertyValueSpecification","valueRequired":true,"valueName":"search_term_string"}}],"inLanguage":"it-IT"},{"@type":"Organization","@id":"https:\/\/airjust.de\/it\/#organization","name":"airjust","url":"https:\/\/airjust.de\/it\/","logo":{"@type":"ImageObject","inLanguage":"it-IT","@id":"https:\/\/airjust.de\/it\/#\/schema\/logo\/image\/","url":"https:\/\/airjust.de\/wp-content\/uploads\/2019\/07\/bilder-shop.png","contentUrl":"https:\/\/airjust.de\/wp-content\/uploads\/2019\/07\/bilder-shop.png","width":360,"height":110,"caption":"airjust"},"image":{"@id":"https:\/\/airjust.de\/it\/#\/schema\/logo\/image\/"},"sameAs":["https:\/\/www.facebook.com\/airjust33\/","https:\/\/www.instagram.com\/airjust33\/","https:\/\/www.pinterest.de\/raumform33\/","https:\/\/www.youtube.com\/watch?v=qIuifbwBFg4"]}]}},"_links":{"self":[{"href":"https:\/\/airjust.de\/it\/wp-json\/wp\/v2\/pages\/6263","targetHints":{"allow":["GET"]}}],"collection":[{"href":"https:\/\/airjust.de\/it\/wp-json\/wp\/v2\/pages"}],"about":[{"href":"https:\/\/airjust.de\/it\/wp-json\/wp\/v2\/types\/page"}],"author":[{"embeddable":true,"href":"https:\/\/airjust.de\/it\/wp-json\/wp\/v2\/users\/4"}],"replies":[{"embeddable":true,"href":"https:\/\/airjust.de\/it\/wp-json\/wp\/v2\/comments?post=6263"}],"version-history":[{"count":0,"href":"https:\/\/airjust.de\/it\/wp-json\/wp\/v2\/pages\/6263\/revisions"}],"wp:attachment":[{"href":"https:\/\/airjust.de\/it\/wp-json\/wp\/v2\/media?parent=6263"}],"curies":[{"name":"wp","href":"https:\/\/api.w.org\/{rel}","templated":true}]}}