{"id":6091,"date":"2021-11-16T15:50:45","date_gmt":"2021-11-16T14:50:45","guid":{"rendered":"https:\/\/airjust.de\/spedizione-e-pagamento\/"},"modified":"2021-11-16T15:50:46","modified_gmt":"2021-11-16T14:50:46","slug":"spedizione-e-pagamento","status":"publish","type":"page","link":"https:\/\/airjust.de\/it\/spedizione-e-pagamento\/","title":{"rendered":"Spedizione e pagamento"},"content":{"rendered":"<div class=\"wpb-content-wrapper\"><p>[vc_row][vc_column][vc_column_text]<br \/>\n<strong>Informazioni sulla spedizione<\/strong><\/p>\n<p>Prezzi, costi di spedizione e informazioni sulla consegna:<\/p>\n<p>I prezzi indicati nelle pagine dei prodotti includono l&#8217;IVA legale e altre componenti del prezzo.<\/p>\n<p>Il webshop \u00e8 per utenti finali privati. I clienti commerciali possono contattarci direttamente.<\/p>\n<p>Oltre ai prezzi elencati, addebitiamo le seguenti spese di spedizione per ordine:<\/p>\n<p>Germania da 10,- EUR (IVA inclusa)<br \/>\nAustria da 15,- EUR (IVA inclusa)<br \/>\nSvizzera da 15,- EUR (DAP: dazio non pagato pi\u00f9 spese di importazione, dazi doganali e tasse pagate dal destinatario)<\/p>\n<p>EU1 (Paesi Bassi, Belgio, Lussemburgo)<br \/>\nda 15 EUR (IVA inclusa)<\/p>\n<p>EU3 (Inghilterra, Italia, Finlandia, Svezia, Irlanda, Portogallo, Spagna, Francia, Polonia)<br \/>\nda 19 EUR (IVA inclusa)<\/p>\n<p>All&#8217;estero (USA, Canada)<br \/>\nda 80 EUR (DAP: dazio non pagato pi\u00f9 spese di importazione, dazi doganali e tasse pagate dal destinatario)<\/p>\n<p>Un supplemento di lunghezza in eccesso di 8,00 EUR (IVA inclusa) sar\u00e0 addebitato per l&#8217;asta appendiabiti a partire da 130 cm di lunghezza.<\/p>\n<p>Se vuoi ordinare quantit\u00e0 maggiori, contattaci direttamente per le spese di spedizione.<\/p>\n<p>Per la consegna in altri paesi, contattateci pure.<\/p>\n<p>Le spese di spedizione esatte vi saranno comunicate chiaramente di nuovo nel sistema del carrello e nella pagina dell&#8217;ordine.<\/p>\n<p>La tariffa forfettaria di spedizione include l&#8217;imposta sul valore aggiunto prevista dalla legge. Non appena la sua consegna \u00e8 in viaggio, ricever\u00e0 una conferma via e-mail con il numero di tracking. Il tempo di spedizione per la spedizione standard in Germania \u00e8 solitamente di due giorni lavorativi.<\/p>\n<p>Si prega di notare che per i paesi al di fuori dell&#8217;UE, possono essere applicate tasse e dazi doganali. Questi saranno a carico del destinatario. Si prega di controllare con le autorit\u00e0 doganali locali.<\/p>\n<p>Quando si spedisce in Svizzera, si prega di notare che per le spedizioni di pacchi con i termini di spedizione DAP, DAP (sdoganato) e DDP (non tassato) con un valore della merce superiore a CHF 62.50, una commissione di presentazione sar\u00e0 addebitata. Viene addebitato per la fornitura di capitale e ammonta all&#8217;1,5 per cento dei dazi all&#8217;importazione, ma almeno a 8,00 CHF. Inoltre, ci sono delle spese amministrative di CHF 10.00 in ogni caso. Tuttavia, questi importi sono addebitati solo dal destinatario (importatore) se non ha un conto doganale (ZAZ).<\/p>\n<p>Se avete una ZAZ, vi preghiamo di indicarlo al momento dell&#8217;ordine.<\/p>\n<p>Se non diversamente indicato nel negozio, il tempo di consegna \u00e8 di 14 giorni lavorativi dal ricevimento del pagamento.<\/p>\n<p>&nbsp;<\/p>\n<p>Opzioni di pagamento<\/p>\n<p>Accettiamo i seguenti metodi di pagamento:<\/p>\n<p>Pagamento anticipato tramite bonifico bancario<br \/>\nPayPalPlus\u00ae:<br \/>\nPayPal<br \/>\nCarte di credito (VISA, Mastercard)<br \/>\nAddebito diretto (SEPA) solo per i clienti all&#8217;interno dell&#8217;UE[\/vc_column_text][\/vc_column][\/vc_row]<\/p>\n<\/div>","protected":false},"excerpt":{"rendered":"<p>[vc_row][vc_column][vc_column_text] Informazioni sulla spedizione Prezzi, costi di spedizione e informazioni sulla consegna: I prezzi indicati nelle pagine dei prodotti includono l&#8217;IVA legale e altre componenti del prezzo. Il webshop \u00e8 per utenti finali privati. I clienti commerciali possono contattarci direttamente. Oltre ai prezzi elencati, addebitiamo le seguenti spese di spedizione per ordine: Germania da 10,- [&hellip;]<\/p>\n","protected":false},"author":4,"featured_media":0,"parent":0,"menu_order":0,"comment_status":"closed","ping_status":"closed","template":"","meta":{"footnotes":""},"class_list":["post-6091","page","type-page","status-publish","hentry"],"yoast_head":"<!-- This site is optimized with the Yoast SEO plugin v27.4 - https:\/\/yoast.com\/product\/yoast-seo-wordpress\/ -->\n<title>Spedizione e pagamento | airjust Kleiderstange<\/title>\n<meta name=\"robots\" content=\"noindex, nofollow\" \/>\n<meta property=\"og:locale\" content=\"it_IT\" \/>\n<meta property=\"og:type\" content=\"article\" \/>\n<meta property=\"og:title\" content=\"Spedizione e pagamento | airjust Kleiderstange\" \/>\n<meta property=\"og:description\" content=\"[vc_row][vc_column][vc_column_text] Informazioni sulla spedizione Prezzi, costi di spedizione e informazioni sulla consegna: I prezzi indicati nelle pagine dei prodotti includono l&#8217;IVA legale e altre componenti del prezzo. Il webshop \u00e8 per utenti finali privati. I clienti commerciali possono contattarci direttamente. Oltre ai prezzi elencati, addebitiamo le seguenti spese di spedizione per ordine: Germania da 10,- [&hellip;]\" \/>\n<meta property=\"og:url\" content=\"https:\/\/airjust.de\/it\/spedizione-e-pagamento\/\" \/>\n<meta property=\"og:site_name\" content=\"airjust Kleiderstange\" \/>\n<meta property=\"article:publisher\" content=\"https:\/\/www.facebook.com\/airjust33\/\" \/>\n<meta property=\"article:modified_time\" content=\"2021-11-16T14:50:46+00:00\" \/>\n<meta property=\"og:image\" content=\"https:\/\/airjust.de\/wp-content\/uploads\/2020\/03\/kleiderstange-deckenmontage-1.jpg\" \/>\n\t<meta property=\"og:image:width\" content=\"800\" \/>\n\t<meta property=\"og:image:height\" content=\"1096\" \/>\n\t<meta property=\"og:image:type\" content=\"image\/jpeg\" \/>\n<meta name=\"twitter:card\" content=\"summary_large_image\" \/>\n<meta name=\"twitter:label1\" content=\"Tempo di lettura stimato\" \/>\n\t<meta name=\"twitter:data1\" content=\"2 minuti\" \/>\n<script type=\"application\/ld+json\" class=\"yoast-schema-graph\">{\"@context\":\"https:\\\/\\\/schema.org\",\"@graph\":[{\"@type\":\"WebPage\",\"@id\":\"https:\\\/\\\/airjust.de\\\/it\\\/spedizione-e-pagamento\\\/\",\"url\":\"https:\\\/\\\/airjust.de\\\/it\\\/spedizione-e-pagamento\\\/\",\"name\":\"Spedizione e pagamento | airjust Kleiderstange\",\"isPartOf\":{\"@id\":\"https:\\\/\\\/airjust.de\\\/it\\\/#website\"},\"datePublished\":\"2021-11-16T14:50:45+00:00\",\"dateModified\":\"2021-11-16T14:50:46+00:00\",\"breadcrumb\":{\"@id\":\"https:\\\/\\\/airjust.de\\\/it\\\/spedizione-e-pagamento\\\/#breadcrumb\"},\"inLanguage\":\"it-IT\",\"potentialAction\":[{\"@type\":\"ReadAction\",\"target\":[\"https:\\\/\\\/airjust.de\\\/it\\\/spedizione-e-pagamento\\\/\"]}]},{\"@type\":\"BreadcrumbList\",\"@id\":\"https:\\\/\\\/airjust.de\\\/it\\\/spedizione-e-pagamento\\\/#breadcrumb\",\"itemListElement\":[{\"@type\":\"ListItem\",\"position\":1,\"name\":\"Startseite\",\"item\":\"https:\\\/\\\/airjust.de\\\/it\\\/\"},{\"@type\":\"ListItem\",\"position\":2,\"name\":\"Spedizione e pagamento\"}]},{\"@type\":\"WebSite\",\"@id\":\"https:\\\/\\\/airjust.de\\\/it\\\/#website\",\"url\":\"https:\\\/\\\/airjust.de\\\/it\\\/\",\"name\":\"airjust Kleiderstange\",\"description\":\"airjust &reg; Webshop\",\"publisher\":{\"@id\":\"https:\\\/\\\/airjust.de\\\/it\\\/#organization\"},\"potentialAction\":[{\"@type\":\"SearchAction\",\"target\":{\"@type\":\"EntryPoint\",\"urlTemplate\":\"https:\\\/\\\/airjust.de\\\/it\\\/?s={search_term_string}\"},\"query-input\":{\"@type\":\"PropertyValueSpecification\",\"valueRequired\":true,\"valueName\":\"search_term_string\"}}],\"inLanguage\":\"it-IT\"},{\"@type\":\"Organization\",\"@id\":\"https:\\\/\\\/airjust.de\\\/it\\\/#organization\",\"name\":\"airjust\",\"url\":\"https:\\\/\\\/airjust.de\\\/it\\\/\",\"logo\":{\"@type\":\"ImageObject\",\"inLanguage\":\"it-IT\",\"@id\":\"https:\\\/\\\/airjust.de\\\/it\\\/#\\\/schema\\\/logo\\\/image\\\/\",\"url\":\"https:\\\/\\\/airjust.de\\\/wp-content\\\/uploads\\\/2019\\\/07\\\/bilder-shop.png\",\"contentUrl\":\"https:\\\/\\\/airjust.de\\\/wp-content\\\/uploads\\\/2019\\\/07\\\/bilder-shop.png\",\"width\":360,\"height\":110,\"caption\":\"airjust\"},\"image\":{\"@id\":\"https:\\\/\\\/airjust.de\\\/it\\\/#\\\/schema\\\/logo\\\/image\\\/\"},\"sameAs\":[\"https:\\\/\\\/www.facebook.com\\\/airjust33\\\/\",\"https:\\\/\\\/www.instagram.com\\\/airjust33\\\/\",\"https:\\\/\\\/www.pinterest.de\\\/raumform33\\\/\",\"https:\\\/\\\/www.youtube.com\\\/watch?v=qIuifbwBFg4\"]}]}<\/script>\n<!-- \/ Yoast SEO plugin. -->","yoast_head_json":{"title":"Spedizione e pagamento | airjust Kleiderstange","robots":{"index":"noindex","follow":"nofollow"},"og_locale":"it_IT","og_type":"article","og_title":"Spedizione e pagamento | airjust Kleiderstange","og_description":"[vc_row][vc_column][vc_column_text] Informazioni sulla spedizione Prezzi, costi di spedizione e informazioni sulla consegna: I prezzi indicati nelle pagine dei prodotti includono l&#8217;IVA legale e altre componenti del prezzo. Il webshop \u00e8 per utenti finali privati. I clienti commerciali possono contattarci direttamente. Oltre ai prezzi elencati, addebitiamo le seguenti spese di spedizione per ordine: Germania da 10,- [&hellip;]","og_url":"https:\/\/airjust.de\/it\/spedizione-e-pagamento\/","og_site_name":"airjust Kleiderstange","article_publisher":"https:\/\/www.facebook.com\/airjust33\/","article_modified_time":"2021-11-16T14:50:46+00:00","og_image":[{"width":800,"height":1096,"url":"https:\/\/airjust.de\/wp-content\/uploads\/2020\/03\/kleiderstange-deckenmontage-1.jpg","type":"image\/jpeg"}],"twitter_card":"summary_large_image","twitter_misc":{"Tempo di lettura stimato":"2 minuti"},"schema":{"@context":"https:\/\/schema.org","@graph":[{"@type":"WebPage","@id":"https:\/\/airjust.de\/it\/spedizione-e-pagamento\/","url":"https:\/\/airjust.de\/it\/spedizione-e-pagamento\/","name":"Spedizione e pagamento | airjust Kleiderstange","isPartOf":{"@id":"https:\/\/airjust.de\/it\/#website"},"datePublished":"2021-11-16T14:50:45+00:00","dateModified":"2021-11-16T14:50:46+00:00","breadcrumb":{"@id":"https:\/\/airjust.de\/it\/spedizione-e-pagamento\/#breadcrumb"},"inLanguage":"it-IT","potentialAction":[{"@type":"ReadAction","target":["https:\/\/airjust.de\/it\/spedizione-e-pagamento\/"]}]},{"@type":"BreadcrumbList","@id":"https:\/\/airjust.de\/it\/spedizione-e-pagamento\/#breadcrumb","itemListElement":[{"@type":"ListItem","position":1,"name":"Startseite","item":"https:\/\/airjust.de\/it\/"},{"@type":"ListItem","position":2,"name":"Spedizione e pagamento"}]},{"@type":"WebSite","@id":"https:\/\/airjust.de\/it\/#website","url":"https:\/\/airjust.de\/it\/","name":"airjust Kleiderstange","description":"airjust &reg; Webshop","publisher":{"@id":"https:\/\/airjust.de\/it\/#organization"},"potentialAction":[{"@type":"SearchAction","target":{"@type":"EntryPoint","urlTemplate":"https:\/\/airjust.de\/it\/?s={search_term_string}"},"query-input":{"@type":"PropertyValueSpecification","valueRequired":true,"valueName":"search_term_string"}}],"inLanguage":"it-IT"},{"@type":"Organization","@id":"https:\/\/airjust.de\/it\/#organization","name":"airjust","url":"https:\/\/airjust.de\/it\/","logo":{"@type":"ImageObject","inLanguage":"it-IT","@id":"https:\/\/airjust.de\/it\/#\/schema\/logo\/image\/","url":"https:\/\/airjust.de\/wp-content\/uploads\/2019\/07\/bilder-shop.png","contentUrl":"https:\/\/airjust.de\/wp-content\/uploads\/2019\/07\/bilder-shop.png","width":360,"height":110,"caption":"airjust"},"image":{"@id":"https:\/\/airjust.de\/it\/#\/schema\/logo\/image\/"},"sameAs":["https:\/\/www.facebook.com\/airjust33\/","https:\/\/www.instagram.com\/airjust33\/","https:\/\/www.pinterest.de\/raumform33\/","https:\/\/www.youtube.com\/watch?v=qIuifbwBFg4"]}]}},"_links":{"self":[{"href":"https:\/\/airjust.de\/it\/wp-json\/wp\/v2\/pages\/6091","targetHints":{"allow":["GET"]}}],"collection":[{"href":"https:\/\/airjust.de\/it\/wp-json\/wp\/v2\/pages"}],"about":[{"href":"https:\/\/airjust.de\/it\/wp-json\/wp\/v2\/types\/page"}],"author":[{"embeddable":true,"href":"https:\/\/airjust.de\/it\/wp-json\/wp\/v2\/users\/4"}],"replies":[{"embeddable":true,"href":"https:\/\/airjust.de\/it\/wp-json\/wp\/v2\/comments?post=6091"}],"version-history":[{"count":0,"href":"https:\/\/airjust.de\/it\/wp-json\/wp\/v2\/pages\/6091\/revisions"}],"wp:attachment":[{"href":"https:\/\/airjust.de\/it\/wp-json\/wp\/v2\/media?parent=6091"}],"curies":[{"name":"wp","href":"https:\/\/api.w.org\/{rel}","templated":true}]}}