{"id":6064,"date":"2019-06-27T22:03:07","date_gmt":"2019-06-27T20:03:07","guid":{"rendered":"https:\/\/airjust.de\/datenschutzerklaerung\/"},"modified":"2024-09-02T18:54:40","modified_gmt":"2024-09-02T16:54:40","slug":"datenschutzerklaerung","status":"publish","type":"page","link":"https:\/\/airjust.de\/it\/datenschutzerklaerung\/","title":{"rendered":"Informativa sulla privacy"},"content":{"rendered":"<div class=\"wpb-content-wrapper\"><p>[vc_row][vc_column][vc_column_text]&nbsp;<\/p>\n<p>**1. PANORAMICA DELLA PROTEZIONE DEI DATI**<\/p>\n<p>**Informazioni generali**<\/p>\n<p>Le seguenti informazioni forniscono una semplice panoramica di ci\u00f2 che accade ai tuoi dati personali quando visiti il nostro sito web. I dati personali sono tutti quei dati che permettono di identificarti personalmente. Per informazioni dettagliate sulla protezione dei dati, consulta la nostra dichiarazione sulla privacy riportata di seguito.<\/p>\n<p>**Raccolta dei dati sul nostro sito web**<\/p>\n<p>**Chi \u00e8 responsabile della raccolta dei dati su questo sito?**<\/p>\n<p>Il trattamento dei dati su questo sito \u00e8 effettuato dall&#8217;operatore del sito web. Puoi trovare i suoi contatti nelle note legali di questo sito.<\/p>\n<p>**Come raccogliamo i tuoi dati?**<\/p>\n<p>I tuoi dati vengono raccolti, da un lato, attraverso le informazioni che ci fornisci. Questo pu\u00f2 avvenire, ad esempio, attraverso i dati che inserisci in un modulo di contatto.<\/p>\n<p>Altri dati vengono raccolti automaticamente dai nostri sistemi informatici quando visiti il sito. Si tratta principalmente di dati tecnici (es. browser Internet, sistema operativo o orario di accesso alla pagina). La raccolta di questi dati avviene automaticamente non appena accedi al nostro sito web.<\/p>\n<p>**Per cosa utilizziamo i tuoi dati?**<\/p>\n<p>Parte dei dati viene raccolta per garantire la fornitura senza errori del sito web. Altri dati possono essere utilizzati per analizzare il tuo comportamento di utilizzo.<\/p>\n<p>**Quali sono i tuoi diritti riguardo ai tuoi dati?**<\/p>\n<p>Hai il diritto di ricevere gratuitamente e in qualsiasi momento informazioni sull&#8217;origine, il destinatario e lo scopo dei tuoi dati personali memorizzati. Hai anche il diritto di richiedere la rettifica, il blocco o la cancellazione di tali dati. A tale scopo, nonch\u00e9 per ulteriori domande sulla protezione dei dati, puoi contattarci in qualsiasi momento all&#8217;indirizzo indicato nelle note legali. Inoltre, hai il diritto di presentare un reclamo all&#8217;autorit\u00e0 di controllo competente.<\/p>\n<p>**Strumenti di analisi e strumenti di terze parti**<\/p>\n<p>Quando visiti il nostro sito web, il tuo comportamento di navigazione pu\u00f2 essere analizzato statisticamente. Questo avviene principalmente tramite cookie e programmi di analisi. L&#8217;analisi del tuo comportamento di navigazione \u00e8 generalmente anonima; il comportamento di navigazione non pu\u00f2 essere ricondotto a te. Puoi opporti a questa analisi o evitarla non utilizzando determinati strumenti. Per informazioni dettagliate a riguardo, consulta la dichiarazione sulla privacy qui di seguito.<\/p>\n<p>**Quali dati raccogliamo da te?**<\/p>\n<p>Durante l&#8217;accesso e l&#8217;utilizzo di questa pagina<\/p>\n<p>Dati di accesso:<\/p>\n<p>\u00b7 Indirizzo IP,<\/p>\n<p>\u00b7 Orario di accesso,<\/p>\n<p>\u00b7 Risorsa richiesta,<\/p>\n<p>\u00b7 Stato,<\/p>\n<p>\u00b7 Quantit\u00e0 di dati trasferiti e<\/p>\n<p>\u00b7 Durata del trasferimento dei dati;<\/p>\n<p>\u00b7 Provenienza dell&#8217;accesso alla pagina,<\/p>\n<p>\u00b7 Nome e versione del software del browser.<\/p>\n<p>In base ai tuoi inserimenti nei moduli e agli ordini tramite il nostro negozio online:<\/p>\n<p>Azienda\/Organizzazione,<br \/>\nTitolo,<br \/>\nCognome,<br \/>\nNome,<br \/>\nVia,<br \/>\nNumero civico,<br \/>\nCAP,<br \/>\nCitt\u00e0,<br \/>\nNumero di telefono,<br \/>\nIndirizzo e-mail.<\/p>\n<p>**Come gestiamo le e-mail in arrivo?**<\/p>\n<p>Sul sito web di Raumform33, troverai pulsanti &#8220;Contatto&#8221;, attraverso i quali si aprir\u00e0 il tuo programma di posta elettronica per inviare un messaggio a una casella di posta specifica.<\/p>\n<p>Se ci invii un tale messaggio, i tuoi dati personali verranno raccolti solo nella misura necessaria a rispondere alla tua richiesta.<\/p>\n<p>&#8212;<\/p>\n<p>**2. INFORMAZIONI GENERALI E OBBLIGHI LEGALI**<\/p>\n<p>**Protezione dei dati**<\/p>\n<p>Gli operatori di queste pagine prendono molto sul serio la protezione dei tuoi dati personali. Trattiamo i tuoi dati personali in modo confidenziale e in conformit\u00e0 con le normative legali sulla protezione dei dati e con questa dichiarazione sulla privacy.<\/p>\n<p>Quando utilizzi questo sito web, vengono raccolti vari dati personali. I dati personali sono quei dati con i quali \u00e8 possibile identificarti personalmente. Questa dichiarazione sulla privacy spiega quali dati raccogliamo e per quale scopo li utilizziamo. Spiega anche come e per quale scopo ci\u00f2 avviene.<\/p>\n<p>Ti ricordiamo che la trasmissione di dati su Internet (es. comunicazione via e-mail) pu\u00f2 presentare falle di sicurezza. Non \u00e8 possibile una protezione completa dei dati contro l&#8217;accesso da parte di terzi.<\/p>\n<p>Il responsabile della raccolta, del trattamento e dell&#8217;utilizzo dei tuoi dati personali ai sensi della legge federale sulla protezione dei dati \u00e8 Guido Schmitz RaumForm33 (di seguito: RaumForm33). Se desideri opporti alla raccolta, al trattamento o all&#8217;utilizzo dei tuoi dati da parte di RaumForm33 in conformit\u00e0 con le disposizioni di questa informativa sulla privacy nel suo complesso o per singole misure, puoi inviare la tua opposizione tramite e-mail, fax o lettera ai seguenti contatti:<\/p>\n<p>Guido Schmitz RaumForm33<\/p>\n<p>Baaderstr. 16<\/p>\n<p>80469 Monaco<\/p>\n<p>info@raumform33.de<\/p>\n<p>Puoi anche ottenere in qualsiasi momento informazioni gratuite sui dati memorizzati da noi.<\/p>\n<p>**DATI PERSONALI, UTILIZZO, TRATTAMENTO, RACCOLTA**<\/p>\n<p>In generale, non raccogliamo dati personali, a meno che tu non ce li fornisca per eseguire un contratto o nell&#8217;ambito di un altro contatto. Rispettiamo le disposizioni legali. Senza il tuo consenso esplicito, i tuoi dati verranno utilizzati solo nella misura necessaria per soddisfare la tua richiesta. Per scopi di marketing di terze parti, possono essere trasmessi solo i dati pubblicamente disponibili e alcuni dati aggregati in elenchi conformi al \u00a7 28 comma 3 frase 2 e 4 della legge federale sulla protezione dei dati.<\/p>\n<p>&#8212;<\/p>\n<p>**Possibilit\u00e0 di contatto tramite il sito web**<\/p>\n<p>Il sito web di RaumForm33 contiene informazioni legali che consentono un rapido contatto elettronico con la nostra azienda, nonch\u00e9 una comunicazione diretta con noi, inclusa un&#8217;indirizzo generale di &#8220;posta elettronica&#8221; (indirizzo e-mail). Se una persona interessata contatta il responsabile del trattamento tramite e-mail o tramite un modulo di contatto, i dati personali trasmessi dalla persona interessata vengono automaticamente memorizzati. Questi dati personali trasmessi volontariamente da una persona interessata al responsabile del trattamento sono conservati con lo scopo di elaborare o contattare la persona interessata. Non c&#8217;\u00e8 trasmissione di questi dati personali a terze parti.<\/p>\n<p>**RACCOLTA DATI SUL NOSTRO SITO WEB**<\/p>\n<p>**COOKIE**<\/p>\n<p>Il nostro sito web utilizza i cosiddetti &#8220;cookie&#8221;. Questi sono destinati a rendere la nostra presenza online complessivamente pi\u00f9 facile da usare, pi\u00f9 efficace e pi\u00f9 sicura. Ad esempio, servono ad accelerare la navigazione sul nostro sito web. Misuriamo anche la frequenza di accesso alle pagine e la navigazione generale.<\/p>\n<p>I cookie sono piccoli file di testo che vengono salvati sul tuo sistema informatico. Questi sono generalmente &#8220;cookie di sessione&#8221; quando vengono trasferiti dai nostri server al tuo sistema informatico. Questi &#8220;cookie di sessione&#8221; vengono automaticamente cancellati dal tuo disco rigido alla fine della sessione di navigazione. Altri cookie vengono memorizzati sul tuo sistema informatico e ci permettono di riconoscerlo alla tua prossima visita. Se il tuo browser lo consente, puoi rifiutare i cookie in qualsiasi momento. Tuttavia, alcune funzioni del nostro sito web potrebbero non essere disponibili o solo in misura limitata.<\/p>\n<p>**File di registro del server**<\/p>\n<p>Il fornitore delle pagine raccoglie e memorizza automaticamente informazioni nei cosiddetti file di registro del server, che il tuo browser ci trasmette automaticamente. Si tratta delle seguenti informazioni:<\/p>\n<p>Tipo e versione del browser<br \/>\nSistema operativo utilizzato<br \/>\nURL di provenienza<br \/>\nNome host del computer di accesso<br \/>\nOra della richiesta del server<br \/>\nIndirizzo IP<\/p>\n<p>Non vi \u00e8 alcuna combinazione di questi dati con altre fonti di dati.<\/p>\n<p>La base giuridica per il trattamento dei dati \u00e8 l&#8217;articolo 6, paragrafo 1, lettera f del DSGVO, che consente il trattamento dei dati per l&#8217;esecuzione di un contratto o di misure precontrattuali.<\/p>\n<p>**Modulo di contatto**<\/p>\n<p>Se ci invii richieste tramite il modulo di contatto, i tuoi dati, inclusi quelli che hai inserito, verranno memorizzati presso di noi allo scopo di elaborare la richiesta e per eventuali domande successive. Non trasmettiamo questi dati senza il tuo consenso.<\/p>\n<p>Il trattamento dei dati inseriti nel modulo di contatto avviene quindi esclusivamente sulla base del tuo consenso (articolo 6, paragrafo 1, lettera a del DSGVO). Puoi revocare questo consenso in qualsiasi momento. \u00c8 sufficiente inviarci un messaggio informale via e-mail. La legittimit\u00e0 del trattamento dei dati effettuato fino alla revoca rimane inalterata dalla revoca stessa.<\/p>\n<p>I dati che hai inserito nel modulo di contatto rimarranno presso di noi fino a quando non ci richiederai di cancellarli, revo<\/p>\n<p>cherai il tuo consenso alla memorizzazione o lo scopo della memorizzazione dei dati non sar\u00e0 pi\u00f9 valido (es. una volta completata la tua richiesta). Le disposizioni legali obbligatorie, in particolare i periodi di conservazione, rimangono inalterate.<\/p>\n<p>**Trattamento dei dati (dati cliente e contratto)**<\/p>\n<p>Raccogliamo, trattiamo e utilizziamo dati personali solo nella misura necessaria per l&#8217;instaurazione, il contenuto o la modifica del rapporto giuridico (dati di inventario). Ci\u00f2 avviene sulla base dell&#8217;articolo 6, paragrafo 1, lettera b del DSGVO, che consente il trattamento dei dati per l&#8217;esecuzione di un contratto o di misure precontrattuali.<\/p>\n<p>Raccogliamo, trattiamo e utilizziamo dati personali sull&#8217;utilizzo del nostro sito web (dati di utilizzo) solo nella misura necessaria per consentire all&#8217;utente di utilizzare il servizio o per fatturarlo.<\/p>\n<p>I dati del cliente raccolti verranno cancellati dopo l&#8217;esecuzione dell&#8217;ordine o la conclusione del rapporto commerciale. I periodi di conservazione legali rimangono inalterati.<\/p>\n<p>**Trasmissione dei dati alla conclusione di un contratto per il negozio online, rivenditori e spedizione di merci**<\/p>\n<p>Trasmettiamo dati personali a terzi solo se necessario nell&#8217;ambito dell&#8217;esecuzione del contratto, ad esempio all&#8217;azienda incaricata della consegna della merce o all&#8217;istituto di credito incaricato dell&#8217;elaborazione del pagamento. Non avviene una trasmissione ulteriore dei dati o solo se hai espressamente acconsentito alla trasmissione. Non avviene una trasmissione dei tuoi dati a terzi senza esplicito consenso, ad esempio a fini pubblicitari.<\/p>\n<p>La base del trattamento dei dati \u00e8 l&#8217;articolo 6, paragrafo 1, lettera b del DSGVO, che consente il trattamento dei dati per l&#8217;esecuzione di un contratto o di misure precontrattuali.<\/p>\n<p>**Diritto di accesso, cancellazione e blocco**<\/p>\n<p>Hai il diritto di ottenere gratuitamente in qualsiasi momento informazioni sui dati personali che memorizziamo su di te, sulla loro origine, sui destinatari e sullo scopo del trattamento dei dati e, se necessario, hai il diritto di rettifica, blocco o cancellazione di tali dati. Per domande su questo argomento o su altri temi relativi ai dati personali, puoi contattarci in qualsiasi momento all&#8217;indirizzo indicato nelle note legali.<\/p>\n<p>**Opposizione alle e-mail pubblicitarie**<\/p>\n<p>L&#8217;utilizzo dei dati di contatto pubblicati nell&#8217;ambito dell&#8217;obbligo di impressum per l&#8217;invio di pubblicit\u00e0 non richiesta e di materiale informativo \u00e8 qui espressamente vietato. I gestori di queste pagine si riservano espressamente il diritto di intraprendere azioni legali in caso di invio non richiesto di informazioni pubblicitarie, come ad esempio tramite spam.<\/p>\n<p>&#8212;[\/vc_column_text][\/vc_column][\/vc_row]<\/p>\n<\/div>","protected":false},"excerpt":{"rendered":"<p>[vc_row][vc_column][vc_column_text]&nbsp; **1. PANORAMICA DELLA PROTEZIONE DEI DATI** **Informazioni generali** Le seguenti informazioni forniscono una semplice panoramica di ci\u00f2 che accade ai tuoi dati personali quando visiti il nostro sito web. I dati personali sono tutti quei dati che permettono di identificarti personalmente. Per informazioni dettagliate sulla protezione dei dati, consulta la nostra dichiarazione sulla privacy [&hellip;]<\/p>\n","protected":false},"author":4,"featured_media":0,"parent":0,"menu_order":0,"comment_status":"closed","ping_status":"closed","template":"","meta":{"footnotes":""},"class_list":["post-6064","page","type-page","status-publish","hentry"],"yoast_head":"<!-- This site is optimized with the Yoast SEO plugin v27.4 - https:\/\/yoast.com\/product\/yoast-seo-wordpress\/ -->\n<title>Informativa sulla privacy | airjust Kleiderstange<\/title>\n<meta name=\"robots\" content=\"noindex, nofollow\" \/>\n<meta property=\"og:locale\" content=\"it_IT\" \/>\n<meta property=\"og:type\" content=\"article\" \/>\n<meta property=\"og:title\" content=\"Informativa sulla privacy | airjust Kleiderstange\" \/>\n<meta property=\"og:description\" content=\"[vc_row][vc_column][vc_column_text]&nbsp; **1. PANORAMICA DELLA PROTEZIONE DEI DATI** **Informazioni generali** Le seguenti informazioni forniscono una semplice panoramica di ci\u00f2 che accade ai tuoi dati personali quando visiti il nostro sito web. I dati personali sono tutti quei dati che permettono di identificarti personalmente. Per informazioni dettagliate sulla protezione dei dati, consulta la nostra dichiarazione sulla privacy [&hellip;]\" \/>\n<meta property=\"og:url\" content=\"https:\/\/airjust.de\/it\/datenschutzerklaerung\/\" \/>\n<meta property=\"og:site_name\" content=\"airjust Kleiderstange\" \/>\n<meta property=\"article:publisher\" content=\"https:\/\/www.facebook.com\/airjust33\/\" \/>\n<meta property=\"article:modified_time\" content=\"2024-09-02T16:54:40+00:00\" \/>\n<meta property=\"og:image\" content=\"https:\/\/airjust.de\/wp-content\/uploads\/2020\/03\/kleiderstange-deckenmontage-1.jpg\" \/>\n\t<meta property=\"og:image:width\" content=\"800\" \/>\n\t<meta property=\"og:image:height\" content=\"1096\" \/>\n\t<meta property=\"og:image:type\" content=\"image\/jpeg\" \/>\n<meta name=\"twitter:card\" content=\"summary_large_image\" \/>\n<meta name=\"twitter:label1\" content=\"Tempo di lettura stimato\" \/>\n\t<meta name=\"twitter:data1\" content=\"8 minuti\" \/>\n<script type=\"application\/ld+json\" class=\"yoast-schema-graph\">{\"@context\":\"https:\\\/\\\/schema.org\",\"@graph\":[{\"@type\":\"WebPage\",\"@id\":\"https:\\\/\\\/airjust.de\\\/it\\\/datenschutzerklaerung\\\/\",\"url\":\"https:\\\/\\\/airjust.de\\\/it\\\/datenschutzerklaerung\\\/\",\"name\":\"Informativa sulla privacy | airjust Kleiderstange\",\"isPartOf\":{\"@id\":\"https:\\\/\\\/airjust.de\\\/it\\\/#website\"},\"datePublished\":\"2019-06-27T20:03:07+00:00\",\"dateModified\":\"2024-09-02T16:54:40+00:00\",\"breadcrumb\":{\"@id\":\"https:\\\/\\\/airjust.de\\\/it\\\/datenschutzerklaerung\\\/#breadcrumb\"},\"inLanguage\":\"it-IT\",\"potentialAction\":[{\"@type\":\"ReadAction\",\"target\":[\"https:\\\/\\\/airjust.de\\\/it\\\/datenschutzerklaerung\\\/\"]}]},{\"@type\":\"BreadcrumbList\",\"@id\":\"https:\\\/\\\/airjust.de\\\/it\\\/datenschutzerklaerung\\\/#breadcrumb\",\"itemListElement\":[{\"@type\":\"ListItem\",\"position\":1,\"name\":\"Startseite\",\"item\":\"https:\\\/\\\/airjust.de\\\/it\\\/\"},{\"@type\":\"ListItem\",\"position\":2,\"name\":\"Informativa sulla privacy\"}]},{\"@type\":\"WebSite\",\"@id\":\"https:\\\/\\\/airjust.de\\\/it\\\/#website\",\"url\":\"https:\\\/\\\/airjust.de\\\/it\\\/\",\"name\":\"airjust Kleiderstange\",\"description\":\"airjust &reg; Webshop\",\"publisher\":{\"@id\":\"https:\\\/\\\/airjust.de\\\/it\\\/#organization\"},\"potentialAction\":[{\"@type\":\"SearchAction\",\"target\":{\"@type\":\"EntryPoint\",\"urlTemplate\":\"https:\\\/\\\/airjust.de\\\/it\\\/?s={search_term_string}\"},\"query-input\":{\"@type\":\"PropertyValueSpecification\",\"valueRequired\":true,\"valueName\":\"search_term_string\"}}],\"inLanguage\":\"it-IT\"},{\"@type\":\"Organization\",\"@id\":\"https:\\\/\\\/airjust.de\\\/it\\\/#organization\",\"name\":\"airjust\",\"url\":\"https:\\\/\\\/airjust.de\\\/it\\\/\",\"logo\":{\"@type\":\"ImageObject\",\"inLanguage\":\"it-IT\",\"@id\":\"https:\\\/\\\/airjust.de\\\/it\\\/#\\\/schema\\\/logo\\\/image\\\/\",\"url\":\"https:\\\/\\\/airjust.de\\\/wp-content\\\/uploads\\\/2019\\\/07\\\/bilder-shop.png\",\"contentUrl\":\"https:\\\/\\\/airjust.de\\\/wp-content\\\/uploads\\\/2019\\\/07\\\/bilder-shop.png\",\"width\":360,\"height\":110,\"caption\":\"airjust\"},\"image\":{\"@id\":\"https:\\\/\\\/airjust.de\\\/it\\\/#\\\/schema\\\/logo\\\/image\\\/\"},\"sameAs\":[\"https:\\\/\\\/www.facebook.com\\\/airjust33\\\/\",\"https:\\\/\\\/www.instagram.com\\\/airjust33\\\/\",\"https:\\\/\\\/www.pinterest.de\\\/raumform33\\\/\",\"https:\\\/\\\/www.youtube.com\\\/watch?v=qIuifbwBFg4\"]}]}<\/script>\n<!-- \/ Yoast SEO plugin. -->","yoast_head_json":{"title":"Informativa sulla privacy | airjust Kleiderstange","robots":{"index":"noindex","follow":"nofollow"},"og_locale":"it_IT","og_type":"article","og_title":"Informativa sulla privacy | airjust Kleiderstange","og_description":"[vc_row][vc_column][vc_column_text]&nbsp; **1. PANORAMICA DELLA PROTEZIONE DEI DATI** **Informazioni generali** Le seguenti informazioni forniscono una semplice panoramica di ci\u00f2 che accade ai tuoi dati personali quando visiti il nostro sito web. I dati personali sono tutti quei dati che permettono di identificarti personalmente. Per informazioni dettagliate sulla protezione dei dati, consulta la nostra dichiarazione sulla privacy [&hellip;]","og_url":"https:\/\/airjust.de\/it\/datenschutzerklaerung\/","og_site_name":"airjust Kleiderstange","article_publisher":"https:\/\/www.facebook.com\/airjust33\/","article_modified_time":"2024-09-02T16:54:40+00:00","og_image":[{"width":800,"height":1096,"url":"https:\/\/airjust.de\/wp-content\/uploads\/2020\/03\/kleiderstange-deckenmontage-1.jpg","type":"image\/jpeg"}],"twitter_card":"summary_large_image","twitter_misc":{"Tempo di lettura stimato":"8 minuti"},"schema":{"@context":"https:\/\/schema.org","@graph":[{"@type":"WebPage","@id":"https:\/\/airjust.de\/it\/datenschutzerklaerung\/","url":"https:\/\/airjust.de\/it\/datenschutzerklaerung\/","name":"Informativa sulla privacy | airjust Kleiderstange","isPartOf":{"@id":"https:\/\/airjust.de\/it\/#website"},"datePublished":"2019-06-27T20:03:07+00:00","dateModified":"2024-09-02T16:54:40+00:00","breadcrumb":{"@id":"https:\/\/airjust.de\/it\/datenschutzerklaerung\/#breadcrumb"},"inLanguage":"it-IT","potentialAction":[{"@type":"ReadAction","target":["https:\/\/airjust.de\/it\/datenschutzerklaerung\/"]}]},{"@type":"BreadcrumbList","@id":"https:\/\/airjust.de\/it\/datenschutzerklaerung\/#breadcrumb","itemListElement":[{"@type":"ListItem","position":1,"name":"Startseite","item":"https:\/\/airjust.de\/it\/"},{"@type":"ListItem","position":2,"name":"Informativa sulla privacy"}]},{"@type":"WebSite","@id":"https:\/\/airjust.de\/it\/#website","url":"https:\/\/airjust.de\/it\/","name":"airjust Kleiderstange","description":"airjust &reg; Webshop","publisher":{"@id":"https:\/\/airjust.de\/it\/#organization"},"potentialAction":[{"@type":"SearchAction","target":{"@type":"EntryPoint","urlTemplate":"https:\/\/airjust.de\/it\/?s={search_term_string}"},"query-input":{"@type":"PropertyValueSpecification","valueRequired":true,"valueName":"search_term_string"}}],"inLanguage":"it-IT"},{"@type":"Organization","@id":"https:\/\/airjust.de\/it\/#organization","name":"airjust","url":"https:\/\/airjust.de\/it\/","logo":{"@type":"ImageObject","inLanguage":"it-IT","@id":"https:\/\/airjust.de\/it\/#\/schema\/logo\/image\/","url":"https:\/\/airjust.de\/wp-content\/uploads\/2019\/07\/bilder-shop.png","contentUrl":"https:\/\/airjust.de\/wp-content\/uploads\/2019\/07\/bilder-shop.png","width":360,"height":110,"caption":"airjust"},"image":{"@id":"https:\/\/airjust.de\/it\/#\/schema\/logo\/image\/"},"sameAs":["https:\/\/www.facebook.com\/airjust33\/","https:\/\/www.instagram.com\/airjust33\/","https:\/\/www.pinterest.de\/raumform33\/","https:\/\/www.youtube.com\/watch?v=qIuifbwBFg4"]}]}},"_links":{"self":[{"href":"https:\/\/airjust.de\/it\/wp-json\/wp\/v2\/pages\/6064","targetHints":{"allow":["GET"]}}],"collection":[{"href":"https:\/\/airjust.de\/it\/wp-json\/wp\/v2\/pages"}],"about":[{"href":"https:\/\/airjust.de\/it\/wp-json\/wp\/v2\/types\/page"}],"author":[{"embeddable":true,"href":"https:\/\/airjust.de\/it\/wp-json\/wp\/v2\/users\/4"}],"replies":[{"embeddable":true,"href":"https:\/\/airjust.de\/it\/wp-json\/wp\/v2\/comments?post=6064"}],"version-history":[{"count":6,"href":"https:\/\/airjust.de\/it\/wp-json\/wp\/v2\/pages\/6064\/revisions"}],"predecessor-version":[{"id":6784,"href":"https:\/\/airjust.de\/it\/wp-json\/wp\/v2\/pages\/6064\/revisions\/6784"}],"wp:attachment":[{"href":"https:\/\/airjust.de\/it\/wp-json\/wp\/v2\/media?parent=6064"}],"curies":[{"name":"wp","href":"https:\/\/api.w.org\/{rel}","templated":true}]}}