{"id":5779,"date":"2021-11-15T13:59:16","date_gmt":"2021-11-15T12:59:16","guid":{"rendered":"https:\/\/airjust.de\/agb\/"},"modified":"2021-11-15T13:59:16","modified_gmt":"2021-11-15T12:59:16","slug":"agb","status":"publish","type":"page","link":"https:\/\/airjust.de\/it\/agb\/","title":{"rendered":"AGB"},"content":{"rendered":"<div class=\"wpb-content-wrapper\"><p>[vc_row][vc_column][vc_column_text]I. Generale<\/p>\n<p>Noi, Guido Schmitz RaumForm33 (di seguito denominato RaumForm33), vendiamo appendiabiti o armadi e altri arredi tramite il nostro negozio online &#8211; airjust.de\/shop-. Le seguenti disposizioni regolano il rapporto contrattuale tra la RaumForm33 e il cliente, a condizione che il cliente sia un consumatore ai sensi del \u00a7 13 BGB (codice civile tedesco).<\/p>\n<p>II. offerta<\/p>\n<p>L&#8217;offerta di merci pubblicata nel nostro negozio online airjust.de\/shop- non costituisce un&#8217;offerta vincolante. Il contratto di acquisto \u00e8 concluso quando accettiamo il suo ordine inviando una conferma d&#8217;ordine via e-mail immediatamente dopo aver ricevuto il suo ordine. In caso di indisponibilit\u00e0 della merce ordinata, RaumForm33 si riserva il diritto di rifiutare l&#8217;ordine del cliente e di informarlo immediatamente. I pagamenti gi\u00e0 effettuati saranno rimborsati al cliente immediatamente.<\/p>\n<p>III. prezzi, costi di spedizione, area di consegna, tempo di consegna<\/p>\n<p>Si applicano i prezzi indicati con gli articoli al momento dell&#8217;ordine. I prezzi elencati includono l&#8217;imposta sul valore aggiunto legale, ma non le spese di spedizione. Puoi scoprire di pi\u00f9 sui costi di spedizione durante il processo di ordinazione nel negozio online.<\/p>\n<p>Qualsiasi costo sostenuto per il montaggio o l&#8217;installazione \u00e8 a carico del cliente. Si consiglia di utilizzare solo specialisti per questo.<\/p>\n<p>L&#8217;ordinazione e la consegna sono possibili solo nei paesi indicati nel webshop. Consegniamo in altri paesi solo sulla base di un accordo separato.<\/p>\n<p>Il tempo di consegna in Germania e Austria \u00e8 solitamente di 14 giorni lavorativi.<\/p>\n<p>IV. Condizioni di pagamento e consegna<\/p>\n<p>Le varie opzioni di pagamento sono messe a disposizione del cliente durante il processo di ordinazione. Il cliente \u00e8 responsabile della correttezza e della completezza delle informazioni di pagamento richieste e deve sostenere eventuali costi aggiuntivi in caso di non conformit\u00e0. Il pagamento deve essere effettuato in anticipo o in contanti alla consegna.<br \/>\nLa consegna o la spedizione della merce avviene solo dopo il ricevimento dell&#8217;importo totale del pagamento, comprese le rispettive spese di spedizione. L&#8217;intero importo del pagamento \u00e8 dovuto al pi\u00f9 tardi al momento della consegna. Altrimenti il cliente sar\u00e0 in mora di pagamento 10 giorni dopo la consegna senza ulteriori spiegazioni da parte di RaumForm33. In questo caso si applicano le norme legali di default.<br \/>\nLe consegne parziali sono ammesse nella misura in cui sono ragionevoli per il cliente.<br \/>\nLa consegna viene effettuata tramite La consegna viene effettuata &#8211; se non diversamente concordato &#8211; da un fornitore di servizi di pacchi. Il cliente \u00e8 responsabile di fornire un indirizzo di consegna corretto e completo.<br \/>\nV. Conservazione del titolo<\/p>\n<p>La RaumForm33 rimane proprietaria della merce consegnata fino al completo pagamento della stessa.<\/p>\n<p>VI. garanzia<\/p>\n<p>I difetti evidenti devono essere segnalati per iscritto alla RaumForm33 al pi\u00f9 tardi entro due settimane dal ricevimento della consegna, laddove la spedizione tempestiva \u00e8 sufficiente per rispettare il termine.<br \/>\nSe la merce consegnata ha un difetto materiale, il cliente pu\u00f2 prima scegliere tra la rimozione del difetto o la consegna di merce senza difetti. La RaumForm33 pu\u00f2 rifiutare il tipo di prestazione supplementare scelto dal cliente se questo \u00e8 possibile solo con costi sproporzionati. Per la gestione dei difetti si applicano le norme di garanzia previste dalla legge.<br \/>\nVII. lingue del contratto<\/p>\n<p>Avete la possibilit\u00e0 di concludere il contratto di vendita in tedesco.<\/p>\n<p>VIII Scelta della legge<\/p>\n<p>Il rapporto giuridico tra le parti \u00e8 regolato dal diritto tedesco con l&#8217;esclusione della Convenzione delle Nazioni Unite sui contratti di vendita internazionale di merci, anche se il cliente \u00e8 domiciliato all&#8217;estero.<\/p>\n<p>La Commissione europea fornisce una piattaforma per la risoluzione delle controversie online (OS), che potete trovare qui http:\/\/ec.europa.eu\/consumers\/odr\/. I consumatori hanno la possibilit\u00e0 di utilizzare questa piattaforma per la risoluzione delle loro controversie.[\/vc_column_text][\/vc_column][\/vc_row]<\/p>\n<\/div>","protected":false},"excerpt":{"rendered":"<p>[vc_row][vc_column][vc_column_text]I. Generale Noi, Guido Schmitz RaumForm33 (di seguito denominato RaumForm33), vendiamo appendiabiti o armadi e altri arredi tramite il nostro negozio online &#8211; airjust.de\/shop-. Le seguenti disposizioni regolano il rapporto contrattuale tra la RaumForm33 e il cliente, a condizione che il cliente sia un consumatore ai sensi del \u00a7 13 BGB (codice civile tedesco). II. [&hellip;]<\/p>\n","protected":false},"author":4,"featured_media":0,"parent":0,"menu_order":0,"comment_status":"closed","ping_status":"closed","template":"","meta":{"footnotes":""},"class_list":["post-5779","page","type-page","status-publish","hentry"],"yoast_head":"<!-- This site is optimized with the Yoast SEO plugin v27.4 - https:\/\/yoast.com\/product\/yoast-seo-wordpress\/ -->\n<title>AGB | airjust \u00ae<\/title>\n<meta name=\"robots\" content=\"noindex, nofollow\" \/>\n<meta property=\"og:locale\" content=\"it_IT\" \/>\n<meta property=\"og:type\" content=\"article\" \/>\n<meta property=\"og:title\" content=\"AGB | airjust \u00ae\" \/>\n<meta property=\"og:description\" content=\"[vc_row][vc_column][vc_column_text]I. Generale Noi, Guido Schmitz RaumForm33 (di seguito denominato RaumForm33), vendiamo appendiabiti o armadi e altri arredi tramite il nostro negozio online &#8211; airjust.de\/shop-. Le seguenti disposizioni regolano il rapporto contrattuale tra la RaumForm33 e il cliente, a condizione che il cliente sia un consumatore ai sensi del \u00a7 13 BGB (codice civile tedesco). II. [&hellip;]\" \/>\n<meta property=\"og:url\" content=\"https:\/\/airjust.de\/it\/agb\/\" \/>\n<meta property=\"og:site_name\" content=\"airjust Kleiderstange\" \/>\n<meta property=\"article:publisher\" content=\"https:\/\/www.facebook.com\/airjust33\/\" \/>\n<meta property=\"og:image\" content=\"https:\/\/airjust.de\/wp-content\/uploads\/2020\/03\/kleiderstange-deckenmontage-1.jpg\" \/>\n\t<meta property=\"og:image:width\" content=\"800\" \/>\n\t<meta property=\"og:image:height\" content=\"1096\" \/>\n\t<meta property=\"og:image:type\" content=\"image\/jpeg\" \/>\n<meta name=\"twitter:card\" content=\"summary_large_image\" \/>\n<meta name=\"twitter:label1\" content=\"Tempo di lettura stimato\" \/>\n\t<meta name=\"twitter:data1\" content=\"3 minuti\" \/>\n<script type=\"application\/ld+json\" class=\"yoast-schema-graph\">{\"@context\":\"https:\\\/\\\/schema.org\",\"@graph\":[{\"@type\":\"WebPage\",\"@id\":\"https:\\\/\\\/airjust.de\\\/it\\\/agb\\\/\",\"url\":\"https:\\\/\\\/airjust.de\\\/it\\\/agb\\\/\",\"name\":\"AGB | airjust \u00ae\",\"isPartOf\":{\"@id\":\"https:\\\/\\\/airjust.de\\\/it\\\/#website\"},\"datePublished\":\"2021-11-15T12:59:16+00:00\",\"breadcrumb\":{\"@id\":\"https:\\\/\\\/airjust.de\\\/it\\\/agb\\\/#breadcrumb\"},\"inLanguage\":\"it-IT\",\"potentialAction\":[{\"@type\":\"ReadAction\",\"target\":[\"https:\\\/\\\/airjust.de\\\/it\\\/agb\\\/\"]}]},{\"@type\":\"BreadcrumbList\",\"@id\":\"https:\\\/\\\/airjust.de\\\/it\\\/agb\\\/#breadcrumb\",\"itemListElement\":[{\"@type\":\"ListItem\",\"position\":1,\"name\":\"Startseite\",\"item\":\"https:\\\/\\\/airjust.de\\\/it\\\/\"},{\"@type\":\"ListItem\",\"position\":2,\"name\":\"AGB\"}]},{\"@type\":\"WebSite\",\"@id\":\"https:\\\/\\\/airjust.de\\\/it\\\/#website\",\"url\":\"https:\\\/\\\/airjust.de\\\/it\\\/\",\"name\":\"airjust Kleiderstange\",\"description\":\"airjust &reg; Webshop\",\"publisher\":{\"@id\":\"https:\\\/\\\/airjust.de\\\/it\\\/#organization\"},\"potentialAction\":[{\"@type\":\"SearchAction\",\"target\":{\"@type\":\"EntryPoint\",\"urlTemplate\":\"https:\\\/\\\/airjust.de\\\/it\\\/?s={search_term_string}\"},\"query-input\":{\"@type\":\"PropertyValueSpecification\",\"valueRequired\":true,\"valueName\":\"search_term_string\"}}],\"inLanguage\":\"it-IT\"},{\"@type\":\"Organization\",\"@id\":\"https:\\\/\\\/airjust.de\\\/it\\\/#organization\",\"name\":\"airjust\",\"url\":\"https:\\\/\\\/airjust.de\\\/it\\\/\",\"logo\":{\"@type\":\"ImageObject\",\"inLanguage\":\"it-IT\",\"@id\":\"https:\\\/\\\/airjust.de\\\/it\\\/#\\\/schema\\\/logo\\\/image\\\/\",\"url\":\"https:\\\/\\\/airjust.de\\\/wp-content\\\/uploads\\\/2019\\\/07\\\/bilder-shop.png\",\"contentUrl\":\"https:\\\/\\\/airjust.de\\\/wp-content\\\/uploads\\\/2019\\\/07\\\/bilder-shop.png\",\"width\":360,\"height\":110,\"caption\":\"airjust\"},\"image\":{\"@id\":\"https:\\\/\\\/airjust.de\\\/it\\\/#\\\/schema\\\/logo\\\/image\\\/\"},\"sameAs\":[\"https:\\\/\\\/www.facebook.com\\\/airjust33\\\/\",\"https:\\\/\\\/www.instagram.com\\\/airjust33\\\/\",\"https:\\\/\\\/www.pinterest.de\\\/raumform33\\\/\",\"https:\\\/\\\/www.youtube.com\\\/watch?v=qIuifbwBFg4\"]}]}<\/script>\n<!-- \/ Yoast SEO plugin. -->","yoast_head_json":{"title":"AGB | airjust \u00ae","robots":{"index":"noindex","follow":"nofollow"},"og_locale":"it_IT","og_type":"article","og_title":"AGB | airjust \u00ae","og_description":"[vc_row][vc_column][vc_column_text]I. Generale Noi, Guido Schmitz RaumForm33 (di seguito denominato RaumForm33), vendiamo appendiabiti o armadi e altri arredi tramite il nostro negozio online &#8211; airjust.de\/shop-. Le seguenti disposizioni regolano il rapporto contrattuale tra la RaumForm33 e il cliente, a condizione che il cliente sia un consumatore ai sensi del \u00a7 13 BGB (codice civile tedesco). II. [&hellip;]","og_url":"https:\/\/airjust.de\/it\/agb\/","og_site_name":"airjust Kleiderstange","article_publisher":"https:\/\/www.facebook.com\/airjust33\/","og_image":[{"width":800,"height":1096,"url":"https:\/\/airjust.de\/wp-content\/uploads\/2020\/03\/kleiderstange-deckenmontage-1.jpg","type":"image\/jpeg"}],"twitter_card":"summary_large_image","twitter_misc":{"Tempo di lettura stimato":"3 minuti"},"schema":{"@context":"https:\/\/schema.org","@graph":[{"@type":"WebPage","@id":"https:\/\/airjust.de\/it\/agb\/","url":"https:\/\/airjust.de\/it\/agb\/","name":"AGB | airjust \u00ae","isPartOf":{"@id":"https:\/\/airjust.de\/it\/#website"},"datePublished":"2021-11-15T12:59:16+00:00","breadcrumb":{"@id":"https:\/\/airjust.de\/it\/agb\/#breadcrumb"},"inLanguage":"it-IT","potentialAction":[{"@type":"ReadAction","target":["https:\/\/airjust.de\/it\/agb\/"]}]},{"@type":"BreadcrumbList","@id":"https:\/\/airjust.de\/it\/agb\/#breadcrumb","itemListElement":[{"@type":"ListItem","position":1,"name":"Startseite","item":"https:\/\/airjust.de\/it\/"},{"@type":"ListItem","position":2,"name":"AGB"}]},{"@type":"WebSite","@id":"https:\/\/airjust.de\/it\/#website","url":"https:\/\/airjust.de\/it\/","name":"airjust Kleiderstange","description":"airjust &reg; Webshop","publisher":{"@id":"https:\/\/airjust.de\/it\/#organization"},"potentialAction":[{"@type":"SearchAction","target":{"@type":"EntryPoint","urlTemplate":"https:\/\/airjust.de\/it\/?s={search_term_string}"},"query-input":{"@type":"PropertyValueSpecification","valueRequired":true,"valueName":"search_term_string"}}],"inLanguage":"it-IT"},{"@type":"Organization","@id":"https:\/\/airjust.de\/it\/#organization","name":"airjust","url":"https:\/\/airjust.de\/it\/","logo":{"@type":"ImageObject","inLanguage":"it-IT","@id":"https:\/\/airjust.de\/it\/#\/schema\/logo\/image\/","url":"https:\/\/airjust.de\/wp-content\/uploads\/2019\/07\/bilder-shop.png","contentUrl":"https:\/\/airjust.de\/wp-content\/uploads\/2019\/07\/bilder-shop.png","width":360,"height":110,"caption":"airjust"},"image":{"@id":"https:\/\/airjust.de\/it\/#\/schema\/logo\/image\/"},"sameAs":["https:\/\/www.facebook.com\/airjust33\/","https:\/\/www.instagram.com\/airjust33\/","https:\/\/www.pinterest.de\/raumform33\/","https:\/\/www.youtube.com\/watch?v=qIuifbwBFg4"]}]}},"_links":{"self":[{"href":"https:\/\/airjust.de\/it\/wp-json\/wp\/v2\/pages\/5779","targetHints":{"allow":["GET"]}}],"collection":[{"href":"https:\/\/airjust.de\/it\/wp-json\/wp\/v2\/pages"}],"about":[{"href":"https:\/\/airjust.de\/it\/wp-json\/wp\/v2\/types\/page"}],"author":[{"embeddable":true,"href":"https:\/\/airjust.de\/it\/wp-json\/wp\/v2\/users\/4"}],"replies":[{"embeddable":true,"href":"https:\/\/airjust.de\/it\/wp-json\/wp\/v2\/comments?post=5779"}],"version-history":[{"count":0,"href":"https:\/\/airjust.de\/it\/wp-json\/wp\/v2\/pages\/5779\/revisions"}],"wp:attachment":[{"href":"https:\/\/airjust.de\/it\/wp-json\/wp\/v2\/media?parent=5779"}],"curies":[{"name":"wp","href":"https:\/\/api.w.org\/{rel}","templated":true}]}}