{"id":5684,"date":"2021-11-15T13:07:14","date_gmt":"2021-11-15T12:07:14","guid":{"rendered":"https:\/\/airjust.de\/faq-download\/"},"modified":"2021-11-18T14:26:17","modified_gmt":"2021-11-18T13:26:17","slug":"faq-download","status":"publish","type":"page","link":"https:\/\/airjust.de\/it\/faq-download\/","title":{"rendered":"FAQ \/ Download"},"content":{"rendered":"<div class=\"wpb-content-wrapper\"><p>[vc_row][vc_column][vc_empty_space][\/vc_column][\/vc_row][vc_row][vc_column width=&#8221;1\/2&#8243;][vc_column_text]<span style=\"font-size: 18pt;\">Dettagli su airjust<\/span>[\/vc_column_text][vc_tta_accordion style=&#8221;modern&#8221; active_section=&#8221;5&#8243;][vc_tta_section title=&#8221;Dimensioni e materiale&#8221; tab_id=&#8221;1564049587240-5f45e068-5ef28282-5888fc51-0943cf7c-0e70&#8243;][vc_row_inner][vc_column_inner][vc_column_text]<strong>Materiale<\/strong><br \/>\nL&#8217;asta appendiabiti \u00e8 realizzata in acciaio inossidabile V2A finemente spazzolato e particolarmente robusto.<br \/>\nSu richiesta, gli appendiabiti possono anche essere verniciati a polvere in qualsiasi colore RAL. Le corde d&#8217;acciaio sono disponibili anche in bianco e nero.<\/p>\n<p><strong>Dimensioni<\/strong><\/p>\n<p>Gli stendibiancheria sono disponibili in larghezze tra 80 e 170 cm come set nel nostro webshop. Larghezze speciali sono naturalmente possibili su richiesta.<br \/>\nLa larghezza massima di un&#8217;asta per abiti con due sospensioni \u00e8 di 250 cm.<\/p>\n<p>I cavi d&#8217;acciaio possono essere ordinati in due lunghezze come standard:<br \/>\n100 cm per soffitti con un&#8217;altezza massima di 2,50 metri o 150 cm per soffitti con un&#8217;altezza di circa 3 metri.<br \/>\n(per soffitti pi\u00f9 alti offriamo corde pi\u00f9 lunghe fino a 500 cm).<br \/>\nSi prega di fare riferimento alla tabella sottostante (Hmin-Hmax) per la posizione massima rispetto al soffitto.<br \/>\nPossiamo accorciare le corde su richiesta. Fateci sapere l&#8217;altezza del vostro soffitto e la distanza desiderata dal soffitto. (consigliato per aste con una larghezza di 80 o 100 cm) o se si desidera posizionare l&#8217;asta appendiabiti molto vicino al soffitto.<br \/>\nIl diametro dell&#8217;asta appendiabiti \u00e8 di 33,7 mm.<br \/>\nIl diametro dei cavi d&#8217;acciaio \u00e8 di 3 mm.<\/p>\n<p><strong>Prodotto in Germania da AGE GmbH.<\/strong>[\/vc_column_text][vc_single_image image=&#8221;5687&#8243; img_size=&#8221;large&#8221;][\/vc_column_inner][\/vc_row_inner][\/vc_tta_section][vc_tta_section title=&#8221;Funzione ed estensioni&#8221; tab_id=&#8221;1582041430935-b42b1a0a-e3edcf7c-0e70&#8243;][vc_column_text]<strong>Funzione<\/strong><br \/>\nL&#8217;altezza dell&#8217;asta appendiabiti pu\u00f2 essere regolata. Le aste sono fissate alle corde con l&#8217;aiuto di chiusure brevettate e possono essere facilmente rilasciate con un clic.<br \/>\nQuesto permette di regolare l&#8217;altezza delle aste appendiabiti in modo variabile lungo le corde. Il cavo d&#8217;acciaio scompare nell&#8217;asta appendiabiti.<\/p>\n<p><strong>Varianti<\/strong><br \/>\nairjust \u00e8 disponibile in due versioni: airjust SOLO con un&#8217;asta portabiti o il modello TWIN con due aste portabiti.<br \/>\nOltre alle larghezze standard, \u00e8 possibile ordinare airjust in lunghezze individuali (la larghezza massima con due sospensioni \u00e8 di 250 cm).<br \/>\nSi possono anche collegare le aste l&#8217;una con l&#8217;altra usando connettori speciali. I connettori possono essere rimossi.[\/vc_column_text][\/vc_tta_section][vc_tta_section title=&#8221;Montaggio e capacit\u00e0 di carico&#8221; tab_id=&#8221;1564049587286-965558ad-d18d8282-5888fc51-0943cf7c-0e70&#8243;][vc_column_text]<strong>Carico di lavoro e installazione a soffitto<\/strong><\/p>\n<p><strong>Il carico massimo di servizio \u00e8 di 50 kg per ogni sospensione a cavo<\/strong> (e con un&#8217;installazione professionale usando una tecnologia di fissaggio adatta)<strong> e dipende ulteriormente dalla costruzione del vostro soffitto<\/strong>. Assicuratevi di osservare le istruzioni di installazione e le specifiche di forza di trazione\/carico dei produttori di ancoraggi. In caso di dubbio, consigliamo un test in loco.<\/p>\n<p><strong>Montaggio a soffitto:<\/strong><\/p>\n<p>airjust pu\u00f2 essere montato su un&#8217;ampia variet\u00e0 di tipi di soffitto.<\/p>\n<p><strong>Per soffitti in cemento\/legno<\/strong><\/p>\n<p>Come standard, l&#8217;airjust \u00e8 fornito con bulloni di sospensione (profilo Hozl) e un tassello universale Fischer UX12x70. I carichi ammissibili dipendono dalla forza di trazione massima dei tasselli e dal tipo di soffitto. Pertanto, si prega di osservare le specifiche dei produttori di tasselli e soffitti e garantire un&#8217;installazione professionale. Le istruzioni di installazione sono ovviamente incluse. I dettagli sull&#8217;ancora possono essere trovati su <a href=\"http:\/\/www.fischer.it\">www.fischer.it.<\/a><\/p>\n<p>Diametro della carota d0 12 [mm]<br \/>\nProfondit\u00e0 minima del foro h1 85 [mm]<br \/>\nLunghezza del perno l 70 [mm]<\/p>\n<p>Per soffitti sospesi.<\/p>\n<p>Soprattutto per i soffitti sospesi, ad esempio in cartongesso, \u00e8 possibile ordinare nel webshop il tassello ribaltabile di W\u00fcrth\u00ae, che si caratterizza per gli elevati valori di tenuta negli spazi vuoti. Si prega di notare qui anche l&#8217;installazione professionale e le istruzioni di carico a seconda dei pannelli utilizzati. Inoltre, si pu\u00f2 anche ancorare airjust con barre filettate nel soffitto di cemento sottostante.<\/p>\n<p>Diametro del perno 10 mm<br \/>\nLunghezza del perno (l) 100 mm<br \/>\nDiametro del foro nel componente (d costruzione) 11 mm<\/p>\n<p>Diametro della carota (d 0) 25 mm<br \/>\nDiametro del filetto (d Gew) 10 mm<br \/>\nAltezza massima di fissaggio (d a) 55 mm<br \/>\nMateriale acciaio<br \/>\nProfondit\u00e0 minima della cavit\u00e0 (h) 75 mm<br \/>\nMontaggio tramite guida a soffitto<\/p>\n<p>Oltre al fissaggio per punti, offriamo anche il fissaggio tramite guide a soffitto, ad esempio da Halfen. Questo \u00e8 anche adatto per carichi pesanti e condizioni di soffitto difficili (ad esempio, controsoffitti).<\/p>\n<p>[\/vc_column_text][\/vc_tta_section][vc_tta_section title=&#8221;Nota importante&#8221; tab_id=&#8221;1592835413738-4f1ff72a-44e2&#8243;][vc_column_text]I prodotti sono arredi e di conseguenza fabbricati per l&#8217;immagazzinamento di oggetti (a seconda del design, per esempio tessuti). Qualsiasi uso improprio (ad es. attivit\u00e0 sportiva) pu\u00f2 causare danni ai mobili, poich\u00e9 non sono adatti allo stress di un uso improprio.<br \/>\nI prodotti sono assemblati a proprio rischio e pericolo. Si prega di osservare le note nelle istruzioni di montaggio.[\/vc_column_text][\/vc_tta_section][\/vc_tta_accordion][vc_column_text]<span style=\"font-size: 18pt;\">Download airjust \u00ae Product sheet<\/span><\/p>\n<p>[\/vc_column_text][vc_raw_html]JTVCd3BkbV9wYWNrYWdlJTIwaWQlM0QlMjc1MzgzJTI3JTVE[\/vc_raw_html][vc_raw_html]JTVCd3BkbV9wYWNrYWdlJTIwaWQlM0QlMjc1MzkwJTI3JTVE[\/vc_raw_html][\/vc_column][vc_column width=&#8221;1\/2&#8243;][vc_column_text]<span style=\"font-size: 18pt;\">Domande frequenti su airjust<\/span>[\/vc_column_text][vc_toggle title=&#8221;Qual \u00e8 la capacit\u00e0 di carico di airjust?&#8221;]<\/p>\n<div class=\"lmt__side_container lmt__side_container--target df2217\">\n<div class=\"lmt__inner_textarea_container\" title=\"Ein Wort anklicken, um weitere \u00dcbersetzungen zu sehen\"><\/div>\n<div class=\"lmt__translations_as_text\">\n<div class=\"lmt__target_toolbar lmt__target_toolbar--visible\">\n<div class=\"lmt_targetToolbar__appPromotion_container\">Il carico massimo di servizio \u00e8 di 50 kg per sospensione a cavo. (Se installato professionalmente e utilizzando una tecnologia di fissaggio adeguata).<\/div>\n<div class=\"lmt__target_toolbar__copy_container\">\n<p>Per un piccolo orientamento: una giacca di pelle pesante pesa circa 1,7 kg. Un piumino leggero pesa circa 500 grammi.<\/p>\n<p>Assicuratevi di seguire le istruzioni di montaggio e le specifiche di forza di trazione\/carico del produttore dell&#8217;ancoraggio. In caso di dubbio, vi consigliamo di controllare sul posto.<\/p>\n<p>Le specifiche di carico per l&#8217;ancoraggio universale Fischer UX10 fornito con la Home Edition possono essere trovate su www.fischer.de.<\/p>\n<p>Soprattutto per i controsoffitti come il cartongesso, potete ordinare nel webshop l&#8217;ancoraggio basculante W\u00fcrth\u00ae, che si distingue per gli alti valori di tenuta negli spazi vuoti. Potete trovare maggiori informazioni sul sito web del produttore W\u00fcrth.<\/p>\n<p><strong>Si prega di notare qui anche l&#8217;installazione professionale e le istruzioni di carico a seconda dei pannelli utilizzati.<\/strong><\/p>\n<\/div>\n<div class=\"lmt__rating_container\">\n<div class=\"lmt__rating \"><\/div>\n<\/div>\n<\/div>\n<\/div>\n<div id=\"targetHighlightTooltipPortal\"><\/div>\n<div class=\"lmt__formalitySwitch_feedback_container\"><\/div>\n<\/div>\n<div class=\"lmt__formalitySwitch_ad_container_mobile lmt__formalitySwitch_ad_container_app\"><\/div>\n<p>[\/vc_toggle][vc_toggle title=&#8221;Come si effettua l&#8217;installazione a soffitto di airjust?&#8221;]Il montaggio a soffitto viene effettuato in modo selettivo con gli appositi tasselli o nella speciale guida a soffitto ad aria (solo con airjust RETAIL).<\/p>\n<p>Con un po&#8217; di abilit\u00e0 manuale si pu\u00f2 montare l&#8217;armadio appeso da soli. Le istruzioni di montaggio sono ovviamente incluse.<\/p>\n<p>Avrete bisogno di un trapano con una punta M12 (per il tassello standard) e una chiave Torx (profilo TX25) per avvitare il bullone del gancio fornito.<\/p>\n<p>Assicuratevi che l&#8217;installazione sia effettuata in modo professionale e, in caso di dubbio, chiedete a noi o al vostro commerciante di fiducia. Assicuratevi di osservare le istruzioni del rispettivo produttore. Per l&#8217;installazione in controsoffitti, forniamo opzionalmente dei tasselli speciali per l&#8217;inclinazione.[\/vc_toggle][vc_toggle title=&#8221;Di quali strumenti ho bisogno?&#8221;]Per il montaggio degli armadi a soffitto, \u00e8 necessario un trapano con una punta M12. Una chiave Torx (profilo TX25) per avvitare il bullone del gancio in dotazione. E idealmente una livella per allineare i pali orizzontalmente.[\/vc_toggle][vc_toggle title=&#8221;Quanto margine di manovra ho in termini di regolazione dell&#8217;altezza?&#8221;]\u00c8 possibile regolare l&#8217;altezza delle aste appendiabiti come si desidera lungo le corde. Il margine per la regolazione dell&#8217;altezza \u00e8 la met\u00e0 della larghezza dell&#8217;asta appendiabiti, poich\u00e9 la corda scorre all&#8217;interno del tubo. Ad esempio, con un SOLO da 120 cm si ha un margine di 60 cm.<br \/>\nPer soffitti bassi e\/o larghezze pi\u00f9 strette (80, 100 cm) accorceremo le corde di conseguenza.[\/vc_toggle][vc_toggle title=&#8221;L&#8217;airjust \u00e8 disponibile anche in larghezze speciali?&#8221;]Naturalmente, possiamo anche produrre airjust nella larghezza desiderata. La larghezza massima per barra \u00e8 di 2,50 metri.[\/vc_toggle][vc_toggle title=&#8221;Posso installare l&#8217;asta appendiabiti airjust anche in controsoffitti?&#8221;]\u00c8 possibile regolare l&#8217;altezza delle aste appendiabiti come si desidera lungo le corde. Il margine per la regolazione dell&#8217;altezza \u00e8 la met\u00e0 della larghezza dell&#8217;asta appendiabiti, poich\u00e9 la corda scorre all&#8217;interno del tubo. Ad esempio, con un SOLO da 120 cm si ha un margine di 60 cm.<br \/>\nPer soffitti bassi e\/o larghezze pi\u00f9 strette (80, 100 cm) accorceremo le corde di conseguenza.[\/vc_toggle][vc_toggle title=&#8221;Stendibiancheria in acciaio inossidabile per il soffitto&#8221;]a lunghezza dei cavi d&#8217;acciaio \u00e8 di 100 o 150 cm. Con un&#8217;altezza di visualizzazione abituale per l&#8217;asta appendiabiti di circa 1,70 metri, \u00e8 possibile coprire altezze del soffitto fino a 2,5 o 3 metri. Se avete soffitti pi\u00f9 alti, offriamo anche corde d&#8217;acciaio con una lunghezza fino a 5 metri nel nostro webshop. Per i soffitti bassi o se volete posizionare l&#8217;appendiabiti molto vicino al soffitto, possiamo accorciare le corde alla lunghezza desiderata su richiesta. Utile per larghezze di 80 e 100 cm.[\/vc_toggle][vc_toggle title=&#8221;Le aste appendiabiti possono anche essere regolate in altezza in un secondo momento?&#8221;]S\u00ec, grazie alle chiusure brevettate, \u00e8 possibile regolare l&#8217;altezza delle aste appendiabiti in modo variabile lungo le corde con un clic. La corda scompare invisibilmente nell&#8217;appendiabiti. La rispettiva distanza verso l&#8217;alto e verso il basso \u00e8 la met\u00e0 della larghezza dell&#8217;asta:<\/p>\n<p>Ad esempio, per un&#8217;asta di 100 cm \u00e8 di circa 50 cm, per una larghezza di 160 cm 80 cm.<\/p>\n<p>Soprattutto per le larghezze pi\u00f9 piccole (80 e 100 cm) possiamo regolare le corde di conseguenza. Quando ordinate, fateci semplicemente sapere la vostra altezza del soffitto e la distanza desiderata del palo dal soffitto.[\/vc_toggle][vc_toggle title=&#8221;Il sistema airjust pu\u00f2 essere applicato anche su un tetto inclinato?&#8221;]Le aste appendiabiti possono anche essere regolate in altezza in un secondo momento?[\/vc_toggle][vc_toggle title=&#8221;A che distanza devo posizionare arjust dal muro?&#8221;]La linea guida \u00e8 30 e 40 cm dal muro. In modo che la gruccia abbia abbastanza spazio anche con giacche invernali spesse e non si appoggi al muro.[\/vc_toggle][vc_toggle title=&#8221;Stendibiancheria in acciaio inossidabile per il soffitto&#8221;]Le aste appendiabiti possono essere verniciate a polvere <strong>in qualsiasi colore RAL<\/strong>. I cavi d&#8217;acciaio sono disponibili anche in bianco e nero. Gli elementi di fissaggio e i fissaggi a soffitto non possono essere verniciati a polvere.[\/vc_toggle][vc_toggle title=&#8221;Cosa devo considerare quando mi occupo di airjust?&#8221;]<br \/>\nPer l&#8217;acciaio inossidabile, raccomandiamo l&#8217;uso di uno spray speciale per la cura dell&#8217;acciaio inossidabile, di un detergente per acciaio o di un agente di risciacquo. Le superfici verniciate a polvere devono essere pulite con soluzioni acquose<br \/>\ndi detersivi o detergenti neutri (pH 5-8) e con panni o stracci morbidi e non aggressivi. Si prega di pulire sempre le superfici metalliche con attenzione e senza strofinare per evitare di graffiare la superficie. Non usare mai detergenti contenenti sostanze granulari, acido acetico o acido citrico.<br \/>\n[\/vc_toggle][vc_toggle title=&#8221;Informazioni su Covid-19&#8243;]Aggiornamento Covid 19<\/p>\n<p>Come al solito, potete fare ordini con noi, richiedere preventivi e contattarci per telefono o per e-mail se avete delle domande.<br \/>\nTutti gli ordini vi saranno consegnati con un servizio di pacchi. \u00c8 consentito il ritiro presso il nostro showroom.<br \/>\nTuttavia, le restrizioni in uscita o i controlli ai valichi di frontiera possono far s\u00ec che le consegne richiedano pi\u00f9 tempo per arrivare.<br \/>\nSi prega di seguire le istruzioni dei fornitori del servizio pacchi:<br \/>\n<a href=\"https:\/\/www.dpd.com\/de\/de\/support\/coronavirus-aktuelle-informationen-zum-paketversand\/\">DPD<\/a>.<br \/>\n(per la maggior parte delle consegne all&#8217;interno dell&#8217;UE)<\/p>\n<p><a href=\"https:\/\/www.ups.com\/de\/de\/about\/news\/important-updates.page?\">UPS<\/a>.<br \/>\n(per le consegne all&#8217;estero)[\/vc_toggle][\/vc_column][\/vc_row][vc_row][vc_column][vc_column_text]<\/p>\n<p style=\"text-align: center;\"><span style=\"font-size: 24pt;\">Avete altre domande?<\/span><\/p>\n<p>[\/vc_column_text][\/vc_column][\/vc_row][vc_row][vc_column width=&#8221;1\/2&#8243;][vc_icon icon_fontawesome=&#8221;fa fa-phone&#8221; color=&#8221;black&#8221; size=&#8221;xl&#8221; align=&#8221;center&#8221;][vc_raw_html]JTNDcCUyMHN0eWxlJTNEJTIydGV4dC1hbGlnbiUzQSUyMGNlbnRlciUzQiUyMiUzRSUzQ2ElMjBocmVmJTNEJTIydGVsJTNBJTJCNDk4OTEyMjIzMjY3MCUyMiUzRSUyQjQ5JTI4MCUyOTg5MTIyMjMyNjcwJTNDJTJGYSUzRSUzQyUyRnAlM0U=[\/vc_raw_html][\/vc_column][vc_column width=&#8221;1\/2&#8243;][vc_icon icon_fontawesome=&#8221;fa fa-envelope-o&#8221; color=&#8221;black&#8221; size=&#8221;lg&#8221; align=&#8221;center&#8221;][vc_column_text]<\/p>\n<p style=\"text-align: center;\"><span style=\"font-size: 14pt;\"><a href=\"mailto:info@airjust.de\">info@airjust.de<\/a><\/span><\/p>\n<p>[\/vc_column_text][\/vc_column][\/vc_row]<\/p>\n<\/div>","protected":false},"excerpt":{"rendered":"<p>[vc_row][vc_column][vc_empty_space][\/vc_column][\/vc_row][vc_row][vc_column width=&#8221;1\/2&#8243;][vc_column_text]Dettagli su airjust[\/vc_column_text][vc_tta_accordion style=&#8221;modern&#8221; active_section=&#8221;5&#8243;][vc_tta_section title=&#8221;Dimensioni e materiale&#8221; tab_id=&#8221;1564049587240-5f45e068-5ef28282-5888fc51-0943cf7c-0e70&#8243;][vc_row_inner][vc_column_inner][vc_column_text]Materiale L&#8217;asta appendiabiti \u00e8 realizzata in acciaio inossidabile V2A finemente spazzolato e particolarmente robusto. Su richiesta, gli appendiabiti possono anche essere verniciati a polvere in qualsiasi colore RAL. Le corde d&#8217;acciaio sono disponibili anche in bianco e nero. Dimensioni Gli stendibiancheria sono disponibili in larghezze tra [&hellip;]<\/p>\n","protected":false},"author":4,"featured_media":0,"parent":0,"menu_order":0,"comment_status":"closed","ping_status":"closed","template":"","meta":{"footnotes":""},"class_list":["post-5684","page","type-page","status-publish","hentry"],"yoast_head":"<!-- This site is optimized with the Yoast SEO plugin v27.4 - https:\/\/yoast.com\/product\/yoast-seo-wordpress\/ -->\n<title>FAQ e download per l&#039;appendiabiti arjust \u00ae<\/title>\n<meta name=\"description\" content=\"Tutte le domande su airjust \u00ae . Scaricare airjust \u00ae PDF\" \/>\n<meta name=\"robots\" content=\"index, follow, max-snippet:-1, max-image-preview:large, max-video-preview:-1\" \/>\n<link rel=\"canonical\" href=\"https:\/\/airjust.de\/it\/faq-download\/\" \/>\n<meta property=\"og:locale\" content=\"it_IT\" \/>\n<meta property=\"og:type\" content=\"article\" \/>\n<meta property=\"og:title\" content=\"FAQ e download per l&#039;appendiabiti arjust \u00ae\" \/>\n<meta property=\"og:description\" content=\"Tutte le domande su airjust \u00ae . Scaricare airjust \u00ae PDF\" \/>\n<meta property=\"og:url\" content=\"https:\/\/airjust.de\/it\/faq-download\/\" \/>\n<meta property=\"og:site_name\" content=\"airjust Kleiderstange\" \/>\n<meta property=\"article:publisher\" content=\"https:\/\/www.facebook.com\/airjust33\/\" \/>\n<meta property=\"article:modified_time\" content=\"2021-11-18T13:26:17+00:00\" \/>\n<meta property=\"og:image\" content=\"https:\/\/airjust.de\/wp-content\/uploads\/2020\/03\/kleiderstange-deckenmontage-1.jpg\" \/>\n\t<meta property=\"og:image:width\" content=\"800\" \/>\n\t<meta property=\"og:image:height\" content=\"1096\" \/>\n\t<meta property=\"og:image:type\" content=\"image\/jpeg\" \/>\n<meta name=\"twitter:card\" content=\"summary_large_image\" \/>\n<meta name=\"twitter:label1\" content=\"Tempo di lettura stimato\" \/>\n\t<meta name=\"twitter:data1\" content=\"8 minuti\" \/>\n<script type=\"application\/ld+json\" class=\"yoast-schema-graph\">{\"@context\":\"https:\\\/\\\/schema.org\",\"@graph\":[{\"@type\":[\"WebPage\",\"FAQPage\"],\"@id\":\"https:\\\/\\\/airjust.de\\\/it\\\/faq-download\\\/\",\"url\":\"https:\\\/\\\/airjust.de\\\/it\\\/faq-download\\\/\",\"name\":\"FAQ e download per l'appendiabiti arjust \u00ae\",\"isPartOf\":{\"@id\":\"https:\\\/\\\/airjust.de\\\/it\\\/#website\"},\"datePublished\":\"2021-11-15T12:07:14+00:00\",\"dateModified\":\"2021-11-18T13:26:17+00:00\",\"description\":\"Tutte le domande su airjust \u00ae . Scaricare airjust \u00ae PDF\",\"breadcrumb\":{\"@id\":\"https:\\\/\\\/airjust.de\\\/it\\\/faq-download\\\/#breadcrumb\"},\"inLanguage\":\"it-IT\",\"potentialAction\":[{\"@type\":\"ReadAction\",\"target\":[\"https:\\\/\\\/airjust.de\\\/it\\\/faq-download\\\/\"]}]},{\"@type\":\"BreadcrumbList\",\"@id\":\"https:\\\/\\\/airjust.de\\\/it\\\/faq-download\\\/#breadcrumb\",\"itemListElement\":[{\"@type\":\"ListItem\",\"position\":1,\"name\":\"Startseite\",\"item\":\"https:\\\/\\\/airjust.de\\\/it\\\/\"},{\"@type\":\"ListItem\",\"position\":2,\"name\":\"FAQ \\\/ Download\"}]},{\"@type\":\"WebSite\",\"@id\":\"https:\\\/\\\/airjust.de\\\/it\\\/#website\",\"url\":\"https:\\\/\\\/airjust.de\\\/it\\\/\",\"name\":\"airjust Kleiderstange\",\"description\":\"airjust &reg; Webshop\",\"publisher\":{\"@id\":\"https:\\\/\\\/airjust.de\\\/it\\\/#organization\"},\"potentialAction\":[{\"@type\":\"SearchAction\",\"target\":{\"@type\":\"EntryPoint\",\"urlTemplate\":\"https:\\\/\\\/airjust.de\\\/it\\\/?s={search_term_string}\"},\"query-input\":{\"@type\":\"PropertyValueSpecification\",\"valueRequired\":true,\"valueName\":\"search_term_string\"}}],\"inLanguage\":\"it-IT\"},{\"@type\":\"Organization\",\"@id\":\"https:\\\/\\\/airjust.de\\\/it\\\/#organization\",\"name\":\"airjust\",\"url\":\"https:\\\/\\\/airjust.de\\\/it\\\/\",\"logo\":{\"@type\":\"ImageObject\",\"inLanguage\":\"it-IT\",\"@id\":\"https:\\\/\\\/airjust.de\\\/it\\\/#\\\/schema\\\/logo\\\/image\\\/\",\"url\":\"https:\\\/\\\/airjust.de\\\/wp-content\\\/uploads\\\/2019\\\/07\\\/bilder-shop.png\",\"contentUrl\":\"https:\\\/\\\/airjust.de\\\/wp-content\\\/uploads\\\/2019\\\/07\\\/bilder-shop.png\",\"width\":360,\"height\":110,\"caption\":\"airjust\"},\"image\":{\"@id\":\"https:\\\/\\\/airjust.de\\\/it\\\/#\\\/schema\\\/logo\\\/image\\\/\"},\"sameAs\":[\"https:\\\/\\\/www.facebook.com\\\/airjust33\\\/\",\"https:\\\/\\\/www.instagram.com\\\/airjust33\\\/\",\"https:\\\/\\\/www.pinterest.de\\\/raumform33\\\/\",\"https:\\\/\\\/www.youtube.com\\\/watch?v=qIuifbwBFg4\"]}]}<\/script>\n<!-- \/ Yoast SEO plugin. -->","yoast_head_json":{"title":"FAQ e download per l'appendiabiti arjust \u00ae","description":"Tutte le domande su airjust \u00ae . Scaricare airjust \u00ae PDF","robots":{"index":"index","follow":"follow","max-snippet":"max-snippet:-1","max-image-preview":"max-image-preview:large","max-video-preview":"max-video-preview:-1"},"canonical":"https:\/\/airjust.de\/it\/faq-download\/","og_locale":"it_IT","og_type":"article","og_title":"FAQ e download per l'appendiabiti arjust \u00ae","og_description":"Tutte le domande su airjust \u00ae . Scaricare airjust \u00ae PDF","og_url":"https:\/\/airjust.de\/it\/faq-download\/","og_site_name":"airjust Kleiderstange","article_publisher":"https:\/\/www.facebook.com\/airjust33\/","article_modified_time":"2021-11-18T13:26:17+00:00","og_image":[{"width":800,"height":1096,"url":"https:\/\/airjust.de\/wp-content\/uploads\/2020\/03\/kleiderstange-deckenmontage-1.jpg","type":"image\/jpeg"}],"twitter_card":"summary_large_image","twitter_misc":{"Tempo di lettura stimato":"8 minuti"},"schema":{"@context":"https:\/\/schema.org","@graph":[{"@type":["WebPage","FAQPage"],"@id":"https:\/\/airjust.de\/it\/faq-download\/","url":"https:\/\/airjust.de\/it\/faq-download\/","name":"FAQ e download per l'appendiabiti arjust \u00ae","isPartOf":{"@id":"https:\/\/airjust.de\/it\/#website"},"datePublished":"2021-11-15T12:07:14+00:00","dateModified":"2021-11-18T13:26:17+00:00","description":"Tutte le domande su airjust \u00ae . Scaricare airjust \u00ae PDF","breadcrumb":{"@id":"https:\/\/airjust.de\/it\/faq-download\/#breadcrumb"},"inLanguage":"it-IT","potentialAction":[{"@type":"ReadAction","target":["https:\/\/airjust.de\/it\/faq-download\/"]}]},{"@type":"BreadcrumbList","@id":"https:\/\/airjust.de\/it\/faq-download\/#breadcrumb","itemListElement":[{"@type":"ListItem","position":1,"name":"Startseite","item":"https:\/\/airjust.de\/it\/"},{"@type":"ListItem","position":2,"name":"FAQ \/ Download"}]},{"@type":"WebSite","@id":"https:\/\/airjust.de\/it\/#website","url":"https:\/\/airjust.de\/it\/","name":"airjust Kleiderstange","description":"airjust &reg; Webshop","publisher":{"@id":"https:\/\/airjust.de\/it\/#organization"},"potentialAction":[{"@type":"SearchAction","target":{"@type":"EntryPoint","urlTemplate":"https:\/\/airjust.de\/it\/?s={search_term_string}"},"query-input":{"@type":"PropertyValueSpecification","valueRequired":true,"valueName":"search_term_string"}}],"inLanguage":"it-IT"},{"@type":"Organization","@id":"https:\/\/airjust.de\/it\/#organization","name":"airjust","url":"https:\/\/airjust.de\/it\/","logo":{"@type":"ImageObject","inLanguage":"it-IT","@id":"https:\/\/airjust.de\/it\/#\/schema\/logo\/image\/","url":"https:\/\/airjust.de\/wp-content\/uploads\/2019\/07\/bilder-shop.png","contentUrl":"https:\/\/airjust.de\/wp-content\/uploads\/2019\/07\/bilder-shop.png","width":360,"height":110,"caption":"airjust"},"image":{"@id":"https:\/\/airjust.de\/it\/#\/schema\/logo\/image\/"},"sameAs":["https:\/\/www.facebook.com\/airjust33\/","https:\/\/www.instagram.com\/airjust33\/","https:\/\/www.pinterest.de\/raumform33\/","https:\/\/www.youtube.com\/watch?v=qIuifbwBFg4"]}]}},"_links":{"self":[{"href":"https:\/\/airjust.de\/it\/wp-json\/wp\/v2\/pages\/5684","targetHints":{"allow":["GET"]}}],"collection":[{"href":"https:\/\/airjust.de\/it\/wp-json\/wp\/v2\/pages"}],"about":[{"href":"https:\/\/airjust.de\/it\/wp-json\/wp\/v2\/types\/page"}],"author":[{"embeddable":true,"href":"https:\/\/airjust.de\/it\/wp-json\/wp\/v2\/users\/4"}],"replies":[{"embeddable":true,"href":"https:\/\/airjust.de\/it\/wp-json\/wp\/v2\/comments?post=5684"}],"version-history":[{"count":0,"href":"https:\/\/airjust.de\/it\/wp-json\/wp\/v2\/pages\/5684\/revisions"}],"wp:attachment":[{"href":"https:\/\/airjust.de\/it\/wp-json\/wp\/v2\/media?parent=5684"}],"curies":[{"name":"wp","href":"https:\/\/api.w.org\/{rel}","templated":true}]}}