{"id":6039,"date":"2021-11-16T15:13:52","date_gmt":"2021-11-16T14:13:52","guid":{"rendered":"https:\/\/airjust.de\/produkt\/kit-de-chevilles-a-bascule\/"},"modified":"2021-11-16T15:13:53","modified_gmt":"2021-11-16T14:13:53","slug":"kit-de-chevilles-a-bascule","status":"publish","type":"product","link":"https:\/\/airjust.de\/fr\/produkt\/kit-de-chevilles-a-bascule\/","title":{"rendered":"Kit de chevilles \u00e0 bascule"},"content":{"rendered":"<div class=\"wpb-content-wrapper\"><p>[vc_row][vc_column][\/vc_column][\/vc_row]<\/p>\n<\/div>","protected":false},"excerpt":{"rendered":"<p>it de fixation pour plafonds suspendus.<br \/>\n<strong>Chevilles \u00e0 bascule W-KD-TB M10<\/strong><br \/>\nUn set de deux pi\u00e8ces.<\/p>\n<p>Diam\u00e8tre de la cheville 10 mm<br \/>\nLongueur de la cheville (l) 100 mm<br \/>\nDiam\u00e8tre du trou dans l&rsquo;\u00e9l\u00e9ment de construction (d Bau) 11 mm<\/p>\n<p>Diam\u00e8tre nominal du per\u00e7age (d 0) 25 mm<br \/>\nDiam\u00e8tre du filetage (d Gew) 10 mm<br \/>\nHauteur de fixation max. (d a) 55 mm<br \/>\nMat\u00e9riau acier<br \/>\nProfondeur minimale de la cavit\u00e9 (h) 75 mm<br \/>\nPour les fixations sur les murs creux, les plafonds creux, les plafonds suspendus et divers \u00e9l\u00e9ments sandwich.<\/p>\n<p>Vous trouverez de plus amples informations sur le montage dans notre FAQ.<\/p>\n","protected":false},"featured_media":6043,"template":"","meta":[],"product_brand":[],"product_cat":[335],"product_tag":[],"class_list":{"0":"post-6039","1":"product","2":"type-product","3":"status-publish","4":"has-post-thumbnail","6":"product_cat-airjust-accessories","7":"product_shipping_class-airjust-zubehoer","9":"first","10":"instock","11":"taxable","12":"shipping-taxable","13":"purchasable","14":"product-type-simple"},"yoast_head":"<!-- This site is optimized with the Yoast SEO plugin v27.4 - https:\/\/yoast.com\/product\/yoast-seo-wordpress\/ -->\n<title>Kit de chevilles \u00e0 bascule | airjust Kleiderstange<\/title>\n<meta name=\"robots\" content=\"index, follow, max-snippet:-1, max-image-preview:large, max-video-preview:-1\" \/>\n<link rel=\"canonical\" href=\"https:\/\/airjust.de\/fr\/produkt\/kit-de-chevilles-a-bascule\/\" \/>\n<meta property=\"og:locale\" content=\"fr_FR\" \/>\n<meta property=\"og:type\" content=\"article\" \/>\n<meta property=\"og:title\" content=\"Kit de chevilles \u00e0 bascule | airjust Kleiderstange\" \/>\n<meta property=\"og:description\" content=\"it de fixation pour plafonds suspendus. Chevilles \u00e0 bascule W-KD-TB M10 Un set de deux pi\u00e8ces.  Diam\u00e8tre de la cheville 10 mm Longueur de la cheville (l) 100 mm Diam\u00e8tre du trou dans l&#039;\u00e9l\u00e9ment de construction (d Bau) 11 mm  Diam\u00e8tre nominal du per\u00e7age (d 0) 25 mm Diam\u00e8tre du filetage (d Gew) 10 mm Hauteur de fixation max. (d a) 55 mm Mat\u00e9riau acier Profondeur minimale de la cavit\u00e9 (h) 75 mm Pour les fixations sur les murs creux, les plafonds creux, les plafonds suspendus et divers \u00e9l\u00e9ments sandwich.  Vous trouverez de plus amples informations sur le montage dans notre FAQ.\" \/>\n<meta property=\"og:url\" content=\"https:\/\/airjust.de\/fr\/produkt\/kit-de-chevilles-a-bascule\/\" \/>\n<meta property=\"og:site_name\" content=\"airjust Kleiderstange\" \/>\n<meta property=\"article:publisher\" content=\"https:\/\/www.facebook.com\/airjust33\/\" \/>\n<meta property=\"article:modified_time\" content=\"2021-11-16T14:13:53+00:00\" \/>\n<meta property=\"og:image\" content=\"https:\/\/airjust.de\/wp-content\/uploads\/2021\/01\/airjust-Kippduebel-Set.jpg\" \/>\n\t<meta property=\"og:image:width\" content=\"800\" \/>\n\t<meta property=\"og:image:height\" content=\"1066\" \/>\n\t<meta property=\"og:image:type\" content=\"image\/jpeg\" \/>\n<meta name=\"twitter:card\" content=\"summary_large_image\" \/>\n<script type=\"application\/ld+json\" class=\"yoast-schema-graph\">{\"@context\":\"https:\\\/\\\/schema.org\",\"@graph\":[{\"@type\":\"WebPage\",\"@id\":\"https:\\\/\\\/airjust.de\\\/fr\\\/produkt\\\/kit-de-chevilles-a-bascule\\\/\",\"url\":\"https:\\\/\\\/airjust.de\\\/fr\\\/produkt\\\/kit-de-chevilles-a-bascule\\\/\",\"name\":\"Kit de chevilles \u00e0 bascule | airjust Kleiderstange\",\"isPartOf\":{\"@id\":\"https:\\\/\\\/airjust.de\\\/fr\\\/#website\"},\"primaryImageOfPage\":{\"@id\":\"https:\\\/\\\/airjust.de\\\/fr\\\/produkt\\\/kit-de-chevilles-a-bascule\\\/#primaryimage\"},\"image\":{\"@id\":\"https:\\\/\\\/airjust.de\\\/fr\\\/produkt\\\/kit-de-chevilles-a-bascule\\\/#primaryimage\"},\"thumbnailUrl\":\"https:\\\/\\\/airjust.de\\\/wp-content\\\/uploads\\\/2021\\\/01\\\/airjust-Kippduebel-Set.jpg\",\"datePublished\":\"2021-11-16T14:13:52+00:00\",\"dateModified\":\"2021-11-16T14:13:53+00:00\",\"breadcrumb\":{\"@id\":\"https:\\\/\\\/airjust.de\\\/fr\\\/produkt\\\/kit-de-chevilles-a-bascule\\\/#breadcrumb\"},\"inLanguage\":\"fr-FR\",\"potentialAction\":[{\"@type\":\"ReadAction\",\"target\":[\"https:\\\/\\\/airjust.de\\\/fr\\\/produkt\\\/kit-de-chevilles-a-bascule\\\/\"]}]},{\"@type\":\"ImageObject\",\"inLanguage\":\"fr-FR\",\"@id\":\"https:\\\/\\\/airjust.de\\\/fr\\\/produkt\\\/kit-de-chevilles-a-bascule\\\/#primaryimage\",\"url\":\"https:\\\/\\\/airjust.de\\\/wp-content\\\/uploads\\\/2021\\\/01\\\/airjust-Kippduebel-Set.jpg\",\"contentUrl\":\"https:\\\/\\\/airjust.de\\\/wp-content\\\/uploads\\\/2021\\\/01\\\/airjust-Kippduebel-Set.jpg\",\"width\":800,\"height\":1066},{\"@type\":\"BreadcrumbList\",\"@id\":\"https:\\\/\\\/airjust.de\\\/fr\\\/produkt\\\/kit-de-chevilles-a-bascule\\\/#breadcrumb\",\"itemListElement\":[{\"@type\":\"ListItem\",\"position\":1,\"name\":\"Startseite\",\"item\":\"https:\\\/\\\/airjust.de\\\/fr\\\/\"},{\"@type\":\"ListItem\",\"position\":2,\"name\":\"Webshop\",\"item\":\"https:\\\/\\\/airjust.de\\\/fr\\\/webshop\\\/\"},{\"@type\":\"ListItem\",\"position\":3,\"name\":\"Kit de chevilles \u00e0 bascule\"}]},{\"@type\":\"WebSite\",\"@id\":\"https:\\\/\\\/airjust.de\\\/fr\\\/#website\",\"url\":\"https:\\\/\\\/airjust.de\\\/fr\\\/\",\"name\":\"airjust Kleiderstange\",\"description\":\"airjust &reg; Webshop\",\"publisher\":{\"@id\":\"https:\\\/\\\/airjust.de\\\/fr\\\/#organization\"},\"potentialAction\":[{\"@type\":\"SearchAction\",\"target\":{\"@type\":\"EntryPoint\",\"urlTemplate\":\"https:\\\/\\\/airjust.de\\\/fr\\\/?s={search_term_string}\"},\"query-input\":{\"@type\":\"PropertyValueSpecification\",\"valueRequired\":true,\"valueName\":\"search_term_string\"}}],\"inLanguage\":\"fr-FR\"},{\"@type\":\"Organization\",\"@id\":\"https:\\\/\\\/airjust.de\\\/fr\\\/#organization\",\"name\":\"airjust\",\"url\":\"https:\\\/\\\/airjust.de\\\/fr\\\/\",\"logo\":{\"@type\":\"ImageObject\",\"inLanguage\":\"fr-FR\",\"@id\":\"https:\\\/\\\/airjust.de\\\/fr\\\/#\\\/schema\\\/logo\\\/image\\\/\",\"url\":\"https:\\\/\\\/airjust.de\\\/wp-content\\\/uploads\\\/2019\\\/07\\\/bilder-shop.png\",\"contentUrl\":\"https:\\\/\\\/airjust.de\\\/wp-content\\\/uploads\\\/2019\\\/07\\\/bilder-shop.png\",\"width\":360,\"height\":110,\"caption\":\"airjust\"},\"image\":{\"@id\":\"https:\\\/\\\/airjust.de\\\/fr\\\/#\\\/schema\\\/logo\\\/image\\\/\"},\"sameAs\":[\"https:\\\/\\\/www.facebook.com\\\/airjust33\\\/\",\"https:\\\/\\\/www.instagram.com\\\/airjust33\\\/\",\"https:\\\/\\\/www.pinterest.de\\\/raumform33\\\/\",\"https:\\\/\\\/www.youtube.com\\\/watch?v=qIuifbwBFg4\"]}]}<\/script>\n<!-- \/ Yoast SEO plugin. -->","yoast_head_json":{"title":"Kit de chevilles \u00e0 bascule | airjust Kleiderstange","robots":{"index":"index","follow":"follow","max-snippet":"max-snippet:-1","max-image-preview":"max-image-preview:large","max-video-preview":"max-video-preview:-1"},"canonical":"https:\/\/airjust.de\/fr\/produkt\/kit-de-chevilles-a-bascule\/","og_locale":"fr_FR","og_type":"article","og_title":"Kit de chevilles \u00e0 bascule | airjust Kleiderstange","og_description":"it de fixation pour plafonds suspendus. Chevilles \u00e0 bascule W-KD-TB M10 Un set de deux pi\u00e8ces.  Diam\u00e8tre de la cheville 10 mm Longueur de la cheville (l) 100 mm Diam\u00e8tre du trou dans l'\u00e9l\u00e9ment de construction (d Bau) 11 mm  Diam\u00e8tre nominal du per\u00e7age (d 0) 25 mm Diam\u00e8tre du filetage (d Gew) 10 mm Hauteur de fixation max. (d a) 55 mm Mat\u00e9riau acier Profondeur minimale de la cavit\u00e9 (h) 75 mm Pour les fixations sur les murs creux, les plafonds creux, les plafonds suspendus et divers \u00e9l\u00e9ments sandwich.  Vous trouverez de plus amples informations sur le montage dans notre FAQ.","og_url":"https:\/\/airjust.de\/fr\/produkt\/kit-de-chevilles-a-bascule\/","og_site_name":"airjust Kleiderstange","article_publisher":"https:\/\/www.facebook.com\/airjust33\/","article_modified_time":"2021-11-16T14:13:53+00:00","og_image":[{"width":800,"height":1066,"url":"https:\/\/airjust.de\/wp-content\/uploads\/2021\/01\/airjust-Kippduebel-Set.jpg","type":"image\/jpeg"}],"twitter_card":"summary_large_image","schema":{"@context":"https:\/\/schema.org","@graph":[{"@type":"WebPage","@id":"https:\/\/airjust.de\/fr\/produkt\/kit-de-chevilles-a-bascule\/","url":"https:\/\/airjust.de\/fr\/produkt\/kit-de-chevilles-a-bascule\/","name":"Kit de chevilles \u00e0 bascule | airjust Kleiderstange","isPartOf":{"@id":"https:\/\/airjust.de\/fr\/#website"},"primaryImageOfPage":{"@id":"https:\/\/airjust.de\/fr\/produkt\/kit-de-chevilles-a-bascule\/#primaryimage"},"image":{"@id":"https:\/\/airjust.de\/fr\/produkt\/kit-de-chevilles-a-bascule\/#primaryimage"},"thumbnailUrl":"https:\/\/airjust.de\/wp-content\/uploads\/2021\/01\/airjust-Kippduebel-Set.jpg","datePublished":"2021-11-16T14:13:52+00:00","dateModified":"2021-11-16T14:13:53+00:00","breadcrumb":{"@id":"https:\/\/airjust.de\/fr\/produkt\/kit-de-chevilles-a-bascule\/#breadcrumb"},"inLanguage":"fr-FR","potentialAction":[{"@type":"ReadAction","target":["https:\/\/airjust.de\/fr\/produkt\/kit-de-chevilles-a-bascule\/"]}]},{"@type":"ImageObject","inLanguage":"fr-FR","@id":"https:\/\/airjust.de\/fr\/produkt\/kit-de-chevilles-a-bascule\/#primaryimage","url":"https:\/\/airjust.de\/wp-content\/uploads\/2021\/01\/airjust-Kippduebel-Set.jpg","contentUrl":"https:\/\/airjust.de\/wp-content\/uploads\/2021\/01\/airjust-Kippduebel-Set.jpg","width":800,"height":1066},{"@type":"BreadcrumbList","@id":"https:\/\/airjust.de\/fr\/produkt\/kit-de-chevilles-a-bascule\/#breadcrumb","itemListElement":[{"@type":"ListItem","position":1,"name":"Startseite","item":"https:\/\/airjust.de\/fr\/"},{"@type":"ListItem","position":2,"name":"Webshop","item":"https:\/\/airjust.de\/fr\/webshop\/"},{"@type":"ListItem","position":3,"name":"Kit de chevilles \u00e0 bascule"}]},{"@type":"WebSite","@id":"https:\/\/airjust.de\/fr\/#website","url":"https:\/\/airjust.de\/fr\/","name":"airjust Kleiderstange","description":"airjust &reg; Webshop","publisher":{"@id":"https:\/\/airjust.de\/fr\/#organization"},"potentialAction":[{"@type":"SearchAction","target":{"@type":"EntryPoint","urlTemplate":"https:\/\/airjust.de\/fr\/?s={search_term_string}"},"query-input":{"@type":"PropertyValueSpecification","valueRequired":true,"valueName":"search_term_string"}}],"inLanguage":"fr-FR"},{"@type":"Organization","@id":"https:\/\/airjust.de\/fr\/#organization","name":"airjust","url":"https:\/\/airjust.de\/fr\/","logo":{"@type":"ImageObject","inLanguage":"fr-FR","@id":"https:\/\/airjust.de\/fr\/#\/schema\/logo\/image\/","url":"https:\/\/airjust.de\/wp-content\/uploads\/2019\/07\/bilder-shop.png","contentUrl":"https:\/\/airjust.de\/wp-content\/uploads\/2019\/07\/bilder-shop.png","width":360,"height":110,"caption":"airjust"},"image":{"@id":"https:\/\/airjust.de\/fr\/#\/schema\/logo\/image\/"},"sameAs":["https:\/\/www.facebook.com\/airjust33\/","https:\/\/www.instagram.com\/airjust33\/","https:\/\/www.pinterest.de\/raumform33\/","https:\/\/www.youtube.com\/watch?v=qIuifbwBFg4"]}]}},"_links":{"self":[{"href":"https:\/\/airjust.de\/fr\/wp-json\/wp\/v2\/product\/6039","targetHints":{"allow":["GET"]}}],"collection":[{"href":"https:\/\/airjust.de\/fr\/wp-json\/wp\/v2\/product"}],"about":[{"href":"https:\/\/airjust.de\/fr\/wp-json\/wp\/v2\/types\/product"}],"wp:featuredmedia":[{"embeddable":true,"href":"https:\/\/airjust.de\/fr\/wp-json\/wp\/v2\/media\/6043"}],"wp:attachment":[{"href":"https:\/\/airjust.de\/fr\/wp-json\/wp\/v2\/media?parent=6039"}],"wp:term":[{"taxonomy":"product_brand","embeddable":true,"href":"https:\/\/airjust.de\/fr\/wp-json\/wp\/v2\/product_brand?post=6039"},{"taxonomy":"product_cat","embeddable":true,"href":"https:\/\/airjust.de\/fr\/wp-json\/wp\/v2\/product_cat?post=6039"},{"taxonomy":"product_tag","embeddable":true,"href":"https:\/\/airjust.de\/fr\/wp-json\/wp\/v2\/product_tag?post=6039"}],"curies":[{"name":"wp","href":"https:\/\/api.w.org\/{rel}","templated":true}]}}