{"id":5897,"date":"2021-11-15T18:18:19","date_gmt":"2021-11-15T17:18:19","guid":{"rendered":"https:\/\/airjust.de\/produkt\/portant-suspendu-airjust-twin\/"},"modified":"2021-11-17T10:18:55","modified_gmt":"2021-11-17T09:18:55","slug":"portant-suspendu-airjust-twin","status":"publish","type":"product","link":"https:\/\/airjust.de\/fr\/produkt\/portant-suspendu-airjust-twin\/","title":{"rendered":"Portant suspendu airjust \u00ae TWIN"},"content":{"rendered":"<div class=\"wpb-content-wrapper\"><p>[vc_row][vc_column][vc_column_text]La penderie airjust \u00ae TWIN combine un design simple avec une fonction bien pens\u00e9e. Les tringles \u00e0 v\u00eatements sont suspendues au plafond \u00e0 l&rsquo;aide de c\u00e2bles d&rsquo;acier filigranes et vous offrent beaucoup d&rsquo;espace pour de nouvelles choses en dessous. Les tringles \u00e0 v\u00eatements peuvent \u00eatre positionn\u00e9es de mani\u00e8re variable vers le haut ou vers le bas le long des cordes avec un m\u00e9canisme de clic.<br \/>\nParfait comme <strong>penderie minimaliste<\/strong> pour le couloir, les bureaux ou les cabinets. Comme tringle \u00e0 linge pratique pour les s\u00e9choirs \u00e0 linge ou comme porte-marchandises minimaliste pour les boutiques de mode. <\/a>Gr\u00e2ce \u00e0 la simple suspension au plafond, airjust est une <strong>alternative de gain d&rsquo;espace<\/strong> aux armoires dans les chambres ou les dressings.<\/p>\n<p><strong>Dimensions :<br \/>\n<\/strong>Largeurs des tringles \u00e0 linge de 80 et 100.<br \/>\nLongueur des c\u00e2bles en acier 170 cm, convenant pour <strong>des hauteurs de plafond allant jusqu&rsquo;\u00e0 320 cm<\/strong>.<\/p>\n<p>Sur demande, nous pouvons ajuster la longueur des cordes.<\/p>\n<p><strong>Mat\u00e9riau :<br \/>\n<\/strong>Industrie V2A, finement bross\u00e9e et polie \u00e0 la main.<\/p>\n<p><strong>Capacit\u00e9 de charge :<br \/>\n<\/strong>jusqu&rsquo;\u00e0 100 kg (selon la construction du plafond et l&rsquo;installation professionnelle).<br \/>\nPour le montage dans des plafonds suspendus e<a href=\"https:\/\/airjust.de\/fr\/produkt\/kit-de-chevilles-a-bascule\/\">nous recommandons des chevilles basculantes sp\u00e9ciales .<\/a>.<\/p>\n<p>Les instructions d&rsquo;installation et les fixations au plafond (chevilles universelles Fischer et vis) sont incluses dans la livraison.<\/p>\n<p><strong>Conception et production : Munich, Allemagne<\/strong> par AGE GmbH.<\/p>\n<p>Pour plus d&rsquo;informations sur l&rsquo;assemblage et les fiches techniques<a href=\"https:\/\/airjust.de\/fr\/faq-download\/\">, veuillez consulter notre page FAQ \/ t\u00e9l\u00e9chargement<\/a>.[\/vc_column_text][\/vc_column][\/vc_row]<\/p>\n<\/div>","protected":false},"excerpt":{"rendered":"<p>Gr\u00e2ce aux doubles barres de penderie, airjust\u00ae TWIN est id\u00e9al comme vestiaire suspendu peu encombrant pour les petites pi\u00e8ces ou les couloirs. Gr\u00e2ce \u00e0 la fixation au plafond, vous gagnez un espace de rangement suppl\u00e9mentaire au sol. Les tringles \u00e0 v\u00eatements peuvent \u00eatre r\u00e9gl\u00e9es en hauteur \u00e0 volont\u00e9. Parfait comme penderie de plafond peu encombrante pour les familles avec enfants.<\/p>\n","protected":false},"featured_media":5848,"template":"","meta":[],"product_brand":[],"product_cat":[323],"product_tag":[],"class_list":{"0":"post-5897","1":"product","2":"type-product","3":"status-publish","4":"has-post-thumbnail","6":"product_cat-airjust-fr","7":"product_shipping_class-standard","9":"first","10":"instock","11":"taxable","12":"shipping-taxable","13":"purchasable","14":"product-type-variable"},"yoast_head":"<!-- This site is optimized with the Yoast SEO plugin v27.3 - https:\/\/yoast.com\/product\/yoast-seo-wordpress\/ -->\n<title>Penderie suspendue airjust \u00ae TWIN avec deux tringles \u00e0 linge. Hauteur r\u00e9glable<\/title>\n<meta name=\"description\" content=\"Le porte-manteau suspendu pratique pour le couloir. Porte-manteaux \u00e0 suspension libre en acier inoxydable pour montage au plafond. Hauteur r\u00e9glable. Gain de place.\" \/>\n<meta name=\"robots\" content=\"index, follow, max-snippet:-1, max-image-preview:large, max-video-preview:-1\" \/>\n<link rel=\"canonical\" href=\"https:\/\/airjust.de\/fr\/produkt\/portant-suspendu-airjust-twin\/\" \/>\n<meta property=\"og:locale\" content=\"fr_FR\" \/>\n<meta property=\"og:type\" content=\"article\" \/>\n<meta property=\"og:title\" content=\"Penderie suspendue airjust \u00ae TWIN avec deux tringles \u00e0 linge. Hauteur r\u00e9glable\" \/>\n<meta property=\"og:description\" content=\"Le porte-manteau suspendu pratique pour le couloir. Porte-manteaux \u00e0 suspension libre en acier inoxydable pour montage au plafond. Hauteur r\u00e9glable. Gain de place.\" \/>\n<meta property=\"og:url\" content=\"https:\/\/airjust.de\/fr\/produkt\/portant-suspendu-airjust-twin\/\" \/>\n<meta property=\"og:site_name\" content=\"airjust Kleiderstange\" \/>\n<meta property=\"article:publisher\" content=\"https:\/\/www.facebook.com\/airjust33\/\" \/>\n<meta property=\"article:modified_time\" content=\"2021-11-17T09:18:55+00:00\" \/>\n<meta property=\"og:image\" content=\"https:\/\/airjust.de\/wp-content\/uploads\/2020\/03\/doppelte-Kleiderstange-deckengarderobe-airjust.jpg\" \/>\n\t<meta property=\"og:image:width\" content=\"800\" \/>\n\t<meta property=\"og:image:height\" content=\"1096\" \/>\n\t<meta property=\"og:image:type\" content=\"image\/jpeg\" \/>\n<meta name=\"twitter:card\" content=\"summary_large_image\" \/>\n<meta name=\"twitter:label1\" content=\"Dur\u00e9e de lecture estim\u00e9e\" \/>\n\t<meta name=\"twitter:data1\" content=\"1 minute\" \/>\n<script type=\"application\/ld+json\" class=\"yoast-schema-graph\">{\"@context\":\"https:\\\/\\\/schema.org\",\"@graph\":[{\"@type\":\"WebPage\",\"@id\":\"https:\\\/\\\/airjust.de\\\/fr\\\/produkt\\\/portant-suspendu-airjust-twin\\\/\",\"url\":\"https:\\\/\\\/airjust.de\\\/fr\\\/produkt\\\/portant-suspendu-airjust-twin\\\/\",\"name\":\"Penderie suspendue airjust \u00ae TWIN avec deux tringles \u00e0 linge. Hauteur r\u00e9glable\",\"isPartOf\":{\"@id\":\"https:\\\/\\\/airjust.de\\\/fr\\\/#website\"},\"primaryImageOfPage\":{\"@id\":\"https:\\\/\\\/airjust.de\\\/fr\\\/produkt\\\/portant-suspendu-airjust-twin\\\/#primaryimage\"},\"image\":{\"@id\":\"https:\\\/\\\/airjust.de\\\/fr\\\/produkt\\\/portant-suspendu-airjust-twin\\\/#primaryimage\"},\"thumbnailUrl\":\"https:\\\/\\\/airjust.de\\\/wp-content\\\/uploads\\\/2020\\\/03\\\/doppelte-Kleiderstange-deckengarderobe-airjust.jpg\",\"datePublished\":\"2021-11-15T17:18:19+00:00\",\"dateModified\":\"2021-11-17T09:18:55+00:00\",\"description\":\"Le porte-manteau suspendu pratique pour le couloir. Porte-manteaux \u00e0 suspension libre en acier inoxydable pour montage au plafond. Hauteur r\u00e9glable. Gain de place.\",\"breadcrumb\":{\"@id\":\"https:\\\/\\\/airjust.de\\\/fr\\\/produkt\\\/portant-suspendu-airjust-twin\\\/#breadcrumb\"},\"inLanguage\":\"fr-FR\",\"potentialAction\":[{\"@type\":\"ReadAction\",\"target\":[\"https:\\\/\\\/airjust.de\\\/fr\\\/produkt\\\/portant-suspendu-airjust-twin\\\/\"]}]},{\"@type\":\"ImageObject\",\"inLanguage\":\"fr-FR\",\"@id\":\"https:\\\/\\\/airjust.de\\\/fr\\\/produkt\\\/portant-suspendu-airjust-twin\\\/#primaryimage\",\"url\":\"https:\\\/\\\/airjust.de\\\/wp-content\\\/uploads\\\/2020\\\/03\\\/doppelte-Kleiderstange-deckengarderobe-airjust.jpg\",\"contentUrl\":\"https:\\\/\\\/airjust.de\\\/wp-content\\\/uploads\\\/2020\\\/03\\\/doppelte-Kleiderstange-deckengarderobe-airjust.jpg\",\"width\":800,\"height\":1096,\"caption\":\"Porte-manteau de plafond airjust avec double tringle \u00e0 v\u00eatements\"},{\"@type\":\"BreadcrumbList\",\"@id\":\"https:\\\/\\\/airjust.de\\\/fr\\\/produkt\\\/portant-suspendu-airjust-twin\\\/#breadcrumb\",\"itemListElement\":[{\"@type\":\"ListItem\",\"position\":1,\"name\":\"Startseite\",\"item\":\"https:\\\/\\\/airjust.de\\\/fr\\\/\"},{\"@type\":\"ListItem\",\"position\":2,\"name\":\"Webshop\",\"item\":\"https:\\\/\\\/airjust.de\\\/fr\\\/webshop\\\/\"},{\"@type\":\"ListItem\",\"position\":3,\"name\":\"Portant suspendu airjust \u00ae TWIN\"}]},{\"@type\":\"WebSite\",\"@id\":\"https:\\\/\\\/airjust.de\\\/fr\\\/#website\",\"url\":\"https:\\\/\\\/airjust.de\\\/fr\\\/\",\"name\":\"airjust Kleiderstange\",\"description\":\"airjust &reg; Webshop\",\"publisher\":{\"@id\":\"https:\\\/\\\/airjust.de\\\/fr\\\/#organization\"},\"potentialAction\":[{\"@type\":\"SearchAction\",\"target\":{\"@type\":\"EntryPoint\",\"urlTemplate\":\"https:\\\/\\\/airjust.de\\\/fr\\\/?s={search_term_string}\"},\"query-input\":{\"@type\":\"PropertyValueSpecification\",\"valueRequired\":true,\"valueName\":\"search_term_string\"}}],\"inLanguage\":\"fr-FR\"},{\"@type\":\"Organization\",\"@id\":\"https:\\\/\\\/airjust.de\\\/fr\\\/#organization\",\"name\":\"airjust\",\"url\":\"https:\\\/\\\/airjust.de\\\/fr\\\/\",\"logo\":{\"@type\":\"ImageObject\",\"inLanguage\":\"fr-FR\",\"@id\":\"https:\\\/\\\/airjust.de\\\/fr\\\/#\\\/schema\\\/logo\\\/image\\\/\",\"url\":\"https:\\\/\\\/airjust.de\\\/wp-content\\\/uploads\\\/2019\\\/07\\\/bilder-shop.png\",\"contentUrl\":\"https:\\\/\\\/airjust.de\\\/wp-content\\\/uploads\\\/2019\\\/07\\\/bilder-shop.png\",\"width\":360,\"height\":110,\"caption\":\"airjust\"},\"image\":{\"@id\":\"https:\\\/\\\/airjust.de\\\/fr\\\/#\\\/schema\\\/logo\\\/image\\\/\"},\"sameAs\":[\"https:\\\/\\\/www.facebook.com\\\/airjust33\\\/\",\"https:\\\/\\\/www.instagram.com\\\/airjust33\\\/\",\"https:\\\/\\\/www.pinterest.de\\\/raumform33\\\/\",\"https:\\\/\\\/www.youtube.com\\\/watch?v=qIuifbwBFg4\"]}]}<\/script>\n<!-- \/ Yoast SEO plugin. -->","yoast_head_json":{"title":"Penderie suspendue airjust \u00ae TWIN avec deux tringles \u00e0 linge. Hauteur r\u00e9glable","description":"Le porte-manteau suspendu pratique pour le couloir. Porte-manteaux \u00e0 suspension libre en acier inoxydable pour montage au plafond. Hauteur r\u00e9glable. Gain de place.","robots":{"index":"index","follow":"follow","max-snippet":"max-snippet:-1","max-image-preview":"max-image-preview:large","max-video-preview":"max-video-preview:-1"},"canonical":"https:\/\/airjust.de\/fr\/produkt\/portant-suspendu-airjust-twin\/","og_locale":"fr_FR","og_type":"article","og_title":"Penderie suspendue airjust \u00ae TWIN avec deux tringles \u00e0 linge. Hauteur r\u00e9glable","og_description":"Le porte-manteau suspendu pratique pour le couloir. Porte-manteaux \u00e0 suspension libre en acier inoxydable pour montage au plafond. Hauteur r\u00e9glable. Gain de place.","og_url":"https:\/\/airjust.de\/fr\/produkt\/portant-suspendu-airjust-twin\/","og_site_name":"airjust Kleiderstange","article_publisher":"https:\/\/www.facebook.com\/airjust33\/","article_modified_time":"2021-11-17T09:18:55+00:00","og_image":[{"width":800,"height":1096,"url":"https:\/\/airjust.de\/wp-content\/uploads\/2020\/03\/doppelte-Kleiderstange-deckengarderobe-airjust.jpg","type":"image\/jpeg"}],"twitter_card":"summary_large_image","twitter_misc":{"Dur\u00e9e de lecture estim\u00e9e":"1 minute"},"schema":{"@context":"https:\/\/schema.org","@graph":[{"@type":"WebPage","@id":"https:\/\/airjust.de\/fr\/produkt\/portant-suspendu-airjust-twin\/","url":"https:\/\/airjust.de\/fr\/produkt\/portant-suspendu-airjust-twin\/","name":"Penderie suspendue airjust \u00ae TWIN avec deux tringles \u00e0 linge. Hauteur r\u00e9glable","isPartOf":{"@id":"https:\/\/airjust.de\/fr\/#website"},"primaryImageOfPage":{"@id":"https:\/\/airjust.de\/fr\/produkt\/portant-suspendu-airjust-twin\/#primaryimage"},"image":{"@id":"https:\/\/airjust.de\/fr\/produkt\/portant-suspendu-airjust-twin\/#primaryimage"},"thumbnailUrl":"https:\/\/airjust.de\/wp-content\/uploads\/2020\/03\/doppelte-Kleiderstange-deckengarderobe-airjust.jpg","datePublished":"2021-11-15T17:18:19+00:00","dateModified":"2021-11-17T09:18:55+00:00","description":"Le porte-manteau suspendu pratique pour le couloir. Porte-manteaux \u00e0 suspension libre en acier inoxydable pour montage au plafond. Hauteur r\u00e9glable. Gain de place.","breadcrumb":{"@id":"https:\/\/airjust.de\/fr\/produkt\/portant-suspendu-airjust-twin\/#breadcrumb"},"inLanguage":"fr-FR","potentialAction":[{"@type":"ReadAction","target":["https:\/\/airjust.de\/fr\/produkt\/portant-suspendu-airjust-twin\/"]}]},{"@type":"ImageObject","inLanguage":"fr-FR","@id":"https:\/\/airjust.de\/fr\/produkt\/portant-suspendu-airjust-twin\/#primaryimage","url":"https:\/\/airjust.de\/wp-content\/uploads\/2020\/03\/doppelte-Kleiderstange-deckengarderobe-airjust.jpg","contentUrl":"https:\/\/airjust.de\/wp-content\/uploads\/2020\/03\/doppelte-Kleiderstange-deckengarderobe-airjust.jpg","width":800,"height":1096,"caption":"Porte-manteau de plafond airjust avec double tringle \u00e0 v\u00eatements"},{"@type":"BreadcrumbList","@id":"https:\/\/airjust.de\/fr\/produkt\/portant-suspendu-airjust-twin\/#breadcrumb","itemListElement":[{"@type":"ListItem","position":1,"name":"Startseite","item":"https:\/\/airjust.de\/fr\/"},{"@type":"ListItem","position":2,"name":"Webshop","item":"https:\/\/airjust.de\/fr\/webshop\/"},{"@type":"ListItem","position":3,"name":"Portant suspendu airjust \u00ae TWIN"}]},{"@type":"WebSite","@id":"https:\/\/airjust.de\/fr\/#website","url":"https:\/\/airjust.de\/fr\/","name":"airjust Kleiderstange","description":"airjust &reg; Webshop","publisher":{"@id":"https:\/\/airjust.de\/fr\/#organization"},"potentialAction":[{"@type":"SearchAction","target":{"@type":"EntryPoint","urlTemplate":"https:\/\/airjust.de\/fr\/?s={search_term_string}"},"query-input":{"@type":"PropertyValueSpecification","valueRequired":true,"valueName":"search_term_string"}}],"inLanguage":"fr-FR"},{"@type":"Organization","@id":"https:\/\/airjust.de\/fr\/#organization","name":"airjust","url":"https:\/\/airjust.de\/fr\/","logo":{"@type":"ImageObject","inLanguage":"fr-FR","@id":"https:\/\/airjust.de\/fr\/#\/schema\/logo\/image\/","url":"https:\/\/airjust.de\/wp-content\/uploads\/2019\/07\/bilder-shop.png","contentUrl":"https:\/\/airjust.de\/wp-content\/uploads\/2019\/07\/bilder-shop.png","width":360,"height":110,"caption":"airjust"},"image":{"@id":"https:\/\/airjust.de\/fr\/#\/schema\/logo\/image\/"},"sameAs":["https:\/\/www.facebook.com\/airjust33\/","https:\/\/www.instagram.com\/airjust33\/","https:\/\/www.pinterest.de\/raumform33\/","https:\/\/www.youtube.com\/watch?v=qIuifbwBFg4"]}]}},"_links":{"self":[{"href":"https:\/\/airjust.de\/fr\/wp-json\/wp\/v2\/product\/5897","targetHints":{"allow":["GET"]}}],"collection":[{"href":"https:\/\/airjust.de\/fr\/wp-json\/wp\/v2\/product"}],"about":[{"href":"https:\/\/airjust.de\/fr\/wp-json\/wp\/v2\/types\/product"}],"wp:featuredmedia":[{"embeddable":true,"href":"https:\/\/airjust.de\/fr\/wp-json\/wp\/v2\/media\/5848"}],"wp:attachment":[{"href":"https:\/\/airjust.de\/fr\/wp-json\/wp\/v2\/media?parent=5897"}],"wp:term":[{"taxonomy":"product_brand","embeddable":true,"href":"https:\/\/airjust.de\/fr\/wp-json\/wp\/v2\/product_brand?post=5897"},{"taxonomy":"product_cat","embeddable":true,"href":"https:\/\/airjust.de\/fr\/wp-json\/wp\/v2\/product_cat?post=5897"},{"taxonomy":"product_tag","embeddable":true,"href":"https:\/\/airjust.de\/fr\/wp-json\/wp\/v2\/product_tag?post=5897"}],"curies":[{"name":"wp","href":"https:\/\/api.w.org\/{rel}","templated":true}]}}