{"id":5856,"date":"2021-11-15T18:10:12","date_gmt":"2021-11-15T17:10:12","guid":{"rendered":"https:\/\/airjust.de\/produkt\/airjust-solo-tringle-a-vetements-pour-le-plafond\/"},"modified":"2021-11-17T10:15:41","modified_gmt":"2021-11-17T09:15:41","slug":"airjust-solo-portant-a-vetements-suspendu","status":"publish","type":"product","link":"https:\/\/airjust.de\/fr\/produkt\/airjust-solo-portant-a-vetements-suspendu\/","title":{"rendered":"airjust \u00ae SOLO  Portant a vetements suspendu"},"content":{"rendered":"<div class=\"wpb-content-wrapper\"><p>[vc_row][vc_column css=\u00a0\u00bb.vc_custom_1607436715436{padding-right: 10% !important;padding-left: 10% !important;}\u00a0\u00bb][vc_column_text]Portant a vetements suspendu airjust \u00ae SOLO \u00a0combine un design simple avec une fonction bien pens\u00e9e. La tringle \u00e0 v\u00eatements r\u00e9glable en hauteur au plafond est suspendue \u00e0 l&rsquo;aide de c\u00e2bles d&rsquo;acier filigranes et cr\u00e9e beaucoup d&rsquo;espace pour de nouvelles choses en dessous.<br \/>\nLes tringles \u00e0 v\u00eatements peuvent \u00eatre positionn\u00e9es vers le haut ou vers le bas d&rsquo;un simple geste du poignet. Si la tringle \u00e0 v\u00eatements n&rsquo;est pas n\u00e9cessaire, vous pouvez simplement la glisser sous le plafond.<br \/>\nLe design minimaliste en acier inoxydable fait de airjust la sc\u00e8ne parfaite pour vos pi\u00e8ces pr\u00e9f\u00e9r\u00e9es \u00e0 la maison. Id\u00e9al comme porte-manteau de plafond minimaliste pour le couloir, les bureaux ou les cabinets. Comme tringle \u00e0 v\u00eatements pratique pour les salles de s\u00e9chage ou comme syst\u00e8me de tringle \u00e0 v\u00eatements minimaliste pour les boutiques de mode. Gr\u00e2ce \u00e0 sa simple suspension au plafond, airjust est une alternative peu encombrante aux armoires dans les chambres \u00e0 coucher ou les dressings.<\/p>\n<p><strong>Dimensions :<\/strong><br \/>\nLa tringle \u00e0 v\u00eatements est disponible en diff\u00e9rentes largeurs, de 80 \u00e0 170 cm.<\/p>\n<p>Largeurs sp\u00e9ciales sur demande.<\/p>\n<p><strong>Longueur des c\u00e2bles d&rsquo;acier :<\/strong><\/p>\n<p>100 cm, convenant \u00e0 des hauteurs de plafond allant jusqu&rsquo;\u00e0 250 cm.<\/p>\n<p>150 cm, convenant \u00e0 des hauteurs de plafond allant jusqu&rsquo;\u00e0 300 cm.<\/p>\n<p>Des cordes plus longues, jusqu&rsquo;\u00e0 5 m\u00e8tres, peuvent \u00eatre trouv\u00e9es ici.<\/p>\n<p>Les cordes peuvent \u00e9galement \u00eatre raccourcies sur demande. (recommand\u00e9 pour les largeurs de 80 et 100 cm).<\/p>\n<p><strong>Mat\u00e9riau :<\/strong><br \/>\nAcier inoxydable V2A finement bross\u00e9 et poli \u00e0 la main.<\/p>\n<p><strong>Capacit\u00e9 de charge :<\/strong><br \/>\njusqu&rsquo;\u00e0 100 kg (en fonction de la construction du plafond et de l&rsquo;installation professionnelle).<br \/>\nPour le montage dans des plafonds suspendus, nous recommandons l&rsquo;utilisation de chevilles basculantes sp\u00e9ciales.<\/p>\n<p>Les instructions de montage et les fixations au plafond (<a href=\"https:\/\/www.fischer.fr\/fr-fr\/\">chevilles universelles Fischer et vis)<\/a> sont incluses dans la livraison.<\/p>\n<p>Conception et production : Munich, Allemagne par AGE GmbH<\/p>\n<p>Pour plus d&rsquo;informations sur l&rsquo;installation et les fiches techniques, veuillez consulter <a href=\"https:\/\/airjust.de\/fr\/faq-download\/\">notre page FAQ \/ T\u00e9l\u00e9chargement.<\/a>[\/vc_column_text][\/vc_column][\/vc_row]<\/p>\n<\/div>","protected":false},"excerpt":{"rendered":"<p>airjust \u00ae SOLO. Portant a vetements suspendu.<br \/>\nMontage simple au plafond. Convient \u00e9galement aux plafonds suspendus. Les tringles \u00e0 v\u00eatements peuvent \u00eatre r\u00e9gl\u00e9es en hauteur par simple pression sur un bouton.<br \/>\n<strong>La largeur de la tringle \u00e0 v\u00eatements:<\/strong><br \/>\n.<br \/>\nde 80 \u00e0 170 cm<br \/>\n<strong>Longueur des c\u00e2bles d&rsquo;acier:<\/strong><br \/>\n.<br \/>\n100 cm (recommand\u00e9 pour les hauteurs de plafond de <strong>jusqu&rsquo;\u00e0 250 cm<\/strong>)<strong><br \/>\n.<br \/>\n<\/strong>150 cm ( recommand\u00e9 pour les hauteurs de plafond de <strong>jusqu&rsquo;\u00e0 300 cm<\/strong>)<\/p>\n<p>.<\/p>\n<p>Les vis et les chevilles pour les plafonds en b\u00e9ton sont incluses. Pour les plafonds suspendus e<a href=\"https:\/\/airjust.de\/produkt\/deckenbefestigungs-set-fuer-hohlraumdecken\/\">nous recommandons des chevilles basculantes sp\u00e9ciales.<\/a><\/p>\n<p>.<\/p>\n<p>&nbsp;<\/p>\n","protected":false},"featured_media":5863,"template":"","meta":[],"product_brand":[],"product_cat":[323],"product_tag":[],"class_list":{"0":"post-5856","1":"product","2":"type-product","3":"status-publish","4":"has-post-thumbnail","6":"product_cat-airjust-fr","7":"product_shipping_class-standard","9":"first","10":"instock","11":"taxable","12":"shipping-taxable","13":"purchasable","14":"product-type-variable"},"yoast_head":"<!-- This site is optimized with the Yoast SEO plugin v27.4 - https:\/\/yoast.com\/product\/yoast-seo-wordpress\/ -->\n<title>Portant a vetements suspendu | airjust \u00ae SOLO<\/title>\n<meta name=\"description\" content=\"Portant a vetements suspendu \u2713 r\u00e9glable en hauteur. \u2713 acier inoxydable de haute qualit\u00e9 \u2713 acheter en ligne \u2713 nombreuses largeurs \u2713 commander maintenant.\" \/>\n<meta name=\"robots\" content=\"index, follow, max-snippet:-1, max-image-preview:large, max-video-preview:-1\" \/>\n<link rel=\"canonical\" href=\"https:\/\/airjust.de\/fr\/produkt\/airjust-solo-portant-a-vetements-suspendu\/\" \/>\n<meta property=\"og:locale\" content=\"fr_FR\" \/>\n<meta property=\"og:type\" content=\"article\" \/>\n<meta property=\"og:title\" content=\"Portant a vetements suspendu | airjust \u00ae SOLO\" \/>\n<meta property=\"og:description\" content=\"Portant a vetements suspendu \u2713 r\u00e9glable en hauteur. \u2713 acier inoxydable de haute qualit\u00e9 \u2713 acheter en ligne \u2713 nombreuses largeurs \u2713 commander maintenant.\" \/>\n<meta property=\"og:url\" content=\"https:\/\/airjust.de\/fr\/produkt\/airjust-solo-portant-a-vetements-suspendu\/\" \/>\n<meta property=\"og:site_name\" content=\"airjust Kleiderstange\" \/>\n<meta property=\"article:publisher\" content=\"https:\/\/www.facebook.com\/airjust33\/\" \/>\n<meta property=\"article:modified_time\" content=\"2021-11-17T09:15:41+00:00\" \/>\n<meta property=\"og:image\" content=\"https:\/\/airjust.de\/wp-content\/uploads\/2020\/03\/kleiderstange-abegehaengt-deckenmontage.jpg\" \/>\n\t<meta property=\"og:image:width\" content=\"800\" \/>\n\t<meta property=\"og:image:height\" content=\"1096\" \/>\n\t<meta property=\"og:image:type\" content=\"image\/jpeg\" \/>\n<meta name=\"twitter:card\" content=\"summary_large_image\" \/>\n<meta name=\"twitter:label1\" content=\"Dur\u00e9e de lecture estim\u00e9e\" \/>\n\t<meta name=\"twitter:data1\" content=\"2 minutes\" \/>\n<script type=\"application\/ld+json\" class=\"yoast-schema-graph\">{\"@context\":\"https:\\\/\\\/schema.org\",\"@graph\":[{\"@type\":\"WebPage\",\"@id\":\"https:\\\/\\\/airjust.de\\\/fr\\\/produkt\\\/airjust-solo-portant-a-vetements-suspendu\\\/\",\"url\":\"https:\\\/\\\/airjust.de\\\/fr\\\/produkt\\\/airjust-solo-portant-a-vetements-suspendu\\\/\",\"name\":\"Portant a vetements suspendu | airjust \u00ae SOLO\",\"isPartOf\":{\"@id\":\"https:\\\/\\\/airjust.de\\\/fr\\\/#website\"},\"primaryImageOfPage\":{\"@id\":\"https:\\\/\\\/airjust.de\\\/fr\\\/produkt\\\/airjust-solo-portant-a-vetements-suspendu\\\/#primaryimage\"},\"image\":{\"@id\":\"https:\\\/\\\/airjust.de\\\/fr\\\/produkt\\\/airjust-solo-portant-a-vetements-suspendu\\\/#primaryimage\"},\"thumbnailUrl\":\"https:\\\/\\\/airjust.de\\\/wp-content\\\/uploads\\\/2020\\\/03\\\/kleiderstange-abegehaengt-deckenmontage.jpg\",\"datePublished\":\"2021-11-15T17:10:12+00:00\",\"dateModified\":\"2021-11-17T09:15:41+00:00\",\"description\":\"Portant a vetements suspendu \u2713 r\u00e9glable en hauteur. \u2713 acier inoxydable de haute qualit\u00e9 \u2713 acheter en ligne \u2713 nombreuses largeurs \u2713 commander maintenant.\",\"breadcrumb\":{\"@id\":\"https:\\\/\\\/airjust.de\\\/fr\\\/produkt\\\/airjust-solo-portant-a-vetements-suspendu\\\/#breadcrumb\"},\"inLanguage\":\"fr-FR\",\"potentialAction\":[{\"@type\":\"ReadAction\",\"target\":[\"https:\\\/\\\/airjust.de\\\/fr\\\/produkt\\\/airjust-solo-portant-a-vetements-suspendu\\\/\"]}]},{\"@type\":\"ImageObject\",\"inLanguage\":\"fr-FR\",\"@id\":\"https:\\\/\\\/airjust.de\\\/fr\\\/produkt\\\/airjust-solo-portant-a-vetements-suspendu\\\/#primaryimage\",\"url\":\"https:\\\/\\\/airjust.de\\\/wp-content\\\/uploads\\\/2020\\\/03\\\/kleiderstange-abegehaengt-deckenmontage.jpg\",\"contentUrl\":\"https:\\\/\\\/airjust.de\\\/wp-content\\\/uploads\\\/2020\\\/03\\\/kleiderstange-abegehaengt-deckenmontage.jpg\",\"width\":800,\"height\":1096,\"caption\":\"Portant a vetements suspendu .Hauteur r\u00e9glable pour le montage au plafond\"},{\"@type\":\"BreadcrumbList\",\"@id\":\"https:\\\/\\\/airjust.de\\\/fr\\\/produkt\\\/airjust-solo-portant-a-vetements-suspendu\\\/#breadcrumb\",\"itemListElement\":[{\"@type\":\"ListItem\",\"position\":1,\"name\":\"Startseite\",\"item\":\"https:\\\/\\\/airjust.de\\\/fr\\\/\"},{\"@type\":\"ListItem\",\"position\":2,\"name\":\"Webshop\",\"item\":\"https:\\\/\\\/airjust.de\\\/fr\\\/webshop\\\/\"},{\"@type\":\"ListItem\",\"position\":3,\"name\":\"airjust \u00ae SOLO Portant a vetements suspendu\"}]},{\"@type\":\"WebSite\",\"@id\":\"https:\\\/\\\/airjust.de\\\/fr\\\/#website\",\"url\":\"https:\\\/\\\/airjust.de\\\/fr\\\/\",\"name\":\"airjust Kleiderstange\",\"description\":\"airjust &reg; Webshop\",\"publisher\":{\"@id\":\"https:\\\/\\\/airjust.de\\\/fr\\\/#organization\"},\"potentialAction\":[{\"@type\":\"SearchAction\",\"target\":{\"@type\":\"EntryPoint\",\"urlTemplate\":\"https:\\\/\\\/airjust.de\\\/fr\\\/?s={search_term_string}\"},\"query-input\":{\"@type\":\"PropertyValueSpecification\",\"valueRequired\":true,\"valueName\":\"search_term_string\"}}],\"inLanguage\":\"fr-FR\"},{\"@type\":\"Organization\",\"@id\":\"https:\\\/\\\/airjust.de\\\/fr\\\/#organization\",\"name\":\"airjust\",\"url\":\"https:\\\/\\\/airjust.de\\\/fr\\\/\",\"logo\":{\"@type\":\"ImageObject\",\"inLanguage\":\"fr-FR\",\"@id\":\"https:\\\/\\\/airjust.de\\\/fr\\\/#\\\/schema\\\/logo\\\/image\\\/\",\"url\":\"https:\\\/\\\/airjust.de\\\/wp-content\\\/uploads\\\/2019\\\/07\\\/bilder-shop.png\",\"contentUrl\":\"https:\\\/\\\/airjust.de\\\/wp-content\\\/uploads\\\/2019\\\/07\\\/bilder-shop.png\",\"width\":360,\"height\":110,\"caption\":\"airjust\"},\"image\":{\"@id\":\"https:\\\/\\\/airjust.de\\\/fr\\\/#\\\/schema\\\/logo\\\/image\\\/\"},\"sameAs\":[\"https:\\\/\\\/www.facebook.com\\\/airjust33\\\/\",\"https:\\\/\\\/www.instagram.com\\\/airjust33\\\/\",\"https:\\\/\\\/www.pinterest.de\\\/raumform33\\\/\",\"https:\\\/\\\/www.youtube.com\\\/watch?v=qIuifbwBFg4\"]}]}<\/script>\n<!-- \/ Yoast SEO plugin. -->","yoast_head_json":{"title":"Portant a vetements suspendu | airjust \u00ae SOLO","description":"Portant a vetements suspendu \u2713 r\u00e9glable en hauteur. \u2713 acier inoxydable de haute qualit\u00e9 \u2713 acheter en ligne \u2713 nombreuses largeurs \u2713 commander maintenant.","robots":{"index":"index","follow":"follow","max-snippet":"max-snippet:-1","max-image-preview":"max-image-preview:large","max-video-preview":"max-video-preview:-1"},"canonical":"https:\/\/airjust.de\/fr\/produkt\/airjust-solo-portant-a-vetements-suspendu\/","og_locale":"fr_FR","og_type":"article","og_title":"Portant a vetements suspendu | airjust \u00ae SOLO","og_description":"Portant a vetements suspendu \u2713 r\u00e9glable en hauteur. \u2713 acier inoxydable de haute qualit\u00e9 \u2713 acheter en ligne \u2713 nombreuses largeurs \u2713 commander maintenant.","og_url":"https:\/\/airjust.de\/fr\/produkt\/airjust-solo-portant-a-vetements-suspendu\/","og_site_name":"airjust Kleiderstange","article_publisher":"https:\/\/www.facebook.com\/airjust33\/","article_modified_time":"2021-11-17T09:15:41+00:00","og_image":[{"width":800,"height":1096,"url":"https:\/\/airjust.de\/wp-content\/uploads\/2020\/03\/kleiderstange-abegehaengt-deckenmontage.jpg","type":"image\/jpeg"}],"twitter_card":"summary_large_image","twitter_misc":{"Dur\u00e9e de lecture estim\u00e9e":"2 minutes"},"schema":{"@context":"https:\/\/schema.org","@graph":[{"@type":"WebPage","@id":"https:\/\/airjust.de\/fr\/produkt\/airjust-solo-portant-a-vetements-suspendu\/","url":"https:\/\/airjust.de\/fr\/produkt\/airjust-solo-portant-a-vetements-suspendu\/","name":"Portant a vetements suspendu | airjust \u00ae SOLO","isPartOf":{"@id":"https:\/\/airjust.de\/fr\/#website"},"primaryImageOfPage":{"@id":"https:\/\/airjust.de\/fr\/produkt\/airjust-solo-portant-a-vetements-suspendu\/#primaryimage"},"image":{"@id":"https:\/\/airjust.de\/fr\/produkt\/airjust-solo-portant-a-vetements-suspendu\/#primaryimage"},"thumbnailUrl":"https:\/\/airjust.de\/wp-content\/uploads\/2020\/03\/kleiderstange-abegehaengt-deckenmontage.jpg","datePublished":"2021-11-15T17:10:12+00:00","dateModified":"2021-11-17T09:15:41+00:00","description":"Portant a vetements suspendu \u2713 r\u00e9glable en hauteur. \u2713 acier inoxydable de haute qualit\u00e9 \u2713 acheter en ligne \u2713 nombreuses largeurs \u2713 commander maintenant.","breadcrumb":{"@id":"https:\/\/airjust.de\/fr\/produkt\/airjust-solo-portant-a-vetements-suspendu\/#breadcrumb"},"inLanguage":"fr-FR","potentialAction":[{"@type":"ReadAction","target":["https:\/\/airjust.de\/fr\/produkt\/airjust-solo-portant-a-vetements-suspendu\/"]}]},{"@type":"ImageObject","inLanguage":"fr-FR","@id":"https:\/\/airjust.de\/fr\/produkt\/airjust-solo-portant-a-vetements-suspendu\/#primaryimage","url":"https:\/\/airjust.de\/wp-content\/uploads\/2020\/03\/kleiderstange-abegehaengt-deckenmontage.jpg","contentUrl":"https:\/\/airjust.de\/wp-content\/uploads\/2020\/03\/kleiderstange-abegehaengt-deckenmontage.jpg","width":800,"height":1096,"caption":"Portant a vetements suspendu .Hauteur r\u00e9glable pour le montage au plafond"},{"@type":"BreadcrumbList","@id":"https:\/\/airjust.de\/fr\/produkt\/airjust-solo-portant-a-vetements-suspendu\/#breadcrumb","itemListElement":[{"@type":"ListItem","position":1,"name":"Startseite","item":"https:\/\/airjust.de\/fr\/"},{"@type":"ListItem","position":2,"name":"Webshop","item":"https:\/\/airjust.de\/fr\/webshop\/"},{"@type":"ListItem","position":3,"name":"airjust \u00ae SOLO Portant a vetements suspendu"}]},{"@type":"WebSite","@id":"https:\/\/airjust.de\/fr\/#website","url":"https:\/\/airjust.de\/fr\/","name":"airjust Kleiderstange","description":"airjust &reg; Webshop","publisher":{"@id":"https:\/\/airjust.de\/fr\/#organization"},"potentialAction":[{"@type":"SearchAction","target":{"@type":"EntryPoint","urlTemplate":"https:\/\/airjust.de\/fr\/?s={search_term_string}"},"query-input":{"@type":"PropertyValueSpecification","valueRequired":true,"valueName":"search_term_string"}}],"inLanguage":"fr-FR"},{"@type":"Organization","@id":"https:\/\/airjust.de\/fr\/#organization","name":"airjust","url":"https:\/\/airjust.de\/fr\/","logo":{"@type":"ImageObject","inLanguage":"fr-FR","@id":"https:\/\/airjust.de\/fr\/#\/schema\/logo\/image\/","url":"https:\/\/airjust.de\/wp-content\/uploads\/2019\/07\/bilder-shop.png","contentUrl":"https:\/\/airjust.de\/wp-content\/uploads\/2019\/07\/bilder-shop.png","width":360,"height":110,"caption":"airjust"},"image":{"@id":"https:\/\/airjust.de\/fr\/#\/schema\/logo\/image\/"},"sameAs":["https:\/\/www.facebook.com\/airjust33\/","https:\/\/www.instagram.com\/airjust33\/","https:\/\/www.pinterest.de\/raumform33\/","https:\/\/www.youtube.com\/watch?v=qIuifbwBFg4"]}]}},"_links":{"self":[{"href":"https:\/\/airjust.de\/fr\/wp-json\/wp\/v2\/product\/5856","targetHints":{"allow":["GET"]}}],"collection":[{"href":"https:\/\/airjust.de\/fr\/wp-json\/wp\/v2\/product"}],"about":[{"href":"https:\/\/airjust.de\/fr\/wp-json\/wp\/v2\/types\/product"}],"wp:featuredmedia":[{"embeddable":true,"href":"https:\/\/airjust.de\/fr\/wp-json\/wp\/v2\/media\/5863"}],"wp:attachment":[{"href":"https:\/\/airjust.de\/fr\/wp-json\/wp\/v2\/media?parent=5856"}],"wp:term":[{"taxonomy":"product_brand","embeddable":true,"href":"https:\/\/airjust.de\/fr\/wp-json\/wp\/v2\/product_brand?post=5856"},{"taxonomy":"product_cat","embeddable":true,"href":"https:\/\/airjust.de\/fr\/wp-json\/wp\/v2\/product_cat?post=5856"},{"taxonomy":"product_tag","embeddable":true,"href":"https:\/\/airjust.de\/fr\/wp-json\/wp\/v2\/product_tag?post=5856"}],"curies":[{"name":"wp","href":"https:\/\/api.w.org\/{rel}","templated":true}]}}