{"id":6088,"date":"2021-11-16T15:40:29","date_gmt":"2021-11-16T14:40:29","guid":{"rendered":"https:\/\/airjust.de\/expedition-et-paiement\/"},"modified":"2021-11-16T15:40:30","modified_gmt":"2021-11-16T14:40:30","slug":"expedition-et-paiement","status":"publish","type":"page","link":"https:\/\/airjust.de\/fr\/expedition-et-paiement\/","title":{"rendered":"Exp\u00e9dition et paiement"},"content":{"rendered":"<div class=\"wpb-content-wrapper\"><p>[vc_row][vc_column][vc_column_text]<br \/>\n<strong>Informations sur l&rsquo;exp\u00e9dition<\/strong><\/p>\n<p>Prix, frais d&rsquo;exp\u00e9dition et informations sur la livraison :<\/p>\n<p>Les prix indiqu\u00e9s sur les pages de produits comprennent la TVA et d&rsquo;autres \u00e9l\u00e9ments de prix.<\/p>\n<p>La boutique en ligne est destin\u00e9e aux consommateurs priv\u00e9s. Les clients professionnels peuvent s&rsquo;adresser directement \u00e0 nous.<\/p>\n<p>En plus des prix indiqu\u00e9s, nous facturons les frais d&rsquo;exp\u00e9dition suivants par commande :<\/p>\n<p>Allemagne \u00e0 partir de 10,- EUR (TVA incl.)<br \/>\nAutriche \u00e0 partir de 15,- EUR (TVA incl.)<br \/>\nSuisse \u00e0 partir de 15,- EUR (DAP : non d\u00e9douan\u00e9 plus frais d&rsquo;importation, droits de douane et taxes pay\u00e9s par le destinataire)<\/p>\n<p>EU1 (Pays-Bas, Belgique, Luxembourg)<br \/>\n\u00e0 partir de 15 EUR (TVA incluse)<\/p>\n<p>EU3 (Angleterre, Italie, Finlande, Su\u00e8de, Irlande, Portugal, Espagne, France, Pologne)<br \/>\n\u00e0 partir de 19 EUR (TVA incluse)<\/p>\n<p>Outre-mer (USA, Canada)<br \/>\n\u00e0 partir de 80 EUR ( (DAP : non d\u00e9douan\u00e9 plus frais d&rsquo;importation,droits de douane et taxes pay\u00e9s par le destinataire).<\/p>\n<p>Pour les tringles \u00e0 v\u00eatements d&rsquo;une longueur sup\u00e9rieure \u00e0 130 cm, un forfait suppl\u00e9mentaire de 8,00 EUR (TVA comprise) est factur\u00e9 pour les longueurs suppl\u00e9mentaires.<\/p>\n<p>Si vous souhaitez commander de plus grandes quantit\u00e9s, veuillez nous contacter directement pour les frais de livraison.<\/p>\n<p>Pour les livraisons dans d&rsquo;autres pays, veuillez \u00e9galement nous contacter.<\/p>\n<p>Les frais de livraison exacts vous sont clairement indiqu\u00e9s dans le syst\u00e8me de panier et sur la page de commande.<\/p>\n<p>Les frais d&rsquo;exp\u00e9dition forfaitaires comprennent la TVA l\u00e9gale. D\u00e8s que votre livraison est en cours d&rsquo;exp\u00e9dition, vous recevez une confirmation par e-mail avec le num\u00e9ro de suivi. Le d\u00e9lai d&rsquo;exp\u00e9dition pour un envoi standard en Allemagne est en g\u00e9n\u00e9ral de deux jours ouvrables.<\/p>\n<p>Veuillez noter que pour les pays hors de l&rsquo;UE, d&rsquo;\u00e9ventuelles taxes et frais de douane peuvent \u00eatre factur\u00e9s. Ces frais sont \u00e0 la charge du destinataire. Veuillez vous renseigner aupr\u00e8s des autorit\u00e9s douani\u00e8res locales.<\/p>\n<p>En cas d&rsquo;exp\u00e9dition vers la Suisse, le destinataire r\u00e9sidant dans ce pays doit tenir compte du fait qu&rsquo;une commission de pr\u00e9sentation s&rsquo;applique aux transports de colis avec les dispositions d&rsquo;exp\u00e9dition DAP, DAP (d\u00e9douan\u00e9) et DDP (non tax\u00e9) dont la valeur de la marchandise est sup\u00e9rieure \u00e0 62,50 CHF. Elle est calcul\u00e9e pour la mise \u00e0 disposition du capital et s&rsquo;\u00e9l\u00e8ve \u00e0 1,5 % des droits d&rsquo;importation, avec un minimum de 8,00 CHF. S&rsquo;y ajoutent \u00e0 chaque fois des frais administratifs de 10,00 CHF. Ces montants ne sont toutefois factur\u00e9s par le destinataire (importateur) que si celui-ci ne poss\u00e8de pas de compte douanier (PCD).<\/p>\n<p>Si vous poss\u00e9dez une PCD, veuillez l&rsquo;indiquer lors de la commande.<\/p>\n<p>Sauf indication contraire dans la boutique, le d\u00e9lai de livraison est de 14 jours ouvrables \u00e0 compter de la r\u00e9ception du paiement.<\/p>\n<p>&nbsp;<\/p>\n<p>Modes de paiement<\/p>\n<p>Nous acceptons les modes de paiement suivants :<\/p>\n<p>paiement anticip\u00e9 par virement bancaire<br \/>\nPayPalPlus\u00ae :<br \/>\nPayPal<br \/>\nCartes de cr\u00e9dit (VISA, Mastercard)<br \/>\nPr\u00e9l\u00e8vement automatique (SEPA) uniquement pour les clients de l&rsquo;UE[\/vc_column_text][\/vc_column][\/vc_row]<\/p>\n<\/div>","protected":false},"excerpt":{"rendered":"<p>[vc_row][vc_column][vc_column_text] Informations sur l&rsquo;exp\u00e9dition Prix, frais d&rsquo;exp\u00e9dition et informations sur la livraison : Les prix indiqu\u00e9s sur les pages de produits comprennent la TVA et d&rsquo;autres \u00e9l\u00e9ments de prix. La boutique en ligne est destin\u00e9e aux consommateurs priv\u00e9s. Les clients professionnels peuvent s&rsquo;adresser directement \u00e0 nous. En plus des prix indiqu\u00e9s, nous facturons les frais [&hellip;]<\/p>\n","protected":false},"author":4,"featured_media":0,"parent":0,"menu_order":0,"comment_status":"closed","ping_status":"closed","template":"","meta":{"footnotes":""},"class_list":["post-6088","page","type-page","status-publish","hentry"],"yoast_head":"<!-- This site is optimized with the Yoast SEO plugin v27.4 - https:\/\/yoast.com\/product\/yoast-seo-wordpress\/ -->\n<title>Exp\u00e9dition et paiement | airjust Kleiderstange<\/title>\n<meta name=\"robots\" content=\"noindex, nofollow\" \/>\n<meta property=\"og:locale\" content=\"fr_FR\" \/>\n<meta property=\"og:type\" content=\"article\" \/>\n<meta property=\"og:title\" content=\"Exp\u00e9dition et paiement | airjust Kleiderstange\" \/>\n<meta property=\"og:description\" content=\"[vc_row][vc_column][vc_column_text] Informations sur l&rsquo;exp\u00e9dition Prix, frais d&rsquo;exp\u00e9dition et informations sur la livraison : Les prix indiqu\u00e9s sur les pages de produits comprennent la TVA et d&rsquo;autres \u00e9l\u00e9ments de prix. La boutique en ligne est destin\u00e9e aux consommateurs priv\u00e9s. Les clients professionnels peuvent s&rsquo;adresser directement \u00e0 nous. En plus des prix indiqu\u00e9s, nous facturons les frais [&hellip;]\" \/>\n<meta property=\"og:url\" content=\"https:\/\/airjust.de\/fr\/expedition-et-paiement\/\" \/>\n<meta property=\"og:site_name\" content=\"airjust Kleiderstange\" \/>\n<meta property=\"article:publisher\" content=\"https:\/\/www.facebook.com\/airjust33\/\" \/>\n<meta property=\"article:modified_time\" content=\"2021-11-16T14:40:30+00:00\" \/>\n<meta property=\"og:image\" content=\"https:\/\/airjust.de\/wp-content\/uploads\/2020\/03\/kleiderstange-deckenmontage-1.jpg\" \/>\n\t<meta property=\"og:image:width\" content=\"800\" \/>\n\t<meta property=\"og:image:height\" content=\"1096\" \/>\n\t<meta property=\"og:image:type\" content=\"image\/jpeg\" \/>\n<meta name=\"twitter:card\" content=\"summary_large_image\" \/>\n<meta name=\"twitter:label1\" content=\"Dur\u00e9e de lecture estim\u00e9e\" \/>\n\t<meta name=\"twitter:data1\" content=\"3 minutes\" \/>\n<script type=\"application\/ld+json\" class=\"yoast-schema-graph\">{\"@context\":\"https:\\\/\\\/schema.org\",\"@graph\":[{\"@type\":\"WebPage\",\"@id\":\"https:\\\/\\\/airjust.de\\\/fr\\\/expedition-et-paiement\\\/\",\"url\":\"https:\\\/\\\/airjust.de\\\/fr\\\/expedition-et-paiement\\\/\",\"name\":\"Exp\u00e9dition et paiement | airjust Kleiderstange\",\"isPartOf\":{\"@id\":\"https:\\\/\\\/airjust.de\\\/fr\\\/#website\"},\"datePublished\":\"2021-11-16T14:40:29+00:00\",\"dateModified\":\"2021-11-16T14:40:30+00:00\",\"breadcrumb\":{\"@id\":\"https:\\\/\\\/airjust.de\\\/fr\\\/expedition-et-paiement\\\/#breadcrumb\"},\"inLanguage\":\"fr-FR\",\"potentialAction\":[{\"@type\":\"ReadAction\",\"target\":[\"https:\\\/\\\/airjust.de\\\/fr\\\/expedition-et-paiement\\\/\"]}]},{\"@type\":\"BreadcrumbList\",\"@id\":\"https:\\\/\\\/airjust.de\\\/fr\\\/expedition-et-paiement\\\/#breadcrumb\",\"itemListElement\":[{\"@type\":\"ListItem\",\"position\":1,\"name\":\"Startseite\",\"item\":\"https:\\\/\\\/airjust.de\\\/fr\\\/\"},{\"@type\":\"ListItem\",\"position\":2,\"name\":\"Exp\u00e9dition et paiement\"}]},{\"@type\":\"WebSite\",\"@id\":\"https:\\\/\\\/airjust.de\\\/fr\\\/#website\",\"url\":\"https:\\\/\\\/airjust.de\\\/fr\\\/\",\"name\":\"airjust Kleiderstange\",\"description\":\"airjust &reg; Webshop\",\"publisher\":{\"@id\":\"https:\\\/\\\/airjust.de\\\/fr\\\/#organization\"},\"potentialAction\":[{\"@type\":\"SearchAction\",\"target\":{\"@type\":\"EntryPoint\",\"urlTemplate\":\"https:\\\/\\\/airjust.de\\\/fr\\\/?s={search_term_string}\"},\"query-input\":{\"@type\":\"PropertyValueSpecification\",\"valueRequired\":true,\"valueName\":\"search_term_string\"}}],\"inLanguage\":\"fr-FR\"},{\"@type\":\"Organization\",\"@id\":\"https:\\\/\\\/airjust.de\\\/fr\\\/#organization\",\"name\":\"airjust\",\"url\":\"https:\\\/\\\/airjust.de\\\/fr\\\/\",\"logo\":{\"@type\":\"ImageObject\",\"inLanguage\":\"fr-FR\",\"@id\":\"https:\\\/\\\/airjust.de\\\/fr\\\/#\\\/schema\\\/logo\\\/image\\\/\",\"url\":\"https:\\\/\\\/airjust.de\\\/wp-content\\\/uploads\\\/2019\\\/07\\\/bilder-shop.png\",\"contentUrl\":\"https:\\\/\\\/airjust.de\\\/wp-content\\\/uploads\\\/2019\\\/07\\\/bilder-shop.png\",\"width\":360,\"height\":110,\"caption\":\"airjust\"},\"image\":{\"@id\":\"https:\\\/\\\/airjust.de\\\/fr\\\/#\\\/schema\\\/logo\\\/image\\\/\"},\"sameAs\":[\"https:\\\/\\\/www.facebook.com\\\/airjust33\\\/\",\"https:\\\/\\\/www.instagram.com\\\/airjust33\\\/\",\"https:\\\/\\\/www.pinterest.de\\\/raumform33\\\/\",\"https:\\\/\\\/www.youtube.com\\\/watch?v=qIuifbwBFg4\"]}]}<\/script>\n<!-- \/ Yoast SEO plugin. -->","yoast_head_json":{"title":"Exp\u00e9dition et paiement | airjust Kleiderstange","robots":{"index":"noindex","follow":"nofollow"},"og_locale":"fr_FR","og_type":"article","og_title":"Exp\u00e9dition et paiement | airjust Kleiderstange","og_description":"[vc_row][vc_column][vc_column_text] Informations sur l&rsquo;exp\u00e9dition Prix, frais d&rsquo;exp\u00e9dition et informations sur la livraison : Les prix indiqu\u00e9s sur les pages de produits comprennent la TVA et d&rsquo;autres \u00e9l\u00e9ments de prix. La boutique en ligne est destin\u00e9e aux consommateurs priv\u00e9s. Les clients professionnels peuvent s&rsquo;adresser directement \u00e0 nous. En plus des prix indiqu\u00e9s, nous facturons les frais [&hellip;]","og_url":"https:\/\/airjust.de\/fr\/expedition-et-paiement\/","og_site_name":"airjust Kleiderstange","article_publisher":"https:\/\/www.facebook.com\/airjust33\/","article_modified_time":"2021-11-16T14:40:30+00:00","og_image":[{"width":800,"height":1096,"url":"https:\/\/airjust.de\/wp-content\/uploads\/2020\/03\/kleiderstange-deckenmontage-1.jpg","type":"image\/jpeg"}],"twitter_card":"summary_large_image","twitter_misc":{"Dur\u00e9e de lecture estim\u00e9e":"3 minutes"},"schema":{"@context":"https:\/\/schema.org","@graph":[{"@type":"WebPage","@id":"https:\/\/airjust.de\/fr\/expedition-et-paiement\/","url":"https:\/\/airjust.de\/fr\/expedition-et-paiement\/","name":"Exp\u00e9dition et paiement | airjust Kleiderstange","isPartOf":{"@id":"https:\/\/airjust.de\/fr\/#website"},"datePublished":"2021-11-16T14:40:29+00:00","dateModified":"2021-11-16T14:40:30+00:00","breadcrumb":{"@id":"https:\/\/airjust.de\/fr\/expedition-et-paiement\/#breadcrumb"},"inLanguage":"fr-FR","potentialAction":[{"@type":"ReadAction","target":["https:\/\/airjust.de\/fr\/expedition-et-paiement\/"]}]},{"@type":"BreadcrumbList","@id":"https:\/\/airjust.de\/fr\/expedition-et-paiement\/#breadcrumb","itemListElement":[{"@type":"ListItem","position":1,"name":"Startseite","item":"https:\/\/airjust.de\/fr\/"},{"@type":"ListItem","position":2,"name":"Exp\u00e9dition et paiement"}]},{"@type":"WebSite","@id":"https:\/\/airjust.de\/fr\/#website","url":"https:\/\/airjust.de\/fr\/","name":"airjust Kleiderstange","description":"airjust &reg; Webshop","publisher":{"@id":"https:\/\/airjust.de\/fr\/#organization"},"potentialAction":[{"@type":"SearchAction","target":{"@type":"EntryPoint","urlTemplate":"https:\/\/airjust.de\/fr\/?s={search_term_string}"},"query-input":{"@type":"PropertyValueSpecification","valueRequired":true,"valueName":"search_term_string"}}],"inLanguage":"fr-FR"},{"@type":"Organization","@id":"https:\/\/airjust.de\/fr\/#organization","name":"airjust","url":"https:\/\/airjust.de\/fr\/","logo":{"@type":"ImageObject","inLanguage":"fr-FR","@id":"https:\/\/airjust.de\/fr\/#\/schema\/logo\/image\/","url":"https:\/\/airjust.de\/wp-content\/uploads\/2019\/07\/bilder-shop.png","contentUrl":"https:\/\/airjust.de\/wp-content\/uploads\/2019\/07\/bilder-shop.png","width":360,"height":110,"caption":"airjust"},"image":{"@id":"https:\/\/airjust.de\/fr\/#\/schema\/logo\/image\/"},"sameAs":["https:\/\/www.facebook.com\/airjust33\/","https:\/\/www.instagram.com\/airjust33\/","https:\/\/www.pinterest.de\/raumform33\/","https:\/\/www.youtube.com\/watch?v=qIuifbwBFg4"]}]}},"_links":{"self":[{"href":"https:\/\/airjust.de\/fr\/wp-json\/wp\/v2\/pages\/6088","targetHints":{"allow":["GET"]}}],"collection":[{"href":"https:\/\/airjust.de\/fr\/wp-json\/wp\/v2\/pages"}],"about":[{"href":"https:\/\/airjust.de\/fr\/wp-json\/wp\/v2\/types\/page"}],"author":[{"embeddable":true,"href":"https:\/\/airjust.de\/fr\/wp-json\/wp\/v2\/users\/4"}],"replies":[{"embeddable":true,"href":"https:\/\/airjust.de\/fr\/wp-json\/wp\/v2\/comments?post=6088"}],"version-history":[{"count":0,"href":"https:\/\/airjust.de\/fr\/wp-json\/wp\/v2\/pages\/6088\/revisions"}],"wp:attachment":[{"href":"https:\/\/airjust.de\/fr\/wp-json\/wp\/v2\/media?parent=6088"}],"curies":[{"name":"wp","href":"https:\/\/api.w.org\/{rel}","templated":true}]}}