{"id":6074,"date":"2021-11-16T15:34:02","date_gmt":"2021-11-16T14:34:02","guid":{"rendered":"https:\/\/airjust.de\/contact\/"},"modified":"2021-11-18T11:12:08","modified_gmt":"2021-11-18T10:12:08","slug":"contact","status":"publish","type":"page","link":"https:\/\/airjust.de\/fr\/contact\/","title":{"rendered":"Contact"},"content":{"rendered":"<div class=\"wpb-content-wrapper\"><p>[vc_row full_width=\u00a0\u00bbstretch_row_content\u00a0\u00bb full_height=\u00a0\u00bbyes\u00a0\u00bb equal_height=\u00a0\u00bbyes\u00a0\u00bb][vc_column width=\u00a0\u00bb1\/2&Prime; css=\u00a0\u00bb.vc_custom_1610112604128{background-position: center !important;background-repeat: no-repeat !important;background-size: cover !important;}\u00a0\u00bb][vc_single_image image=\u00a0\u00bb5971&Prime; img_size=\u00a0\u00bb600&#215;800&Prime; alignment=\u00a0\u00bbcenter\u00a0\u00bb][\/vc_column][vc_column width=\u00a0\u00bb1\/2&Prime; css=\u00a0\u00bb.vc_custom_1605182435233{padding: 30px !important;}\u00a0\u00bb][vc_custom_heading text=\u00a0\u00bbL&rsquo;id\u00e9e\u00a0\u00bb use_theme_fonts=\u00a0\u00bbyes\u00a0\u00bb][vc_column_text css=\u00a0\u00bb.vc_custom_1610109124035{padding-top: 10px !important;padding-right: 10px !important;padding-bottom: 10px !important;padding-left: 10px !important;}\u00a0\u00bb]L&rsquo;id\u00e9e d&rsquo;airjust : un syst\u00e8me de pr\u00e9sentation de la mode aussi discret que fonctionnel, qui offre plus qu&rsquo;un portemanteau.<br \/>\nSimple d&rsquo;utilisation, pour suivre la rapidit\u00e9 de la mode. Flexible, pour pouvoir s&rsquo;adapter \u00e0 toutes les situations. \u2028Design discret et intemporel, pour ne pas d\u00e9tourner l&rsquo;attention de l&rsquo;essentiel.<br \/>\nLa sc\u00e8ne parfaite aussi pour les objets pr\u00e9f\u00e9r\u00e9s \u00e0 la maison. Pour ceux qui ont une passion pour le design et la mode.[\/vc_column_text][vc_single_image image=\u00a0\u00bb5852&Prime; img_size=\u00a0\u00bbfull\u00a0\u00bb alignment=\u00a0\u00bbcenter\u00a0\u00bb][\/vc_column][\/vc_row][vc_row full_height=\u00a0\u00bbyes\u00a0\u00bb equal_height=\u00a0\u00bbyes\u00a0\u00bb][vc_column width=\u00a0\u00bb1\/2&Prime;][vc_single_image image=\u00a0\u00bb4940&Prime; img_size=\u00a0\u00bb600&#215;800&Prime;][\/vc_column][vc_column width=\u00a0\u00bb1\/2&Prime;][vc_custom_heading text=\u00a0\u00bbDe Munich au monde entier.\u00a0\u00bb use_theme_fonts=\u00a0\u00bbyes\u00a0\u00bb][vc_column_text css=\u00a0\u00bb.vc_custom_1633594930878{padding-top: 10px !important;padding-right: 10px !important;padding-bottom: 10px !important;padding-left: 10px !important;}\u00a0\u00bb]<\/p>\n<p><strong>La production d&rsquo;airjust<\/strong> se fait exclusivement \u00e0 Munich et dans ses environs.<br \/>D\u00e8s que possible, nous travaillons avec des fournisseurs r\u00e9gionaux.<\/p>\n<p><strong>Airjust est vendu<\/strong> dans plus de 20 pays \u00e0 travers le monde. De Berlin \u00e0 New York. De Munich \u00e0 Hong-Kong.<\/p>\n<p>Les tringles \u00e0 v\u00eatements sont fabriqu\u00e9es en acier inoxydable V2A de haute qualit\u00e9, finement bross\u00e9. Les tubes sont en outre bross\u00e9s et polis \u00e0 la main. Cela conf\u00e8re au tube un \u00e9clat suppl\u00e9mentaire.<\/p>\n<p>[\/vc_column_text][vc_single_image image=\u00a0\u00bb4938&Prime; img_size=\u00a0\u00bb600&#215;800&Prime;][\/vc_column][\/vc_row][vc_row gap=\u00a0\u00bb10&Prime; equal_height=\u00a0\u00bbyes\u00a0\u00bb][vc_column width=\u00a0\u00bb1\/2&Prime;][vc_custom_heading text=\u00a0\u00bbNotre showroom \u00e0 Munich.\u00a0\u00bb use_theme_fonts=\u00a0\u00bbyes\u00a0\u00bb][vc_single_image image=\u00a0\u00bb6077&Prime; img_size=\u00a0\u00bbfull\u00a0\u00bb alignment=\u00a0\u00bbcenter\u00a0\u00bb][vc_gmaps link=\u00a0\u00bb#E-8_JTNDaWZyYW1lJTIwc3JjJTNEJTIyaHR0cHMlM0ElMkYlMkZ3d3cuZ29vZ2xlLmNvbSUyRm1hcHMlMkZlbWJlZCUzRnBiJTNEJTIxMW0xOCUyMTFtMTIlMjExbTMlMjExZDI2NjIuODQ2ODg1OTc2NTM3NiUyMTJkMTEuNTc4MDQ2NTE1NDUxODEzJTIxM2Q0OC4xMzI0NzYwNzkyMjMwMSUyMTJtMyUyMTFmMCUyMTJmMCUyMTNmMCUyMTNtMiUyMTFpMTAyNCUyMTJpNzY4JTIxNGYxMy4xJTIxM20zJTIxMW0yJTIxMXMweDQ3OWRkZjYyMjRmZGZlNTElMjUzQTB4MjRiYjc1YzFjZjlkMWQxOSUyMTJzQmFhZGVyc3RyYSUyNUMzJTI1OUZlJTJCMTYlMjUyQyUyQjgwNDY5JTJCTSUyNUMzJTI1QkNuY2hlbiUyMTVlMCUyMTNtMiUyMTFzZGUlMjEyc2RlJTIxNHYxNTY1MDA5NzY1Mzg3JTIxNW0yJTIxMXNkZSUyMTJzZGUlMjIlMjB3aWR0aCUzRCUyMjYwMCUyMiUyMGhlaWdodCUzRCUyMjQ1MCUyMiUyMGZyYW1lYm9yZGVyJTNEJTIyMCUyMiUyMHN0eWxlJTNEJTIyYm9yZGVyJTNBMCUyMiUyMGFsbG93ZnVsbHNjcmVlbiUzRSUzQyUyRmlmcmFtZSUzRQ==\u00a0\u00bb css=\u00a0\u00bb.vc_custom_1607348718312{padding-top: 5% !important;}\u00a0\u00bb][\/vc_column][vc_column width=\u00a0\u00bb1\/2&Prime; css=\u00a0\u00bb.vc_custom_1610114958506{padding-top: 10% !important;}\u00a0\u00bb][mvc_infobox info_opt=\u00a0\u00bbshow_icon\u00a0\u00bb icon_size=\u00a0\u00bb40&Prime; icon_height=\u00a0\u00bb40&Prime; icon_radius=\u00a0\u00bb5px\u00a0\u00bb title_color=\u00a0\u00bb#000000&Prime; font_icon=\u00a0\u00bbfas fa-home\u00a0\u00bb title_size=\u00a0\u00bb20&Prime; info_title=\u00a0\u00bbShowroom\u00a0\u00bb]<span style=\"font-size: 14pt;\"><strong>Baaderstrasse 16<\/strong><\/span><\/p>\n<p><span style=\"font-size: 14pt;\"><strong>80469 M\u00fcnchen<\/strong><\/span>[\/mvc_infobox][mvc_infobox info_opt=\u00a0\u00bbshow_icon\u00a0\u00bb icon_size=\u00a0\u00bb40&Prime; icon_height=\u00a0\u00bb40&Prime; icon_radius=\u00a0\u00bb5px\u00a0\u00bb title_color=\u00a0\u00bb#000000&Prime; font_icon=\u00a0\u00bbfar fa-envelope\u00a0\u00bb title_size=\u00a0\u00bb20&Prime; info_title=\u00a0\u00bbMAIL\u00a0\u00bb]<a href=\"mailto:info@airjust.de\"><span style=\"font-size: 24pt;\"><span style=\"font-size: 18pt;\">info@airjust.de<\/span><\/span><\/a>[\/mvc_infobox][mvc_infobox info_opt=\u00a0\u00bbshow_icon\u00a0\u00bb icon_size=\u00a0\u00bb40&Prime; icon_height=\u00a0\u00bb40&Prime; icon_radius=\u00a0\u00bb5px\u00a0\u00bb title_color=\u00a0\u00bb#000000&Prime; title_size=\u00a0\u00bb20&Prime; info_title=\u00a0\u00bbTelefon\u00a0\u00bb font_icon=\u00a0\u00bbfas fa-phone\u00a0\u00bb][\/mvc_infobox][vc_raw_html]JTNDcCUyMHN0eWxlJTNEJTIydGV4dC1hbGlnbiUzQSUyMGNlbnRlciUzQiUyMiUzRSUzQ2ElMjBocmVmJTNEJTIydGVsJTNBJTJCNDk4OTEyMjIzMjY3MCUyMiUzRSUyQjQ5JTI4MCUyOTg5MTIyMjMyNjcwJTNDJTJGYSUzRSUzQyUyRnAlM0U=[\/vc_raw_html][\/vc_column][\/vc_row]<\/p>\n<\/div>","protected":false},"excerpt":{"rendered":"<p>[vc_row full_width=\u00a0\u00bbstretch_row_content\u00a0\u00bb full_height=\u00a0\u00bbyes\u00a0\u00bb equal_height=\u00a0\u00bbyes\u00a0\u00bb][vc_column width=\u00a0\u00bb1\/2&Prime; css=\u00a0\u00bb.vc_custom_1610112604128{background-position: center !important;background-repeat: no-repeat !important;background-size: cover !important;}\u00a0\u00bb][vc_single_image image=\u00a0\u00bb5971&Prime; img_size=\u00a0\u00bb600&#215;800&Prime; alignment=\u00a0\u00bbcenter\u00a0\u00bb][\/vc_column][vc_column width=\u00a0\u00bb1\/2&Prime; css=\u00a0\u00bb.vc_custom_1605182435233{padding: 30px !important;}\u00a0\u00bb][vc_custom_heading text=\u00a0\u00bbL&rsquo;id\u00e9e\u00a0\u00bb use_theme_fonts=\u00a0\u00bbyes\u00a0\u00bb][vc_column_text css=\u00a0\u00bb.vc_custom_1610109124035{padding-top: 10px !important;padding-right: 10px !important;padding-bottom: 10px !important;padding-left: 10px !important;}\u00a0\u00bb]L&rsquo;id\u00e9e d&rsquo;airjust : un syst\u00e8me de pr\u00e9sentation de la mode aussi discret que fonctionnel, qui offre plus qu&rsquo;un portemanteau. Simple d&rsquo;utilisation, pour suivre la rapidit\u00e9 de [&hellip;]<\/p>\n","protected":false},"author":4,"featured_media":0,"parent":0,"menu_order":0,"comment_status":"closed","ping_status":"closed","template":"","meta":{"footnotes":""},"class_list":["post-6074","page","type-page","status-publish","hentry"],"yoast_head":"<!-- This site is optimized with the Yoast SEO plugin v27.4 - https:\/\/yoast.com\/product\/yoast-seo-wordpress\/ -->\n<title>A propos d&#039;airjust \u00ae | Contact | Showroom<\/title>\n<meta name=\"description\" content=\"Visitez notre showroom airjust \u00ae \u00e0 Munich : Baaderstrasse 16 80469 Munich. T\u00e9l. +4989 1222326 70\" \/>\n<meta name=\"robots\" content=\"index, follow, max-snippet:-1, max-image-preview:large, max-video-preview:-1\" \/>\n<link rel=\"canonical\" href=\"https:\/\/airjust.de\/fr\/contact\/\" \/>\n<meta property=\"og:locale\" content=\"fr_FR\" \/>\n<meta property=\"og:type\" content=\"article\" \/>\n<meta property=\"og:title\" content=\"A propos d&#039;airjust \u00ae | Contact | Showroom\" \/>\n<meta property=\"og:description\" content=\"Visitez notre showroom airjust \u00ae \u00e0 Munich : Baaderstrasse 16 80469 Munich. T\u00e9l. +4989 1222326 70\" \/>\n<meta property=\"og:url\" content=\"https:\/\/airjust.de\/fr\/contact\/\" \/>\n<meta property=\"og:site_name\" content=\"airjust Kleiderstange\" \/>\n<meta property=\"article:publisher\" content=\"https:\/\/www.facebook.com\/airjust33\/\" \/>\n<meta property=\"article:modified_time\" content=\"2021-11-18T10:12:08+00:00\" \/>\n<meta property=\"og:image\" content=\"https:\/\/airjust.de\/wp-content\/uploads\/2020\/03\/kleiderstange-deckenmontage-1.jpg\" \/>\n\t<meta property=\"og:image:width\" content=\"800\" \/>\n\t<meta property=\"og:image:height\" content=\"1096\" \/>\n\t<meta property=\"og:image:type\" content=\"image\/jpeg\" \/>\n<meta name=\"twitter:card\" content=\"summary_large_image\" \/>\n<meta name=\"twitter:label1\" content=\"Dur\u00e9e de lecture estim\u00e9e\" \/>\n\t<meta name=\"twitter:data1\" content=\"3 minutes\" \/>\n<script type=\"application\/ld+json\" class=\"yoast-schema-graph\">{\"@context\":\"https:\\\/\\\/schema.org\",\"@graph\":[{\"@type\":\"WebPage\",\"@id\":\"https:\\\/\\\/airjust.de\\\/fr\\\/contact\\\/\",\"url\":\"https:\\\/\\\/airjust.de\\\/fr\\\/contact\\\/\",\"name\":\"A propos d'airjust \u00ae | Contact | Showroom\",\"isPartOf\":{\"@id\":\"https:\\\/\\\/airjust.de\\\/fr\\\/#website\"},\"datePublished\":\"2021-11-16T14:34:02+00:00\",\"dateModified\":\"2021-11-18T10:12:08+00:00\",\"description\":\"Visitez notre showroom airjust \u00ae \u00e0 Munich : Baaderstrasse 16 80469 Munich. T\u00e9l. +4989 1222326 70\",\"breadcrumb\":{\"@id\":\"https:\\\/\\\/airjust.de\\\/fr\\\/contact\\\/#breadcrumb\"},\"inLanguage\":\"fr-FR\",\"potentialAction\":[{\"@type\":\"ReadAction\",\"target\":[\"https:\\\/\\\/airjust.de\\\/fr\\\/contact\\\/\"]}]},{\"@type\":\"BreadcrumbList\",\"@id\":\"https:\\\/\\\/airjust.de\\\/fr\\\/contact\\\/#breadcrumb\",\"itemListElement\":[{\"@type\":\"ListItem\",\"position\":1,\"name\":\"Startseite\",\"item\":\"https:\\\/\\\/airjust.de\\\/fr\\\/\"},{\"@type\":\"ListItem\",\"position\":2,\"name\":\"Contact\"}]},{\"@type\":\"WebSite\",\"@id\":\"https:\\\/\\\/airjust.de\\\/fr\\\/#website\",\"url\":\"https:\\\/\\\/airjust.de\\\/fr\\\/\",\"name\":\"airjust Kleiderstange\",\"description\":\"airjust &reg; Webshop\",\"publisher\":{\"@id\":\"https:\\\/\\\/airjust.de\\\/fr\\\/#organization\"},\"potentialAction\":[{\"@type\":\"SearchAction\",\"target\":{\"@type\":\"EntryPoint\",\"urlTemplate\":\"https:\\\/\\\/airjust.de\\\/fr\\\/?s={search_term_string}\"},\"query-input\":{\"@type\":\"PropertyValueSpecification\",\"valueRequired\":true,\"valueName\":\"search_term_string\"}}],\"inLanguage\":\"fr-FR\"},{\"@type\":\"Organization\",\"@id\":\"https:\\\/\\\/airjust.de\\\/fr\\\/#organization\",\"name\":\"airjust\",\"url\":\"https:\\\/\\\/airjust.de\\\/fr\\\/\",\"logo\":{\"@type\":\"ImageObject\",\"inLanguage\":\"fr-FR\",\"@id\":\"https:\\\/\\\/airjust.de\\\/fr\\\/#\\\/schema\\\/logo\\\/image\\\/\",\"url\":\"https:\\\/\\\/airjust.de\\\/wp-content\\\/uploads\\\/2019\\\/07\\\/bilder-shop.png\",\"contentUrl\":\"https:\\\/\\\/airjust.de\\\/wp-content\\\/uploads\\\/2019\\\/07\\\/bilder-shop.png\",\"width\":360,\"height\":110,\"caption\":\"airjust\"},\"image\":{\"@id\":\"https:\\\/\\\/airjust.de\\\/fr\\\/#\\\/schema\\\/logo\\\/image\\\/\"},\"sameAs\":[\"https:\\\/\\\/www.facebook.com\\\/airjust33\\\/\",\"https:\\\/\\\/www.instagram.com\\\/airjust33\\\/\",\"https:\\\/\\\/www.pinterest.de\\\/raumform33\\\/\",\"https:\\\/\\\/www.youtube.com\\\/watch?v=qIuifbwBFg4\"]}]}<\/script>\n<!-- \/ Yoast SEO plugin. -->","yoast_head_json":{"title":"A propos d'airjust \u00ae | Contact | Showroom","description":"Visitez notre showroom airjust \u00ae \u00e0 Munich : Baaderstrasse 16 80469 Munich. T\u00e9l. +4989 1222326 70","robots":{"index":"index","follow":"follow","max-snippet":"max-snippet:-1","max-image-preview":"max-image-preview:large","max-video-preview":"max-video-preview:-1"},"canonical":"https:\/\/airjust.de\/fr\/contact\/","og_locale":"fr_FR","og_type":"article","og_title":"A propos d'airjust \u00ae | Contact | Showroom","og_description":"Visitez notre showroom airjust \u00ae \u00e0 Munich : Baaderstrasse 16 80469 Munich. T\u00e9l. +4989 1222326 70","og_url":"https:\/\/airjust.de\/fr\/contact\/","og_site_name":"airjust Kleiderstange","article_publisher":"https:\/\/www.facebook.com\/airjust33\/","article_modified_time":"2021-11-18T10:12:08+00:00","og_image":[{"width":800,"height":1096,"url":"https:\/\/airjust.de\/wp-content\/uploads\/2020\/03\/kleiderstange-deckenmontage-1.jpg","type":"image\/jpeg"}],"twitter_card":"summary_large_image","twitter_misc":{"Dur\u00e9e de lecture estim\u00e9e":"3 minutes"},"schema":{"@context":"https:\/\/schema.org","@graph":[{"@type":"WebPage","@id":"https:\/\/airjust.de\/fr\/contact\/","url":"https:\/\/airjust.de\/fr\/contact\/","name":"A propos d'airjust \u00ae | Contact | Showroom","isPartOf":{"@id":"https:\/\/airjust.de\/fr\/#website"},"datePublished":"2021-11-16T14:34:02+00:00","dateModified":"2021-11-18T10:12:08+00:00","description":"Visitez notre showroom airjust \u00ae \u00e0 Munich : Baaderstrasse 16 80469 Munich. T\u00e9l. +4989 1222326 70","breadcrumb":{"@id":"https:\/\/airjust.de\/fr\/contact\/#breadcrumb"},"inLanguage":"fr-FR","potentialAction":[{"@type":"ReadAction","target":["https:\/\/airjust.de\/fr\/contact\/"]}]},{"@type":"BreadcrumbList","@id":"https:\/\/airjust.de\/fr\/contact\/#breadcrumb","itemListElement":[{"@type":"ListItem","position":1,"name":"Startseite","item":"https:\/\/airjust.de\/fr\/"},{"@type":"ListItem","position":2,"name":"Contact"}]},{"@type":"WebSite","@id":"https:\/\/airjust.de\/fr\/#website","url":"https:\/\/airjust.de\/fr\/","name":"airjust Kleiderstange","description":"airjust &reg; Webshop","publisher":{"@id":"https:\/\/airjust.de\/fr\/#organization"},"potentialAction":[{"@type":"SearchAction","target":{"@type":"EntryPoint","urlTemplate":"https:\/\/airjust.de\/fr\/?s={search_term_string}"},"query-input":{"@type":"PropertyValueSpecification","valueRequired":true,"valueName":"search_term_string"}}],"inLanguage":"fr-FR"},{"@type":"Organization","@id":"https:\/\/airjust.de\/fr\/#organization","name":"airjust","url":"https:\/\/airjust.de\/fr\/","logo":{"@type":"ImageObject","inLanguage":"fr-FR","@id":"https:\/\/airjust.de\/fr\/#\/schema\/logo\/image\/","url":"https:\/\/airjust.de\/wp-content\/uploads\/2019\/07\/bilder-shop.png","contentUrl":"https:\/\/airjust.de\/wp-content\/uploads\/2019\/07\/bilder-shop.png","width":360,"height":110,"caption":"airjust"},"image":{"@id":"https:\/\/airjust.de\/fr\/#\/schema\/logo\/image\/"},"sameAs":["https:\/\/www.facebook.com\/airjust33\/","https:\/\/www.instagram.com\/airjust33\/","https:\/\/www.pinterest.de\/raumform33\/","https:\/\/www.youtube.com\/watch?v=qIuifbwBFg4"]}]}},"_links":{"self":[{"href":"https:\/\/airjust.de\/fr\/wp-json\/wp\/v2\/pages\/6074","targetHints":{"allow":["GET"]}}],"collection":[{"href":"https:\/\/airjust.de\/fr\/wp-json\/wp\/v2\/pages"}],"about":[{"href":"https:\/\/airjust.de\/fr\/wp-json\/wp\/v2\/types\/page"}],"author":[{"embeddable":true,"href":"https:\/\/airjust.de\/fr\/wp-json\/wp\/v2\/users\/4"}],"replies":[{"embeddable":true,"href":"https:\/\/airjust.de\/fr\/wp-json\/wp\/v2\/comments?post=6074"}],"version-history":[{"count":0,"href":"https:\/\/airjust.de\/fr\/wp-json\/wp\/v2\/pages\/6074\/revisions"}],"wp:attachment":[{"href":"https:\/\/airjust.de\/fr\/wp-json\/wp\/v2\/media?parent=6074"}],"curies":[{"name":"wp","href":"https:\/\/api.w.org\/{rel}","templated":true}]}}