{"id":6071,"date":"2021-11-16T15:29:49","date_gmt":"2021-11-16T14:29:49","guid":{"rendered":"https:\/\/airjust.de\/agb\/"},"modified":"2021-11-16T15:29:50","modified_gmt":"2021-11-16T14:29:50","slug":"agb","status":"publish","type":"page","link":"https:\/\/airjust.de\/fr\/agb\/","title":{"rendered":"AGB"},"content":{"rendered":"<div class=\"wpb-content-wrapper\"><p>[vc_row][vc_column][vc_column_text]iv class=\u00a0\u00bbflex_column av_one_full flex_column_div av-zero-column-padding first avia-builder-el-0 avia-builder-el-no-sibling\u00a0\u00bb><\/p>\n<div class=\"av-special-heading av-special-heading-h3 avia-builder-el-1 el_before_av_textblock avia-builder-el-first\">\n<p><strong>I.\u00a0G\u00e9n\u00e9ralit\u00e9s<\/strong><\/p>\n<p>Nous, Guido Schmitz RaumForm33 (ci-apr\u00e8s RaumForm33), commercialisons par le biais de notre boutique en ligne &#8211; airjust.de\/shop- des tringles \u00e0 v\u00eatements ou des penderies et autres objets d&rsquo;am\u00e9nagement. Les dispositions suivantes r\u00e9gissent les relations contractuelles entre RaumForm33 et les clients, dans la mesure o\u00f9 ces derniers sont des consommateurs au sens du \u00a7 13 du code civil allemand.<\/p>\n<p><strong>II. Offre<\/strong><\/p>\n<p>L&rsquo;offre de marchandises plac\u00e9e dans notre boutique en ligne airjust.de\/shop- ne constitue pas une offre ferme. Le contrat de vente est conclu lorsque nous acceptons votre commande par une confirmation de commande envoy\u00e9e par e-mail imm\u00e9diatement apr\u00e8s la r\u00e9ception de votre commande. En cas d&rsquo;indisponibilit\u00e9 de la marchandise command\u00e9e, RaumForm33 se r\u00e9serve le droit de refuser la commande du client et de l&rsquo;en informer imm\u00e9diatement. Les paiements d\u00e9j\u00e0 effectu\u00e9s seront imm\u00e9diatement rembours\u00e9s au client.<\/p>\n<p><strong>III Prix, frais d&rsquo;exp\u00e9dition, zone de livraison, d\u00e9lai de livraison<\/strong>.<\/p>\n<p>Les prix applicables sont ceux indiqu\u00e9s pour les articles au moment de la commande. Les prix indiqu\u00e9s comprennent la taxe sur la valeur ajout\u00e9e l\u00e9gale, mais pas les frais d&rsquo;exp\u00e9dition. Le montant des frais d&rsquo;exp\u00e9dition est indiqu\u00e9 lors de la proc\u00e9dure de commande dans la boutique en ligne.<\/p>\n<p>Les \u00e9ventuels frais de montage ou d&rsquo;installation sont \u00e0 la charge du client. Nous vous recommandons de faire appel exclusivement \u00e0 des sp\u00e9cialistes.<\/p>\n<p>La commande et la livraison ne sont possibles que dans les pays indiqu\u00e9s dans la boutique en ligne. Nous ne livrons dans d&rsquo;autres pays que sur la base d&rsquo;un accord s\u00e9par\u00e9.<\/p>\n<p>Le d\u00e9lai de livraison vers l&rsquo;Allemagne et l&rsquo;Autriche est en g\u00e9n\u00e9ral de 14 jours ouvrables.<\/p>\n<p><strong>IV.\u00a0Conditions de paiement et de livraison<\/strong><\/p>\n<ol>\n<li>Les diff\u00e9rentes possibilit\u00e9s de paiement sont mises \u00e0 la disposition du client pendant le processus de commande. Le client est lui-m\u00eame responsable de l&rsquo;exactitude et de l&rsquo;exhaustivit\u00e9 des informations de paiement requises et doit, en cas de non-respect de celles-ci, supporter les frais suppl\u00e9mentaires occasionn\u00e9s. Le paiement s&rsquo;effectue par paiement anticip\u00e9 ou contre remboursement.<\/li>\n<li>La livraison ou l&rsquo;exp\u00e9dition de la marchandise n&rsquo;a lieu qu&rsquo;apr\u00e8s r\u00e9ception du montant total du paiement, y compris les frais d&rsquo;exp\u00e9dition respectifs. Le montant total du paiement est d\u00fb au plus tard \u00e0 la livraison. Dans le cas contraire, le client est en retard de paiement 10 jours apr\u00e8s la livraison sans autre explication de la part de RaumForm33. Dans ce cas, les r\u00e8gles l\u00e9gales en mati\u00e8re de retard s&rsquo;appliquent.<\/li>\n<li>Les livraisons partielles sont autoris\u00e9es dans la mesure o\u00f9 elles sont acceptables pour le client.<\/li>\n<li>La livraison est effectu\u00e9e par La livraison est effectu\u00e9e &#8211; sauf accord contraire &#8211; par un prestataire de services de colis. Le client est responsable de l&rsquo;indication correcte et compl\u00e8te de l&rsquo;adresse de livraison.<\/li>\n<\/ol>\n<p><strong>V.\u00a0R\u00e9serve de propri\u00e9t\u00e9<\/strong><\/p>\n<p>Jusqu&rsquo;au paiement complet de la marchandise livr\u00e9e, RaumForm33 en reste propri\u00e9taire.<\/p>\n<p>VI Garantie<\/p>\n<ol>\n<li>Les d\u00e9fauts apparents doivent \u00eatre signal\u00e9s par \u00e9crit \u00e0 RaumForm33 au plus tard dans les deux semaines suivant la r\u00e9ception de la livraison, l&rsquo;envoi dans les d\u00e9lais \u00e9tant suffisant pour respecter le d\u00e9lai.<\/li>\n<li>Si la marchandise livr\u00e9e est entach\u00e9e d&rsquo;un d\u00e9faut mat\u00e9riel, le client peut d&rsquo;abord choisir entre l&rsquo;\u00e9limination du d\u00e9faut ou la livraison d&rsquo;une marchandise sans d\u00e9faut. RaumForm33 peut refuser le type d&rsquo;ex\u00e9cution ult\u00e9rieure choisi par l&rsquo;acheteur si celle-ci n&rsquo;est possible qu&rsquo;avec des co\u00fbts disproportionn\u00e9s. Les dispositions l\u00e9gales en mati\u00e8re de garantie s&rsquo;appliquent au r\u00e8glement des d\u00e9fauts.<\/li>\n<\/ol>\n<p><strong>VII Langues du contrat<\/strong>.<\/p>\n<p>Vous avez la possibilit\u00e9 de conclure le contrat de vente en langue allemande.<\/p>\n<p><strong>VIII Choix du droit applicable<\/strong><\/p>\n<p>Les relations juridiques entre les parties sont r\u00e9gies par le droit allemand, \u00e0 l&rsquo;exclusion de la Convention des Nations unies sur les contrats de vente internationale de marchandises, m\u00eame si le client a son si\u00e8ge \u00e0 l&rsquo;\u00e9tranger.<\/p>\n<p><strong>La Commission europ\u00e9enne met \u00e0 disposition une plateforme de r\u00e8glement en ligne des litiges (OS) que vous trouverez ici <a href=\"http:\/\/ec.europa.eu\/consumers\/odr\/\" target=\"_blank\" rel=\"nofollow noopener noreferrer\">http:\/\/ec.europa.eu\/consumers\/odr\/<\/a>. Les consommateurs ont la possibilit\u00e9 d&rsquo;utiliser cette plateforme pour r\u00e9gler leurs litiges.<\/strong>[\/vc_column_text][\/vc_column][\/vc_row]<\/p>\n<\/div>","protected":false},"excerpt":{"rendered":"<p>[vc_row][vc_column][vc_column_text]iv class=\u00a0\u00bbflex_column av_one_full flex_column_div av-zero-column-padding first avia-builder-el-0 avia-builder-el-no-sibling\u00a0\u00bb> I.\u00a0G\u00e9n\u00e9ralit\u00e9s Nous, Guido Schmitz RaumForm33 (ci-apr\u00e8s RaumForm33), commercialisons par le biais de notre boutique en ligne &#8211; airjust.de\/shop- des tringles \u00e0 v\u00eatements ou des penderies et autres objets d&rsquo;am\u00e9nagement. Les dispositions suivantes r\u00e9gissent les relations contractuelles entre RaumForm33 et les clients, dans la mesure o\u00f9 ces derniers [&hellip;]<\/p>\n","protected":false},"author":4,"featured_media":0,"parent":0,"menu_order":0,"comment_status":"closed","ping_status":"closed","template":"","meta":{"footnotes":""},"class_list":["post-6071","page","type-page","status-publish","hentry"],"yoast_head":"<!-- This site is optimized with the Yoast SEO plugin v27.4 - https:\/\/yoast.com\/product\/yoast-seo-wordpress\/ -->\n<title>AGB | airjust \u00ae<\/title>\n<meta name=\"robots\" content=\"noindex, nofollow\" \/>\n<meta property=\"og:locale\" content=\"fr_FR\" \/>\n<meta property=\"og:type\" content=\"article\" \/>\n<meta property=\"og:title\" content=\"AGB | airjust \u00ae\" \/>\n<meta property=\"og:description\" content=\"[vc_row][vc_column][vc_column_text]iv class=\u00a0\u00bbflex_column av_one_full flex_column_div av-zero-column-padding first avia-builder-el-0 avia-builder-el-no-sibling\u00a0\u00bb&gt; I.\u00a0G\u00e9n\u00e9ralit\u00e9s Nous, Guido Schmitz RaumForm33 (ci-apr\u00e8s RaumForm33), commercialisons par le biais de notre boutique en ligne &#8211; airjust.de\/shop- des tringles \u00e0 v\u00eatements ou des penderies et autres objets d&rsquo;am\u00e9nagement. Les dispositions suivantes r\u00e9gissent les relations contractuelles entre RaumForm33 et les clients, dans la mesure o\u00f9 ces derniers [&hellip;]\" \/>\n<meta property=\"og:url\" content=\"https:\/\/airjust.de\/fr\/agb\/\" \/>\n<meta property=\"og:site_name\" content=\"airjust Kleiderstange\" \/>\n<meta property=\"article:publisher\" content=\"https:\/\/www.facebook.com\/airjust33\/\" \/>\n<meta property=\"article:modified_time\" content=\"2021-11-16T14:29:50+00:00\" \/>\n<meta property=\"og:image\" content=\"https:\/\/airjust.de\/wp-content\/uploads\/2020\/03\/kleiderstange-deckenmontage-1.jpg\" \/>\n\t<meta property=\"og:image:width\" content=\"800\" \/>\n\t<meta property=\"og:image:height\" content=\"1096\" \/>\n\t<meta property=\"og:image:type\" content=\"image\/jpeg\" \/>\n<meta name=\"twitter:card\" content=\"summary_large_image\" \/>\n<meta name=\"twitter:label1\" content=\"Dur\u00e9e de lecture estim\u00e9e\" \/>\n\t<meta name=\"twitter:data1\" content=\"4 minutes\" \/>\n<script type=\"application\/ld+json\" class=\"yoast-schema-graph\">{\"@context\":\"https:\\\/\\\/schema.org\",\"@graph\":[{\"@type\":\"WebPage\",\"@id\":\"https:\\\/\\\/airjust.de\\\/fr\\\/agb\\\/\",\"url\":\"https:\\\/\\\/airjust.de\\\/fr\\\/agb\\\/\",\"name\":\"AGB | airjust \u00ae\",\"isPartOf\":{\"@id\":\"https:\\\/\\\/airjust.de\\\/fr\\\/#website\"},\"datePublished\":\"2021-11-16T14:29:49+00:00\",\"dateModified\":\"2021-11-16T14:29:50+00:00\",\"breadcrumb\":{\"@id\":\"https:\\\/\\\/airjust.de\\\/fr\\\/agb\\\/#breadcrumb\"},\"inLanguage\":\"fr-FR\",\"potentialAction\":[{\"@type\":\"ReadAction\",\"target\":[\"https:\\\/\\\/airjust.de\\\/fr\\\/agb\\\/\"]}]},{\"@type\":\"BreadcrumbList\",\"@id\":\"https:\\\/\\\/airjust.de\\\/fr\\\/agb\\\/#breadcrumb\",\"itemListElement\":[{\"@type\":\"ListItem\",\"position\":1,\"name\":\"Startseite\",\"item\":\"https:\\\/\\\/airjust.de\\\/fr\\\/\"},{\"@type\":\"ListItem\",\"position\":2,\"name\":\"AGB\"}]},{\"@type\":\"WebSite\",\"@id\":\"https:\\\/\\\/airjust.de\\\/fr\\\/#website\",\"url\":\"https:\\\/\\\/airjust.de\\\/fr\\\/\",\"name\":\"airjust Kleiderstange\",\"description\":\"airjust &reg; Webshop\",\"publisher\":{\"@id\":\"https:\\\/\\\/airjust.de\\\/fr\\\/#organization\"},\"potentialAction\":[{\"@type\":\"SearchAction\",\"target\":{\"@type\":\"EntryPoint\",\"urlTemplate\":\"https:\\\/\\\/airjust.de\\\/fr\\\/?s={search_term_string}\"},\"query-input\":{\"@type\":\"PropertyValueSpecification\",\"valueRequired\":true,\"valueName\":\"search_term_string\"}}],\"inLanguage\":\"fr-FR\"},{\"@type\":\"Organization\",\"@id\":\"https:\\\/\\\/airjust.de\\\/fr\\\/#organization\",\"name\":\"airjust\",\"url\":\"https:\\\/\\\/airjust.de\\\/fr\\\/\",\"logo\":{\"@type\":\"ImageObject\",\"inLanguage\":\"fr-FR\",\"@id\":\"https:\\\/\\\/airjust.de\\\/fr\\\/#\\\/schema\\\/logo\\\/image\\\/\",\"url\":\"https:\\\/\\\/airjust.de\\\/wp-content\\\/uploads\\\/2019\\\/07\\\/bilder-shop.png\",\"contentUrl\":\"https:\\\/\\\/airjust.de\\\/wp-content\\\/uploads\\\/2019\\\/07\\\/bilder-shop.png\",\"width\":360,\"height\":110,\"caption\":\"airjust\"},\"image\":{\"@id\":\"https:\\\/\\\/airjust.de\\\/fr\\\/#\\\/schema\\\/logo\\\/image\\\/\"},\"sameAs\":[\"https:\\\/\\\/www.facebook.com\\\/airjust33\\\/\",\"https:\\\/\\\/www.instagram.com\\\/airjust33\\\/\",\"https:\\\/\\\/www.pinterest.de\\\/raumform33\\\/\",\"https:\\\/\\\/www.youtube.com\\\/watch?v=qIuifbwBFg4\"]}]}<\/script>\n<!-- \/ Yoast SEO plugin. -->","yoast_head_json":{"title":"AGB | airjust \u00ae","robots":{"index":"noindex","follow":"nofollow"},"og_locale":"fr_FR","og_type":"article","og_title":"AGB | airjust \u00ae","og_description":"[vc_row][vc_column][vc_column_text]iv class=\u00a0\u00bbflex_column av_one_full flex_column_div av-zero-column-padding first avia-builder-el-0 avia-builder-el-no-sibling\u00a0\u00bb> I.\u00a0G\u00e9n\u00e9ralit\u00e9s Nous, Guido Schmitz RaumForm33 (ci-apr\u00e8s RaumForm33), commercialisons par le biais de notre boutique en ligne &#8211; airjust.de\/shop- des tringles \u00e0 v\u00eatements ou des penderies et autres objets d&rsquo;am\u00e9nagement. Les dispositions suivantes r\u00e9gissent les relations contractuelles entre RaumForm33 et les clients, dans la mesure o\u00f9 ces derniers [&hellip;]","og_url":"https:\/\/airjust.de\/fr\/agb\/","og_site_name":"airjust Kleiderstange","article_publisher":"https:\/\/www.facebook.com\/airjust33\/","article_modified_time":"2021-11-16T14:29:50+00:00","og_image":[{"width":800,"height":1096,"url":"https:\/\/airjust.de\/wp-content\/uploads\/2020\/03\/kleiderstange-deckenmontage-1.jpg","type":"image\/jpeg"}],"twitter_card":"summary_large_image","twitter_misc":{"Dur\u00e9e de lecture estim\u00e9e":"4 minutes"},"schema":{"@context":"https:\/\/schema.org","@graph":[{"@type":"WebPage","@id":"https:\/\/airjust.de\/fr\/agb\/","url":"https:\/\/airjust.de\/fr\/agb\/","name":"AGB | airjust \u00ae","isPartOf":{"@id":"https:\/\/airjust.de\/fr\/#website"},"datePublished":"2021-11-16T14:29:49+00:00","dateModified":"2021-11-16T14:29:50+00:00","breadcrumb":{"@id":"https:\/\/airjust.de\/fr\/agb\/#breadcrumb"},"inLanguage":"fr-FR","potentialAction":[{"@type":"ReadAction","target":["https:\/\/airjust.de\/fr\/agb\/"]}]},{"@type":"BreadcrumbList","@id":"https:\/\/airjust.de\/fr\/agb\/#breadcrumb","itemListElement":[{"@type":"ListItem","position":1,"name":"Startseite","item":"https:\/\/airjust.de\/fr\/"},{"@type":"ListItem","position":2,"name":"AGB"}]},{"@type":"WebSite","@id":"https:\/\/airjust.de\/fr\/#website","url":"https:\/\/airjust.de\/fr\/","name":"airjust Kleiderstange","description":"airjust &reg; Webshop","publisher":{"@id":"https:\/\/airjust.de\/fr\/#organization"},"potentialAction":[{"@type":"SearchAction","target":{"@type":"EntryPoint","urlTemplate":"https:\/\/airjust.de\/fr\/?s={search_term_string}"},"query-input":{"@type":"PropertyValueSpecification","valueRequired":true,"valueName":"search_term_string"}}],"inLanguage":"fr-FR"},{"@type":"Organization","@id":"https:\/\/airjust.de\/fr\/#organization","name":"airjust","url":"https:\/\/airjust.de\/fr\/","logo":{"@type":"ImageObject","inLanguage":"fr-FR","@id":"https:\/\/airjust.de\/fr\/#\/schema\/logo\/image\/","url":"https:\/\/airjust.de\/wp-content\/uploads\/2019\/07\/bilder-shop.png","contentUrl":"https:\/\/airjust.de\/wp-content\/uploads\/2019\/07\/bilder-shop.png","width":360,"height":110,"caption":"airjust"},"image":{"@id":"https:\/\/airjust.de\/fr\/#\/schema\/logo\/image\/"},"sameAs":["https:\/\/www.facebook.com\/airjust33\/","https:\/\/www.instagram.com\/airjust33\/","https:\/\/www.pinterest.de\/raumform33\/","https:\/\/www.youtube.com\/watch?v=qIuifbwBFg4"]}]}},"_links":{"self":[{"href":"https:\/\/airjust.de\/fr\/wp-json\/wp\/v2\/pages\/6071","targetHints":{"allow":["GET"]}}],"collection":[{"href":"https:\/\/airjust.de\/fr\/wp-json\/wp\/v2\/pages"}],"about":[{"href":"https:\/\/airjust.de\/fr\/wp-json\/wp\/v2\/types\/page"}],"author":[{"embeddable":true,"href":"https:\/\/airjust.de\/fr\/wp-json\/wp\/v2\/users\/4"}],"replies":[{"embeddable":true,"href":"https:\/\/airjust.de\/fr\/wp-json\/wp\/v2\/comments?post=6071"}],"version-history":[{"count":0,"href":"https:\/\/airjust.de\/fr\/wp-json\/wp\/v2\/pages\/6071\/revisions"}],"wp:attachment":[{"href":"https:\/\/airjust.de\/fr\/wp-json\/wp\/v2\/media?parent=6071"}],"curies":[{"name":"wp","href":"https:\/\/api.w.org\/{rel}","templated":true}]}}