{"id":6063,"date":"2019-06-27T22:03:07","date_gmt":"2019-06-27T20:03:07","guid":{"rendered":"https:\/\/airjust.de\/datenschutzerklaerung\/"},"modified":"2024-09-02T18:55:44","modified_gmt":"2024-09-02T16:55:44","slug":"datenschutzerklaerung","status":"publish","type":"page","link":"https:\/\/airjust.de\/fr\/datenschutzerklaerung\/","title":{"rendered":"D\u00e9claration de confidentialit\u00e9"},"content":{"rendered":"<div class=\"wpb-content-wrapper\"><p>[vc_row][vc_column][vc_column_text]Hier ist der Text mit der Ersetzung von \u00ab\u00a0RGPD\u00a0\u00bb durch \u00ab\u00a0DSGVO\u00a0\u00bb:<\/p>\n<p>&#8212;<\/p>\n<p>**1. VUE D&rsquo;ENSEMBLE SUR LA PROTECTION DES DONN\u00c9ES**<\/p>\n<p>**Informations g\u00e9n\u00e9rales**<\/p>\n<p>Les informations suivantes donnent un aper\u00e7u simple de ce qui advient de vos donn\u00e9es personnelles lorsque vous visitez notre site web. Les donn\u00e9es personnelles sont toutes les donn\u00e9es avec lesquelles vous pouvez \u00eatre personnellement identifi\u00e9. Pour des informations d\u00e9taill\u00e9es sur le sujet de la protection des donn\u00e9es, veuillez consulter notre d\u00e9claration de confidentialit\u00e9 ci-dessous.<\/p>\n<p>**Collecte des donn\u00e9es sur notre site web**<\/p>\n<p>**Qui est responsable de la collecte des donn\u00e9es sur ce site ?**<\/p>\n<p>Le traitement des donn\u00e9es sur ce site est effectu\u00e9 par l&rsquo;exploitant du site web. Vous pouvez consulter ses coordonn\u00e9es dans les mentions l\u00e9gales de ce site.<\/p>\n<p>**Comment recueillons-nous vos donn\u00e9es ?**<\/p>\n<p>Vos donn\u00e9es sont collect\u00e9es d&rsquo;une part par le fait que vous nous les communiquez. Cela peut \u00eatre, par exemple, des donn\u00e9es que vous saisissez dans un formulaire de contact.<\/p>\n<p>D&rsquo;autres donn\u00e9es sont automatiquement collect\u00e9es par nos syst\u00e8mes informatiques lors de la visite du site. Il s&rsquo;agit principalement de donn\u00e9es techniques (par ex. navigateur Internet, syst\u00e8me d&rsquo;exploitation ou heure d&rsquo;acc\u00e8s \u00e0 la page). La collecte de ces donn\u00e9es se fait automatiquement d\u00e8s que vous acc\u00e9dez \u00e0 notre site web.<\/p>\n<p>**\u00c0 quoi utilisons-nous vos donn\u00e9es ?**<\/p>\n<p>Une partie des donn\u00e9es est collect\u00e9e pour garantir une mise \u00e0 disposition sans erreur du site web. D&rsquo;autres donn\u00e9es peuvent \u00eatre utilis\u00e9es pour analyser votre comportement d&rsquo;utilisateur.<\/p>\n<p>**Quels sont vos droits concernant vos donn\u00e9es ?**<\/p>\n<p>Vous avez \u00e0 tout moment le droit d&rsquo;obtenir gratuitement des informations sur l&rsquo;origine, le destinataire et l&rsquo;objectif de vos donn\u00e9es personnelles stock\u00e9es. Vous avez \u00e9galement le droit de demander la rectification, le blocage ou la suppression de ces donn\u00e9es. \u00c0 cet effet, ainsi que pour toute autre question concernant la protection des donn\u00e9es, vous pouvez nous contacter \u00e0 tout moment \u00e0 l&rsquo;adresse indiqu\u00e9e dans les mentions l\u00e9gales. Vous disposez \u00e9galement d&rsquo;un droit de r\u00e9clamation aupr\u00e8s de l&rsquo;autorit\u00e9 de contr\u00f4le comp\u00e9tente.<\/p>\n<p>**Outils d&rsquo;analyse et outils de tiers**<\/p>\n<p>Lors de la visite de notre site web, votre comportement de navigation peut \u00eatre statistiquement \u00e9valu\u00e9. Cela se fait principalement \u00e0 l&rsquo;aide de cookies et de programmes d&rsquo;analyse. L&rsquo;analyse de votre comportement de navigation est g\u00e9n\u00e9ralement anonyme ; le comportement de navigation ne peut pas \u00eatre retrac\u00e9 jusqu&rsquo;\u00e0 vous. Vous pouvez vous opposer \u00e0 cette analyse ou l&#8217;emp\u00eacher en n&rsquo;utilisant pas certains outils. Pour des informations d\u00e9taill\u00e9es \u00e0 ce sujet, veuillez consulter la d\u00e9claration de confidentialit\u00e9 suivante.<\/p>\n<p>**Quelles donn\u00e9es collectons-nous de votre part ?**<\/p>\n<p>Lors de l&rsquo;acc\u00e8s et de l&rsquo;utilisation de cette page<\/p>\n<p>Donn\u00e9es d&rsquo;acc\u00e8s :<\/p>\n<p>\u00b7 Adresse IP,<\/p>\n<p>\u00b7 Horodatage de l&rsquo;acc\u00e8s,<\/p>\n<p>\u00b7 Ressource demand\u00e9e,<\/p>\n<p>\u00b7 Statut,<\/p>\n<p>\u00b7 Quantit\u00e9 de donn\u00e9es transf\u00e9r\u00e9es et<\/p>\n<p>\u00b7 Dur\u00e9e du transfert de donn\u00e9es ;<\/p>\n<p>\u00b7 Provenance de votre acc\u00e8s \u00e0 la page,<\/p>\n<p>\u00b7 Nom et version du logiciel de navigation.<\/p>\n<p>En fonction de vos saisies dans les formulaires et des commandes via notre boutique en ligne :<\/p>\n<p>Entreprise\/Organisation,<br \/>\nCivilit\u00e9,<br \/>\nTitre,<br \/>\nNom,<br \/>\nPr\u00e9nom,<br \/>\nRue,<br \/>\nNum\u00e9ro de maison,<br \/>\nCode postal,<br \/>\nVille,<br \/>\nNum\u00e9ro de t\u00e9l\u00e9phone,<br \/>\nAdresse e-mail.<\/p>\n<p>**Comment g\u00e9rons-nous les e-mails entrants ?**<\/p>\n<p>Sur le site web de Raumform33, vous trouverez des boutons \u00ab\u00a0Contact\u00a0\u00bb, par lesquels votre programme de messagerie \u00e9lectronique s&rsquo;ouvre pour envoyer un message \u00e0 une bo\u00eete aux lettres sp\u00e9cifique.<\/p>\n<p>Si vous nous envoyez un tel message, vos donn\u00e9es personnelles ne seront collect\u00e9es que dans la mesure n\u00e9cessaire pour r\u00e9pondre \u00e0 votre demande.<\/p>\n<p>&#8212;<\/p>\n<p>**2. INFORMATIONS G\u00c9N\u00c9RALES ET OBLIGATIONS L\u00c9GALES**<\/p>\n<p>**Protection des donn\u00e9es**<\/p>\n<p>Les exploitants de ces pages prennent tr\u00e8s au s\u00e9rieux la protection de vos donn\u00e9es personnelles. Nous traitons vos donn\u00e9es personnelles de mani\u00e8re confidentielle et conform\u00e9ment aux r\u00e9glementations l\u00e9gales sur la protection des donn\u00e9es ainsi qu&rsquo;\u00e0 la pr\u00e9sente d\u00e9claration de confidentialit\u00e9.<\/p>\n<p>Lorsque vous utilisez ce site web, diverses donn\u00e9es personnelles sont collect\u00e9es. Les donn\u00e9es personnelles sont des donn\u00e9es avec lesquelles vous pouvez \u00eatre personnellement identifi\u00e9. La pr\u00e9sente d\u00e9claration de confidentialit\u00e9 explique quelles donn\u00e9es nous collectons et dans quel but nous les utilisons. Elle explique \u00e9galement comment et dans quel but cela se fait.<\/p>\n<p>Nous attirons votre attention sur le fait que la transmission de donn\u00e9es sur Internet (par ex. lors de la communication par e-mail) peut pr\u00e9senter des failles de s\u00e9curit\u00e9. Une protection sans faille des donn\u00e9es contre l&rsquo;acc\u00e8s par des tiers n&rsquo;est pas possible.<\/p>\n<p>Le responsable de la collecte, du traitement et de l&rsquo;utilisation de vos donn\u00e9es personnelles au sens de la loi f\u00e9d\u00e9rale sur la protection des donn\u00e9es est Guido Schmitz RaumForm33 (ci-apr\u00e8s : RaumForm33). Si vous souhaitez vous opposer \u00e0 la collecte, au traitement ou \u00e0 l&rsquo;utilisation de vos donn\u00e9es par RaumForm33 conform\u00e9ment aux dispositions de cette politique de confidentialit\u00e9 dans leur ensemble ou pour des mesures individuelles, vous pouvez adresser votre opposition par e-mail, fax ou lettre aux coordonn\u00e9es suivantes :<\/p>\n<p>Guido Schmitz RaumForm33<\/p>\n<p>Baaderstr. 16<\/p>\n<p>80469 Munich<\/p>\n<p>info@raumform33.de<\/p>\n<p>Vous pouvez \u00e9galement obtenir \u00e0 tout moment des informations gratuitement sur les donn\u00e9es stock\u00e9es chez nous.<\/p>\n<p>**DONN\u00c9ES PERSONNELLES, UTILISATION, TRAITEMENT, COLLECTE**<\/p>\n<p>En r\u00e8gle g\u00e9n\u00e9rale, nous ne collectons pas de donn\u00e9es personnelles, sauf si vous nous les fournissez pour ex\u00e9cuter un contrat ou dans le cadre d&rsquo;une autre prise de contact. Nous respectons les dispositions l\u00e9gales. Sans votre consentement explicite, vos donn\u00e9es ne seront utilis\u00e9es que dans la mesure n\u00e9cessaire \u00e0 votre demande. Pour des fins de marketing tiers, seules les donn\u00e9es publiquement disponibles et certaines donn\u00e9es regroup\u00e9es en listes conform\u00e9ment au \u00a7 28 al. 3 phrase 2 et 4 de la loi f\u00e9d\u00e9rale sur la protection des donn\u00e9es peuvent \u00eatre transmises.<\/p>\n<p>&#8212;<\/p>\n<p>**Possibilit\u00e9 de contact via le site internet**<\/p>\n<p>Le site internet de RaumForm33 contient des informations l\u00e9gales permettant une prise de contact \u00e9lectronique rapide avec notre entreprise ainsi qu&rsquo;une communication directe avec nous, incluant \u00e9galement une adresse g\u00e9n\u00e9rale de la \u00ab\u00a0poste \u00e9lectronique\u00a0\u00bb (adresse e-mail). Si une personne concern\u00e9e prend contact avec le responsable du traitement par e-mail ou via un formulaire de contact, les donn\u00e9es personnelles transmises par la personne concern\u00e9e sont automatiquement enregistr\u00e9es. Ces donn\u00e9es personnelles transmises volontairement par une personne concern\u00e9e au responsable du traitement sont stock\u00e9es dans le but de traiter ou de contacter la personne concern\u00e9e. Il n&rsquo;y a pas de transmission de ces donn\u00e9es personnelles \u00e0 des tiers.<\/p>\n<p>**COLLECTE DE DONN\u00c9ES SUR NOTRE SITE WEB**<\/p>\n<p>**COOKIES**<\/p>\n<p>Notre site web utilise ce que l&rsquo;on appelle des \u00ab\u00a0cookies\u00a0\u00bb. Ceux-ci sont destin\u00e9s \u00e0 rendre notre pr\u00e9sence en ligne globalement plus conviviale, plus efficace et plus s\u00fbre. Par exemple, il s&rsquo;agit d&rsquo;acc\u00e9l\u00e9rer la navigation sur notre site web. Nous mesurons \u00e9galement ainsi la fr\u00e9quence des acc\u00e8s aux pages et la navigation g\u00e9n\u00e9rale.<\/p>\n<p>Les cookies sont de petits fichiers texte qui sont d\u00e9pos\u00e9s sur votre syst\u00e8me informatique. Il s&rsquo;agit g\u00e9n\u00e9ralement de \u00ab\u00a0cookies de session\u00a0\u00bb lorsque ceux-ci sont transf\u00e9r\u00e9s de nos serveurs \u00e0 votre syst\u00e8me informatique. Ces \u00ab\u00a0cookies de session\u00a0\u00bb sont automatiquement supprim\u00e9s de votre disque dur \u00e0 la fin de la session de navigation. D&rsquo;autres cookies sont stock\u00e9s sur votre syst\u00e8me informatique et nous permettent de le reconna\u00eetre lors de votre prochaine visite. Si votre navigateur le permet, vous pouvez refuser les cookies \u00e0 tout moment. Cependant, certaines fonctions de notre site web peuvent alors ne pas \u00eatre disponibles ou seulement de mani\u00e8re limit\u00e9e.<\/p>\n<p>**Fichiers journaux du serveur**<\/p>\n<p>Le fournisseur des pages recueille et stocke automatiquement des informations dans ce que l&rsquo;on appelle des fichiers journaux de serveur, que votre navigateur nous transmet automatiquement. Il s&rsquo;agit des informations suivantes :<\/p>\n<p>Type et version du navigateur<br \/>\nSyst\u00e8me d&rsquo;exploitation utilis\u00e9<br \/>\nURL de provenance<br \/>\nNom d&rsquo;h\u00f4te de l&rsquo;ordinateur acc\u00e9dant<br \/>\nHeure de la demande du serveur<br \/>\nAdresse IP<\/p>\n<p>Il n&rsquo;y a pas de fusion de ces donn\u00e9es avec d&rsquo;autres sources de donn\u00e9es.<\/p>\n<p>La base juridique pour le traitement des donn\u00e9es est l&rsquo;article 6, paragraphe 1, lettre f du DSGVO, qui autorise le traitement des donn\u00e9es pour l&rsquo;ex\u00e9cution d&rsquo;un contrat ou de mesures pr\u00e9contractuelles.<\/p>\n<p>**Formulaire de contact**<\/p>\n<p>Si vous nous envoyez des demandes via le formulaire de contact, vos coordonn\u00e9es, y compris celles que vous y avez saisies, seront enregistr\u00e9es chez nous dans le but de traiter la demande et pour d&rsquo;\u00e9ventuelles questions compl\u00e9mentaires. Nous ne transmettons pas ces donn\u00e9es sans votre consentement.<\/p>\n<p>Le traitement des donn\u00e9es saisies dans le formulaire de contact se fait donc exclusivement sur la base de votre consentement (article 6, paragraphe 1, lettre a du DSGVO). Vous pouvez r\u00e9voquer ce consentement \u00e0 tout moment. Il suffit de nous envoyer un message informel par e-mail. La l\u00e9galit\u00e9 du traitement des donn\u00e9es effectu\u00e9 jusqu&rsquo;\u00e0 la r\u00e9vocation reste inchang\u00e9e par la r\u00e9vocation.<\/p>\n<p>Les donn\u00e9es que vous avez saisies dans le formulaire de contact restent chez nous jusqu&rsquo;\u00e0 ce que vous nous demandiez de les supprimer, que vous r\u00e9voquiez votre consentement \u00e0 leur stockage ou que le but du stockage des donn\u00e9es disparaisse (par ex. apr\u00e8s le traitement de votre demande). Les dispositions l\u00e9gales obligatoires \u2013 en particulier les d\u00e9lais de conservation \u2013 restent inchang\u00e9es.<\/p>\n<p>**Traitement des donn\u00e9es (donn\u00e9es clients et contractuelles)**<\/p>\n<p>Nous collectons, traitons et utilisons des donn\u00e9es personnelles uniquement dans la mesure n\u00e9cessaire pour \u00e9tablir, organiser le contenu ou modifier la relation juridique (donn\u00e9es de base). Cela se fait sur la base de l&rsquo;article 6, paragraphe 1, lettre b du DSGVO, qui autorise le traitement des<\/p>\n<p>donn\u00e9es pour l&rsquo;ex\u00e9cution d&rsquo;un contrat ou de mesures pr\u00e9contractuelles.<\/p>\n<p>Nous collectons, traitons et utilisons des donn\u00e9es personnelles sur l&rsquo;utilisation de notre site web (donn\u00e9es d&rsquo;utilisation) uniquement dans la mesure n\u00e9cessaire pour permettre \u00e0 l&rsquo;utilisateur d&rsquo;utiliser le service ou pour le facturer.<\/p>\n<p>Les donn\u00e9es client collect\u00e9es seront supprim\u00e9es apr\u00e8s l&rsquo;ex\u00e9cution de la commande ou la fin de la relation d&rsquo;affaires. Les d\u00e9lais de conservation l\u00e9gaux restent inchang\u00e9s.<\/p>\n<p>**Transmission de donn\u00e9es lors de la conclusion d&rsquo;un contrat pour la boutique en ligne, les revendeurs et l&rsquo;exp\u00e9dition de marchandises**<\/p>\n<p>Nous ne transmettons des donn\u00e9es personnelles \u00e0 des tiers que si cela est n\u00e9cessaire dans le cadre de l&rsquo;ex\u00e9cution du contrat, par exemple \u00e0 l&rsquo;entreprise charg\u00e9e de la livraison des marchandises ou \u00e0 l&rsquo;\u00e9tablissement de cr\u00e9dit charg\u00e9 du traitement du paiement. Une transmission ult\u00e9rieure des donn\u00e9es n&rsquo;a pas lieu ou seulement si vous avez express\u00e9ment consenti \u00e0 la transmission. Une transmission de vos donn\u00e9es \u00e0 des tiers sans consentement expr\u00e8s, par exemple \u00e0 des fins publicitaires, n&rsquo;a pas lieu.<\/p>\n<p>La base du traitement des donn\u00e9es est l&rsquo;article 6, paragraphe 1, lettre b du DSGVO, qui autorise le traitement des donn\u00e9es pour l&rsquo;ex\u00e9cution d&rsquo;un contrat ou de mesures pr\u00e9contractuelles.<\/p>\n<p>**Droit \u00e0 l&rsquo;information, \u00e0 la suppression, au blocage**<\/p>\n<p>Vous avez \u00e0 tout moment le droit d&rsquo;obtenir gratuitement des informations sur les donn\u00e9es personnelles que nous stockons sur vous, sur leur origine et leur destinataire ainsi que sur la finalit\u00e9 du traitement des donn\u00e9es et, le cas \u00e9ch\u00e9ant, un droit de rectification, de blocage ou de suppression de ces donn\u00e9es. Pour toute question concernant ce sujet ou d&rsquo;autres questions relatives aux donn\u00e9es personnelles, vous pouvez nous contacter \u00e0 tout moment \u00e0 l&rsquo;adresse indiqu\u00e9e dans les mentions l\u00e9gales.<\/p>\n<p>**Opposition aux e-mails publicitaires**<\/p>\n<p>L&rsquo;utilisation des coordonn\u00e9es publi\u00e9es dans le cadre des obligations l\u00e9gales pour l&rsquo;envoi de publicit\u00e9 et de mat\u00e9riel d&rsquo;information non sollicit\u00e9s est par la pr\u00e9sente interdite. Les exploitants de ce site se r\u00e9servent express\u00e9ment le droit d&rsquo;engager des actions en justice en cas d&rsquo;envoi non sollicit\u00e9 d&rsquo;informations publicitaires, telles que des spams.<\/p>\n<p>&#8212;<\/p>\n<p>&nbsp;[\/vc_column_text][\/vc_column][\/vc_row]<\/p>\n<\/div>","protected":false},"excerpt":{"rendered":"<p>[vc_row][vc_column][vc_column_text]Hier ist der Text mit der Ersetzung von \u00ab\u00a0RGPD\u00a0\u00bb durch \u00ab\u00a0DSGVO\u00a0\u00bb: &#8212; **1. VUE D&rsquo;ENSEMBLE SUR LA PROTECTION DES DONN\u00c9ES** **Informations g\u00e9n\u00e9rales** Les informations suivantes donnent un aper\u00e7u simple de ce qui advient de vos donn\u00e9es personnelles lorsque vous visitez notre site web. Les donn\u00e9es personnelles sont toutes les donn\u00e9es avec lesquelles vous pouvez \u00eatre [&hellip;]<\/p>\n","protected":false},"author":4,"featured_media":0,"parent":0,"menu_order":0,"comment_status":"closed","ping_status":"closed","template":"","meta":{"footnotes":""},"class_list":["post-6063","page","type-page","status-publish","hentry"],"yoast_head":"<!-- This site is optimized with the Yoast SEO plugin v27.4 - https:\/\/yoast.com\/product\/yoast-seo-wordpress\/ -->\n<title>D\u00e9claration de confidentialit\u00e9 | airjust Kleiderstange<\/title>\n<meta name=\"robots\" content=\"noindex, nofollow\" \/>\n<meta property=\"og:locale\" content=\"fr_FR\" \/>\n<meta property=\"og:type\" content=\"article\" \/>\n<meta property=\"og:title\" content=\"D\u00e9claration de confidentialit\u00e9 | airjust Kleiderstange\" \/>\n<meta property=\"og:description\" content=\"[vc_row][vc_column][vc_column_text]Hier ist der Text mit der Ersetzung von \u00ab\u00a0RGPD\u00a0\u00bb durch \u00ab\u00a0DSGVO\u00a0\u00bb: &#8212; **1. VUE D&rsquo;ENSEMBLE SUR LA PROTECTION DES DONN\u00c9ES** **Informations g\u00e9n\u00e9rales** Les informations suivantes donnent un aper\u00e7u simple de ce qui advient de vos donn\u00e9es personnelles lorsque vous visitez notre site web. Les donn\u00e9es personnelles sont toutes les donn\u00e9es avec lesquelles vous pouvez \u00eatre [&hellip;]\" \/>\n<meta property=\"og:url\" content=\"https:\/\/airjust.de\/fr\/datenschutzerklaerung\/\" \/>\n<meta property=\"og:site_name\" content=\"airjust Kleiderstange\" \/>\n<meta property=\"article:publisher\" content=\"https:\/\/www.facebook.com\/airjust33\/\" \/>\n<meta property=\"article:modified_time\" content=\"2024-09-02T16:55:44+00:00\" \/>\n<meta property=\"og:image\" content=\"https:\/\/airjust.de\/wp-content\/uploads\/2020\/03\/kleiderstange-deckenmontage-1.jpg\" \/>\n\t<meta property=\"og:image:width\" content=\"800\" \/>\n\t<meta property=\"og:image:height\" content=\"1096\" \/>\n\t<meta property=\"og:image:type\" content=\"image\/jpeg\" \/>\n<meta name=\"twitter:card\" content=\"summary_large_image\" \/>\n<meta name=\"twitter:label1\" content=\"Dur\u00e9e de lecture estim\u00e9e\" \/>\n\t<meta name=\"twitter:data1\" content=\"10 minutes\" \/>\n<script type=\"application\/ld+json\" class=\"yoast-schema-graph\">{\"@context\":\"https:\\\/\\\/schema.org\",\"@graph\":[{\"@type\":\"WebPage\",\"@id\":\"https:\\\/\\\/airjust.de\\\/fr\\\/datenschutzerklaerung\\\/\",\"url\":\"https:\\\/\\\/airjust.de\\\/fr\\\/datenschutzerklaerung\\\/\",\"name\":\"D\u00e9claration de confidentialit\u00e9 | airjust Kleiderstange\",\"isPartOf\":{\"@id\":\"https:\\\/\\\/airjust.de\\\/fr\\\/#website\"},\"datePublished\":\"2019-06-27T20:03:07+00:00\",\"dateModified\":\"2024-09-02T16:55:44+00:00\",\"breadcrumb\":{\"@id\":\"https:\\\/\\\/airjust.de\\\/fr\\\/datenschutzerklaerung\\\/#breadcrumb\"},\"inLanguage\":\"fr-FR\",\"potentialAction\":[{\"@type\":\"ReadAction\",\"target\":[\"https:\\\/\\\/airjust.de\\\/fr\\\/datenschutzerklaerung\\\/\"]}]},{\"@type\":\"BreadcrumbList\",\"@id\":\"https:\\\/\\\/airjust.de\\\/fr\\\/datenschutzerklaerung\\\/#breadcrumb\",\"itemListElement\":[{\"@type\":\"ListItem\",\"position\":1,\"name\":\"Startseite\",\"item\":\"https:\\\/\\\/airjust.de\\\/fr\\\/\"},{\"@type\":\"ListItem\",\"position\":2,\"name\":\"D\u00e9claration de confidentialit\u00e9\"}]},{\"@type\":\"WebSite\",\"@id\":\"https:\\\/\\\/airjust.de\\\/fr\\\/#website\",\"url\":\"https:\\\/\\\/airjust.de\\\/fr\\\/\",\"name\":\"airjust Kleiderstange\",\"description\":\"airjust &reg; Webshop\",\"publisher\":{\"@id\":\"https:\\\/\\\/airjust.de\\\/fr\\\/#organization\"},\"potentialAction\":[{\"@type\":\"SearchAction\",\"target\":{\"@type\":\"EntryPoint\",\"urlTemplate\":\"https:\\\/\\\/airjust.de\\\/fr\\\/?s={search_term_string}\"},\"query-input\":{\"@type\":\"PropertyValueSpecification\",\"valueRequired\":true,\"valueName\":\"search_term_string\"}}],\"inLanguage\":\"fr-FR\"},{\"@type\":\"Organization\",\"@id\":\"https:\\\/\\\/airjust.de\\\/fr\\\/#organization\",\"name\":\"airjust\",\"url\":\"https:\\\/\\\/airjust.de\\\/fr\\\/\",\"logo\":{\"@type\":\"ImageObject\",\"inLanguage\":\"fr-FR\",\"@id\":\"https:\\\/\\\/airjust.de\\\/fr\\\/#\\\/schema\\\/logo\\\/image\\\/\",\"url\":\"https:\\\/\\\/airjust.de\\\/wp-content\\\/uploads\\\/2019\\\/07\\\/bilder-shop.png\",\"contentUrl\":\"https:\\\/\\\/airjust.de\\\/wp-content\\\/uploads\\\/2019\\\/07\\\/bilder-shop.png\",\"width\":360,\"height\":110,\"caption\":\"airjust\"},\"image\":{\"@id\":\"https:\\\/\\\/airjust.de\\\/fr\\\/#\\\/schema\\\/logo\\\/image\\\/\"},\"sameAs\":[\"https:\\\/\\\/www.facebook.com\\\/airjust33\\\/\",\"https:\\\/\\\/www.instagram.com\\\/airjust33\\\/\",\"https:\\\/\\\/www.pinterest.de\\\/raumform33\\\/\",\"https:\\\/\\\/www.youtube.com\\\/watch?v=qIuifbwBFg4\"]}]}<\/script>\n<!-- \/ Yoast SEO plugin. -->","yoast_head_json":{"title":"D\u00e9claration de confidentialit\u00e9 | airjust Kleiderstange","robots":{"index":"noindex","follow":"nofollow"},"og_locale":"fr_FR","og_type":"article","og_title":"D\u00e9claration de confidentialit\u00e9 | airjust Kleiderstange","og_description":"[vc_row][vc_column][vc_column_text]Hier ist der Text mit der Ersetzung von \u00ab\u00a0RGPD\u00a0\u00bb durch \u00ab\u00a0DSGVO\u00a0\u00bb: &#8212; **1. VUE D&rsquo;ENSEMBLE SUR LA PROTECTION DES DONN\u00c9ES** **Informations g\u00e9n\u00e9rales** Les informations suivantes donnent un aper\u00e7u simple de ce qui advient de vos donn\u00e9es personnelles lorsque vous visitez notre site web. Les donn\u00e9es personnelles sont toutes les donn\u00e9es avec lesquelles vous pouvez \u00eatre [&hellip;]","og_url":"https:\/\/airjust.de\/fr\/datenschutzerklaerung\/","og_site_name":"airjust Kleiderstange","article_publisher":"https:\/\/www.facebook.com\/airjust33\/","article_modified_time":"2024-09-02T16:55:44+00:00","og_image":[{"width":800,"height":1096,"url":"https:\/\/airjust.de\/wp-content\/uploads\/2020\/03\/kleiderstange-deckenmontage-1.jpg","type":"image\/jpeg"}],"twitter_card":"summary_large_image","twitter_misc":{"Dur\u00e9e de lecture estim\u00e9e":"10 minutes"},"schema":{"@context":"https:\/\/schema.org","@graph":[{"@type":"WebPage","@id":"https:\/\/airjust.de\/fr\/datenschutzerklaerung\/","url":"https:\/\/airjust.de\/fr\/datenschutzerklaerung\/","name":"D\u00e9claration de confidentialit\u00e9 | airjust Kleiderstange","isPartOf":{"@id":"https:\/\/airjust.de\/fr\/#website"},"datePublished":"2019-06-27T20:03:07+00:00","dateModified":"2024-09-02T16:55:44+00:00","breadcrumb":{"@id":"https:\/\/airjust.de\/fr\/datenschutzerklaerung\/#breadcrumb"},"inLanguage":"fr-FR","potentialAction":[{"@type":"ReadAction","target":["https:\/\/airjust.de\/fr\/datenschutzerklaerung\/"]}]},{"@type":"BreadcrumbList","@id":"https:\/\/airjust.de\/fr\/datenschutzerklaerung\/#breadcrumb","itemListElement":[{"@type":"ListItem","position":1,"name":"Startseite","item":"https:\/\/airjust.de\/fr\/"},{"@type":"ListItem","position":2,"name":"D\u00e9claration de confidentialit\u00e9"}]},{"@type":"WebSite","@id":"https:\/\/airjust.de\/fr\/#website","url":"https:\/\/airjust.de\/fr\/","name":"airjust Kleiderstange","description":"airjust &reg; Webshop","publisher":{"@id":"https:\/\/airjust.de\/fr\/#organization"},"potentialAction":[{"@type":"SearchAction","target":{"@type":"EntryPoint","urlTemplate":"https:\/\/airjust.de\/fr\/?s={search_term_string}"},"query-input":{"@type":"PropertyValueSpecification","valueRequired":true,"valueName":"search_term_string"}}],"inLanguage":"fr-FR"},{"@type":"Organization","@id":"https:\/\/airjust.de\/fr\/#organization","name":"airjust","url":"https:\/\/airjust.de\/fr\/","logo":{"@type":"ImageObject","inLanguage":"fr-FR","@id":"https:\/\/airjust.de\/fr\/#\/schema\/logo\/image\/","url":"https:\/\/airjust.de\/wp-content\/uploads\/2019\/07\/bilder-shop.png","contentUrl":"https:\/\/airjust.de\/wp-content\/uploads\/2019\/07\/bilder-shop.png","width":360,"height":110,"caption":"airjust"},"image":{"@id":"https:\/\/airjust.de\/fr\/#\/schema\/logo\/image\/"},"sameAs":["https:\/\/www.facebook.com\/airjust33\/","https:\/\/www.instagram.com\/airjust33\/","https:\/\/www.pinterest.de\/raumform33\/","https:\/\/www.youtube.com\/watch?v=qIuifbwBFg4"]}]}},"_links":{"self":[{"href":"https:\/\/airjust.de\/fr\/wp-json\/wp\/v2\/pages\/6063","targetHints":{"allow":["GET"]}}],"collection":[{"href":"https:\/\/airjust.de\/fr\/wp-json\/wp\/v2\/pages"}],"about":[{"href":"https:\/\/airjust.de\/fr\/wp-json\/wp\/v2\/types\/page"}],"author":[{"embeddable":true,"href":"https:\/\/airjust.de\/fr\/wp-json\/wp\/v2\/users\/4"}],"replies":[{"embeddable":true,"href":"https:\/\/airjust.de\/fr\/wp-json\/wp\/v2\/comments?post=6063"}],"version-history":[{"count":9,"href":"https:\/\/airjust.de\/fr\/wp-json\/wp\/v2\/pages\/6063\/revisions"}],"predecessor-version":[{"id":6787,"href":"https:\/\/airjust.de\/fr\/wp-json\/wp\/v2\/pages\/6063\/revisions\/6787"}],"wp:attachment":[{"href":"https:\/\/airjust.de\/fr\/wp-json\/wp\/v2\/media?parent=6063"}],"curies":[{"name":"wp","href":"https:\/\/api.w.org\/{rel}","templated":true}]}}