{"id":6061,"date":"2021-11-16T15:24:18","date_gmt":"2021-11-16T14:24:18","guid":{"rendered":"https:\/\/airjust.de\/impressum\/"},"modified":"2024-09-02T18:28:45","modified_gmt":"2024-09-02T16:28:45","slug":"impressum","status":"publish","type":"page","link":"https:\/\/airjust.de\/fr\/impressum\/","title":{"rendered":"Mentions l\u00e9gales"},"content":{"rendered":"<div class=\"wpb-content-wrapper\"><p>[vc_row][vc_column][vc_column_text]Guido Schmitz<br \/>\nRaumForm33<\/p>\n<p>Contact :<\/p>\n<p>Baaderstr.16| 80469 Munich<br \/>\nT\u00e9l : +49 (0) 89 12 22 326-70 Fax : +49 (0) 89 12 22 326-79<br \/>\ninfo@raumform33.de | www.raumform33.de<\/p>\n<p>Responsable du contenu conform\u00e9ment au \u00a7 55 II RStV : Guido Schmitz (adresse voir ci-dessus)<\/p>\n<p>Num\u00e9ro d&rsquo;identification de la taxe sur le chiffre d&rsquo;affaires conform\u00e9ment au \u00a727 a de la loi sur la TVA : DE 295279005<\/p>\n<p>Administration fiscale comp\u00e9tente : Munich IV<\/p>\n<p>COPYRIGHT<br \/>\n\u00a9 2024. tous droits r\u00e9serv\u00e9s. Toutes les donn\u00e9es au sein du domaine Raumform33 sont prot\u00e9g\u00e9es par des droits d&rsquo;auteur et ne peuvent pas \u00eatre utilis\u00e9es sans l&rsquo;accord des ayants droit. Tous les contenus tels que les textes, les images, les graphiques et la mise en page sont prot\u00e9g\u00e9s par des droits d&rsquo;auteur et la copie ou la reproduction de l&rsquo;ensemble des contenus &#8211; m\u00eame partielle &#8211; n&rsquo;est possible qu&rsquo;avec l&rsquo;autorisation \u00e9crite de Guido Schmitz Raumform33 . Tous les droits sont r\u00e9serv\u00e9s.<\/p>\n<p>Certaines images sont soumises \u00e0 la licence d&rsquo;appellation CreativeCommons http:\/\/creativecommons.org\/licenses\/by\/2.0\/de\/deed.de<\/p>\n<p>Ic\u00f4ne r\u00e9alis\u00e9e par [Those Icons] from www.flaticon.com<\/p>\n<p>Images de produits Fotostudio Achmann<\/p>\n<p>EXCLUSION DE RESPONSABILIT\u00c9<\/p>\n<p>Responsabilit\u00e9 pour le contenu<br \/>\nLes contenus de mes pages ont \u00e9t\u00e9 \u00e9labor\u00e9s avec le plus grand soin. Je ne peux cependant pas garantir l&rsquo;exactitude, l&rsquo;exhaustivit\u00e9 et l&rsquo;actualit\u00e9 des contenus. En tant que prestataire de services, je suis responsable, conform\u00e9ment au \u00a7 7 alin\u00e9a 1 de la loi allemande sur les t\u00e9l\u00e9m\u00e9dias (TMG), de mes propres contenus sur ces pages selon les lois g\u00e9n\u00e9rales. Selon les \u00a7\u00a7 8 \u00e0 10 de la TMG, je ne suis cependant pas tenu, en tant que prestataire de services, de surveiller les informations externes transmises ou enregistr\u00e9es ou de rechercher les circonstances qui indiquent une activit\u00e9 ill\u00e9gale. Les obligations de supprimer ou de bloquer l&rsquo;utilisation d&rsquo;informations conform\u00e9ment aux lois g\u00e9n\u00e9rales ne sont pas affect\u00e9es par cette disposition. Une responsabilit\u00e9 \u00e0 cet \u00e9gard n&rsquo;est toutefois possible qu&rsquo;\u00e0 partir du moment o\u00f9 une violation concr\u00e8te de la loi est connue. D\u00e8s la prise de connaissance d&rsquo;une telle violation, je supprimerai imm\u00e9diatement les contenus concern\u00e9s.<\/p>\n<p>Responsabilit\u00e9 pour les liens<br \/>\nMon offre contient des liens vers des sites web externes de tiers, sur le contenu desquels je n&rsquo;ai aucune influence. C&rsquo;est pourquoi je ne peux pas non plus me porter garant de ces contenus externes. Le fournisseur ou l&rsquo;exploitant des pages li\u00e9es est toujours responsable de leur contenu. Les pages li\u00e9es ont \u00e9t\u00e9 contr\u00f4l\u00e9es au moment de la mise en place des liens afin de v\u00e9rifier qu&rsquo;elles n&rsquo;enfreignaient pas la loi. Aucun contenu ill\u00e9gal n&rsquo;a \u00e9t\u00e9 identifi\u00e9 au moment de la cr\u00e9ation du lien. Un contr\u00f4le permanent du contenu des pages li\u00e9es n&rsquo;est toutefois pas exigible sans indices concrets d&rsquo;une violation de la loi. D\u00e8s la prise de connaissance de violations de la loi, je supprimerai imm\u00e9diatement les liens concern\u00e9s.<\/p>\n<p>Droit d&rsquo;auteur<br \/>\nLes contenus et \u0153uvres cr\u00e9\u00e9s par les exploitants de ces pages sont soumis au droit d&rsquo;auteur allemand. La reproduction, le traitement, la diffusion et toute forme d&rsquo;exploitation en dehors des limites du droit d&rsquo;auteur requi\u00e8rent l&rsquo;accord \u00e9crit de l&rsquo;auteur ou du cr\u00e9ateur concern\u00e9. Les t\u00e9l\u00e9chargements et les copies de ce site ne sont autoris\u00e9s que pour un usage priv\u00e9 et non commercial. Dans la mesure o\u00f9 les contenus de ce site n&rsquo;ont pas \u00e9t\u00e9 cr\u00e9\u00e9s par l&rsquo;exploitant, les droits d&rsquo;auteur de tiers sont respect\u00e9s. Les contenus de tiers sont notamment identifi\u00e9s comme tels. Si vous deviez n\u00e9anmoins constater une violation des droits d&rsquo;auteur, nous vous prions de nous en informer. D\u00e8s la prise de connaissance d&rsquo;une violation de la loi, je supprimerai imm\u00e9diatement de tels contenus.<\/p>\n<p>Source : Disclaimer de eRecht24, le portail du droit Internet de l&rsquo;avocat S\u00f6ren Siebert.<\/p>\n<p>Proc\u00e9dure de r\u00e9clamation<br \/>\nR\u00e8glement alternatif des litiges conform\u00e9ment \u00e0 l&rsquo;article 14, paragraphe 1, de l&rsquo;ODR et au \u00a7 36 de la VSBG :<br \/>\nLa Commission europ\u00e9enne met \u00e0 disposition une plateforme de r\u00e8glement en ligne des litiges (OS) que tu trouveras sur https:\/\/ec.europa.eu\/consumers\/odr. Nous ne sommes pas tenus de participer \u00e0 une proc\u00e9dure de r\u00e8glement des litiges devant un organisme de conciliation des consommateurs et ne sommes pas dispos\u00e9s \u00e0 le faire.<\/p>\n<p>CONCEPTION, DESIGN ET R\u00c9ALISATION<br \/>\nRaumForm33 Design web<\/p>\n<p>raumform33.de[\/vc_column_text][\/vc_column][\/vc_row]<\/p>\n<\/div>","protected":false},"excerpt":{"rendered":"<p>[vc_row][vc_column][vc_column_text]Guido Schmitz RaumForm33 Contact : Baaderstr.16| 80469 Munich T\u00e9l : +49 (0) 89 12 22 326-70 Fax : +49 (0) 89 12 22 326-79 info@raumform33.de | www.raumform33.de Responsable du contenu conform\u00e9ment au \u00a7 55 II RStV : Guido Schmitz (adresse voir ci-dessus) Num\u00e9ro d&rsquo;identification de la taxe sur le chiffre d&rsquo;affaires conform\u00e9ment au \u00a727 a [&hellip;]<\/p>\n","protected":false},"author":4,"featured_media":0,"parent":0,"menu_order":0,"comment_status":"closed","ping_status":"closed","template":"","meta":{"footnotes":""},"class_list":["post-6061","page","type-page","status-publish","hentry"],"yoast_head":"<!-- This site is optimized with the Yoast SEO plugin v27.4 - https:\/\/yoast.com\/product\/yoast-seo-wordpress\/ -->\n<title>Mentions l\u00e9gales | airjust Kleiderstange<\/title>\n<meta name=\"robots\" content=\"noindex, nofollow\" \/>\n<meta property=\"og:locale\" content=\"fr_FR\" \/>\n<meta property=\"og:type\" content=\"article\" \/>\n<meta property=\"og:title\" content=\"Mentions l\u00e9gales | airjust Kleiderstange\" \/>\n<meta property=\"og:description\" content=\"[vc_row][vc_column][vc_column_text]Guido Schmitz RaumForm33 Contact : Baaderstr.16| 80469 Munich T\u00e9l : +49 (0) 89 12 22 326-70 Fax : +49 (0) 89 12 22 326-79 info@raumform33.de | www.raumform33.de Responsable du contenu conform\u00e9ment au \u00a7 55 II RStV : Guido Schmitz (adresse voir ci-dessus) Num\u00e9ro d&rsquo;identification de la taxe sur le chiffre d&rsquo;affaires conform\u00e9ment au \u00a727 a [&hellip;]\" \/>\n<meta property=\"og:url\" content=\"https:\/\/airjust.de\/fr\/impressum\/\" \/>\n<meta property=\"og:site_name\" content=\"airjust Kleiderstange\" \/>\n<meta property=\"article:publisher\" content=\"https:\/\/www.facebook.com\/airjust33\/\" \/>\n<meta property=\"article:modified_time\" content=\"2024-09-02T16:28:45+00:00\" \/>\n<meta property=\"og:image\" content=\"https:\/\/airjust.de\/wp-content\/uploads\/2020\/03\/kleiderstange-deckenmontage-1.jpg\" \/>\n\t<meta property=\"og:image:width\" content=\"800\" \/>\n\t<meta property=\"og:image:height\" content=\"1096\" \/>\n\t<meta property=\"og:image:type\" content=\"image\/jpeg\" \/>\n<meta name=\"twitter:card\" content=\"summary_large_image\" \/>\n<meta name=\"twitter:label1\" content=\"Dur\u00e9e de lecture estim\u00e9e\" \/>\n\t<meta name=\"twitter:data1\" content=\"4 minutes\" \/>\n<script type=\"application\/ld+json\" class=\"yoast-schema-graph\">{\"@context\":\"https:\\\/\\\/schema.org\",\"@graph\":[{\"@type\":\"WebPage\",\"@id\":\"https:\\\/\\\/airjust.de\\\/fr\\\/impressum\\\/\",\"url\":\"https:\\\/\\\/airjust.de\\\/fr\\\/impressum\\\/\",\"name\":\"Mentions l\u00e9gales | airjust Kleiderstange\",\"isPartOf\":{\"@id\":\"https:\\\/\\\/airjust.de\\\/fr\\\/#website\"},\"datePublished\":\"2021-11-16T14:24:18+00:00\",\"dateModified\":\"2024-09-02T16:28:45+00:00\",\"breadcrumb\":{\"@id\":\"https:\\\/\\\/airjust.de\\\/fr\\\/impressum\\\/#breadcrumb\"},\"inLanguage\":\"fr-FR\",\"potentialAction\":[{\"@type\":\"ReadAction\",\"target\":[\"https:\\\/\\\/airjust.de\\\/fr\\\/impressum\\\/\"]}]},{\"@type\":\"BreadcrumbList\",\"@id\":\"https:\\\/\\\/airjust.de\\\/fr\\\/impressum\\\/#breadcrumb\",\"itemListElement\":[{\"@type\":\"ListItem\",\"position\":1,\"name\":\"Startseite\",\"item\":\"https:\\\/\\\/airjust.de\\\/fr\\\/\"},{\"@type\":\"ListItem\",\"position\":2,\"name\":\"Mentions l\u00e9gales\"}]},{\"@type\":\"WebSite\",\"@id\":\"https:\\\/\\\/airjust.de\\\/fr\\\/#website\",\"url\":\"https:\\\/\\\/airjust.de\\\/fr\\\/\",\"name\":\"airjust Kleiderstange\",\"description\":\"airjust &reg; Webshop\",\"publisher\":{\"@id\":\"https:\\\/\\\/airjust.de\\\/fr\\\/#organization\"},\"potentialAction\":[{\"@type\":\"SearchAction\",\"target\":{\"@type\":\"EntryPoint\",\"urlTemplate\":\"https:\\\/\\\/airjust.de\\\/fr\\\/?s={search_term_string}\"},\"query-input\":{\"@type\":\"PropertyValueSpecification\",\"valueRequired\":true,\"valueName\":\"search_term_string\"}}],\"inLanguage\":\"fr-FR\"},{\"@type\":\"Organization\",\"@id\":\"https:\\\/\\\/airjust.de\\\/fr\\\/#organization\",\"name\":\"airjust\",\"url\":\"https:\\\/\\\/airjust.de\\\/fr\\\/\",\"logo\":{\"@type\":\"ImageObject\",\"inLanguage\":\"fr-FR\",\"@id\":\"https:\\\/\\\/airjust.de\\\/fr\\\/#\\\/schema\\\/logo\\\/image\\\/\",\"url\":\"https:\\\/\\\/airjust.de\\\/wp-content\\\/uploads\\\/2019\\\/07\\\/bilder-shop.png\",\"contentUrl\":\"https:\\\/\\\/airjust.de\\\/wp-content\\\/uploads\\\/2019\\\/07\\\/bilder-shop.png\",\"width\":360,\"height\":110,\"caption\":\"airjust\"},\"image\":{\"@id\":\"https:\\\/\\\/airjust.de\\\/fr\\\/#\\\/schema\\\/logo\\\/image\\\/\"},\"sameAs\":[\"https:\\\/\\\/www.facebook.com\\\/airjust33\\\/\",\"https:\\\/\\\/www.instagram.com\\\/airjust33\\\/\",\"https:\\\/\\\/www.pinterest.de\\\/raumform33\\\/\",\"https:\\\/\\\/www.youtube.com\\\/watch?v=qIuifbwBFg4\"]}]}<\/script>\n<!-- \/ Yoast SEO plugin. -->","yoast_head_json":{"title":"Mentions l\u00e9gales | airjust Kleiderstange","robots":{"index":"noindex","follow":"nofollow"},"og_locale":"fr_FR","og_type":"article","og_title":"Mentions l\u00e9gales | airjust Kleiderstange","og_description":"[vc_row][vc_column][vc_column_text]Guido Schmitz RaumForm33 Contact : Baaderstr.16| 80469 Munich T\u00e9l : +49 (0) 89 12 22 326-70 Fax : +49 (0) 89 12 22 326-79 info@raumform33.de | www.raumform33.de Responsable du contenu conform\u00e9ment au \u00a7 55 II RStV : Guido Schmitz (adresse voir ci-dessus) Num\u00e9ro d&rsquo;identification de la taxe sur le chiffre d&rsquo;affaires conform\u00e9ment au \u00a727 a [&hellip;]","og_url":"https:\/\/airjust.de\/fr\/impressum\/","og_site_name":"airjust Kleiderstange","article_publisher":"https:\/\/www.facebook.com\/airjust33\/","article_modified_time":"2024-09-02T16:28:45+00:00","og_image":[{"width":800,"height":1096,"url":"https:\/\/airjust.de\/wp-content\/uploads\/2020\/03\/kleiderstange-deckenmontage-1.jpg","type":"image\/jpeg"}],"twitter_card":"summary_large_image","twitter_misc":{"Dur\u00e9e de lecture estim\u00e9e":"4 minutes"},"schema":{"@context":"https:\/\/schema.org","@graph":[{"@type":"WebPage","@id":"https:\/\/airjust.de\/fr\/impressum\/","url":"https:\/\/airjust.de\/fr\/impressum\/","name":"Mentions l\u00e9gales | airjust Kleiderstange","isPartOf":{"@id":"https:\/\/airjust.de\/fr\/#website"},"datePublished":"2021-11-16T14:24:18+00:00","dateModified":"2024-09-02T16:28:45+00:00","breadcrumb":{"@id":"https:\/\/airjust.de\/fr\/impressum\/#breadcrumb"},"inLanguage":"fr-FR","potentialAction":[{"@type":"ReadAction","target":["https:\/\/airjust.de\/fr\/impressum\/"]}]},{"@type":"BreadcrumbList","@id":"https:\/\/airjust.de\/fr\/impressum\/#breadcrumb","itemListElement":[{"@type":"ListItem","position":1,"name":"Startseite","item":"https:\/\/airjust.de\/fr\/"},{"@type":"ListItem","position":2,"name":"Mentions l\u00e9gales"}]},{"@type":"WebSite","@id":"https:\/\/airjust.de\/fr\/#website","url":"https:\/\/airjust.de\/fr\/","name":"airjust Kleiderstange","description":"airjust &reg; Webshop","publisher":{"@id":"https:\/\/airjust.de\/fr\/#organization"},"potentialAction":[{"@type":"SearchAction","target":{"@type":"EntryPoint","urlTemplate":"https:\/\/airjust.de\/fr\/?s={search_term_string}"},"query-input":{"@type":"PropertyValueSpecification","valueRequired":true,"valueName":"search_term_string"}}],"inLanguage":"fr-FR"},{"@type":"Organization","@id":"https:\/\/airjust.de\/fr\/#organization","name":"airjust","url":"https:\/\/airjust.de\/fr\/","logo":{"@type":"ImageObject","inLanguage":"fr-FR","@id":"https:\/\/airjust.de\/fr\/#\/schema\/logo\/image\/","url":"https:\/\/airjust.de\/wp-content\/uploads\/2019\/07\/bilder-shop.png","contentUrl":"https:\/\/airjust.de\/wp-content\/uploads\/2019\/07\/bilder-shop.png","width":360,"height":110,"caption":"airjust"},"image":{"@id":"https:\/\/airjust.de\/fr\/#\/schema\/logo\/image\/"},"sameAs":["https:\/\/www.facebook.com\/airjust33\/","https:\/\/www.instagram.com\/airjust33\/","https:\/\/www.pinterest.de\/raumform33\/","https:\/\/www.youtube.com\/watch?v=qIuifbwBFg4"]}]}},"_links":{"self":[{"href":"https:\/\/airjust.de\/fr\/wp-json\/wp\/v2\/pages\/6061","targetHints":{"allow":["GET"]}}],"collection":[{"href":"https:\/\/airjust.de\/fr\/wp-json\/wp\/v2\/pages"}],"about":[{"href":"https:\/\/airjust.de\/fr\/wp-json\/wp\/v2\/types\/page"}],"author":[{"embeddable":true,"href":"https:\/\/airjust.de\/fr\/wp-json\/wp\/v2\/users\/4"}],"replies":[{"embeddable":true,"href":"https:\/\/airjust.de\/fr\/wp-json\/wp\/v2\/comments?post=6061"}],"version-history":[{"count":7,"href":"https:\/\/airjust.de\/fr\/wp-json\/wp\/v2\/pages\/6061\/revisions"}],"predecessor-version":[{"id":6767,"href":"https:\/\/airjust.de\/fr\/wp-json\/wp\/v2\/pages\/6061\/revisions\/6767"}],"wp:attachment":[{"href":"https:\/\/airjust.de\/fr\/wp-json\/wp\/v2\/media?parent=6061"}],"curies":[{"name":"wp","href":"https:\/\/api.w.org\/{rel}","templated":true}]}}