{"id":6017,"date":"2021-11-16T12:39:17","date_gmt":"2021-11-16T11:39:17","guid":{"rendered":"https:\/\/airjust.de\/projets\/"},"modified":"2024-08-19T09:16:13","modified_gmt":"2024-08-19T07:16:13","slug":"projets","status":"publish","type":"page","link":"https:\/\/airjust.de\/fr\/projets\/","title":{"rendered":"Projets"},"content":{"rendered":"<div class=\"wpb-content-wrapper\"><p>[vc_row][vc_column el_id=\u00a0\u00bb#bgs\u00a0\u00bb offset=\u00a0\u00bbvc_hidden-xs\u00a0\u00bb][vc_custom_heading text=\u00a0\u00bbProjets \/\/ Clients\u00a0\u00bb font_container=\u00a0\u00bbtag:h1|font_size:34|text_align:left\u00a0\u00bb use_theme_fonts=\u00a0\u00bbyes\u00a0\u00bb][vc_column_text]<span style=\"font-size: 16pt;\"><a href=\"#iam\">Iam Yours<\/a> &#8211; <a href=\"#y7\">Y7 Yoga Studios<\/a> &#8211; <a href=\"#heritage\">Heritage Agents<\/a> &#8211; Hauser &amp; Wirth &#8211; Reiser Manufaktur &#8211; <a href=\"#boohoo\">BoohooMAN<\/a> &#8211; Castore Sportswear &#8211; Xoccato &#8211; <a href=\"#sk\">Suzie Kondi<\/a> &#8211; Shine Luxury &#8211; Denkwerk &#8211; Reign &#8211;\u00a0I cO sports wear &#8211; Trace Publicity -Brautmoden Eden -JI OH NY- Cold Laundry &#8211; Lucys &#8211; peebles loves me &#8211; Backstage Textilhandel &#8211; <a href=\"#werkschau\">Designer Werkschau<\/a>&#8211;\u00a0Unlimited Fashion &#8211; HFZ Capital Group -Gelder Joinery -Benfield &amp; Loxley &#8211; Liebelei Braut- und Festmoden &#8211;\u00a0 Concreta S.r.l.- <a href=\"#gcz\">Golf Center Z\u00fcrich <\/a>&#8211; Virginia\u2019s Bridal &#8211; <a href=\"#bgs\">BGS Architects<\/a>\u00a0 &#8211; Blackpepper &#8211;\u00a0<a href=\"#confetti\">Confetti Rains Birdal<\/a>\u00a0&#8211; kloTH &#8211; TEYM &#8211; MOOD DESIGN- Golden Houses Interiors &#8211; Papenbreer &#8211; WOW Bridal Concept Store &#8211; BADGLEY MISCHKA &#8211; <a href=\"#thatboii\">Thatboii<\/a> <a href=\"#KS\">Ksubi<\/a> &#8211; Cristy Rilling Atelier &#8211; Neighborhood Goods &#8211; Christian Cowan, MONO &#8211; KROM u.v.m.<\/span>[\/vc_column_text][\/vc_column][\/vc_row][vc_row el_id=\u00a0\u00bbKS\u00a0\u00bb][vc_column css_animation=\u00a0\u00bbfadeIn\u00a0\u00bb width=\u00a0\u00bb1\/2&Prime;][vc_single_image image=\u00a0\u00bb6602&Prime; img_size=\u00a0\u00bbfull\u00a0\u00bb alignment=\u00a0\u00bbcenter\u00a0\u00bb css_animation=\u00a0\u00bbfadeIn\u00a0\u00bb][\/vc_column][vc_column width=\u00a0\u00bb1\/2&Prime;][vc_single_image image=\u00a0\u00bb6606&Prime; img_size=\u00a0\u00bbfull\u00a0\u00bb alignment=\u00a0\u00bbcenter\u00a0\u00bb][vc_column_text]<\/p>\n<h3><span style=\"font-size: 24pt;\">MONO &#8211; KROM | GALLERY .<br \/>\n<\/span>Leipzig.<\/h3>\n<p>Dark urban minimalism<\/p>\n<p><a href=\"https:\/\/airjust.de\/fr\/produkt\/airjust-solo-portant-a-vetements-suspendu\/\">airjust \u00ae SOLO.<\/a><\/p>\n<p><a href=\"https:\/\/mono-krom.com\">https:\/\/mono-krom.com<\/a><\/p>\n<p>Fotos: \u00a9 MONO &#8211; KROM GALLERY[\/vc_column_text][\/vc_column][\/vc_row][vc_row][vc_column][vc_masonry_media_grid element_width=\u00a0\u00bb3&Prime; gap=\u00a0\u00bb10&Prime; initial_loading_animation=\u00a0\u00bbnone\u00a0\u00bb grid_id=\u00a0\u00bbvc_gid:1720446301274-64ff00d8-39e9-2&Prime; include=\u00a0\u00bb6610,6614,6618,6622,6647,6651,6655&Prime;][\/vc_column][\/vc_row][vc_row][vc_column css_animation=\u00a0\u00bbfadeIn\u00a0\u00bb width=\u00a0\u00bb1\/2&Prime;][vc_single_image image=\u00a0\u00bb6432&Prime; img_size=\u00a0\u00bbfull\u00a0\u00bb alignment=\u00a0\u00bbcenter\u00a0\u00bb css_animation=\u00a0\u00bbfadeIn\u00a0\u00bb][\/vc_column][vc_column width=\u00a0\u00bb1\/2&Prime;][vc_single_image image=\u00a0\u00bb6437&Prime; img_size=\u00a0\u00bbfull\u00a0\u00bb alignment=\u00a0\u00bbcenter\u00a0\u00bb][vc_column_text]<\/p>\n<h3><span style=\"font-size: 24pt;\">KSUBI STORE.<br \/>\n<\/span>Miami.<\/h3>\n<p>Innenarchitekt: Legeard Studios New York | Miami | Paris<\/p>\n<p><a href=\"https:\/\/airjust.de\/fr\/produkt\/airjust-solo-portant-a-vetements-suspendu\/\">airjust \u00ae SOLO.<\/a><br \/>\nschwarz pulverbeschichtet<br \/>\nairGRID Deckenschiene<\/p>\n<p>ksubi.eu<\/p>\n<p>Fotos: \u00a9 Legeard Studios[\/vc_column_text][\/vc_column][\/vc_row][vc_row][vc_column][vc_masonry_media_grid element_width=\u00a0\u00bb3&Prime; gap=\u00a0\u00bb10&Prime; initial_loading_animation=\u00a0\u00bbnone\u00a0\u00bb grid_id=\u00a0\u00bbvc_gid:1720446301301-f38fbf79-7c91-10&Prime; include=\u00a0\u00bb6449,6453,6457,6461,6465&Prime;][\/vc_column][\/vc_row][vc_row el_id=\u00a0\u00bby7&Prime;][vc_column css_animation=\u00a0\u00bbfadeIn\u00a0\u00bb width=\u00a0\u00bb1\/2&Prime;][vc_single_image image=\u00a0\u00bb3156&Prime; img_size=\u00a0\u00bbfull\u00a0\u00bb alignment=\u00a0\u00bbcenter\u00a0\u00bb css_animation=\u00a0\u00bbfadeIn\u00a0\u00bb][\/vc_column][vc_column width=\u00a0\u00bb1\/2&Prime;][vc_single_image image=\u00a0\u00bb5950&Prime; img_size=\u00a0\u00bbmedium\u00a0\u00bb alignment=\u00a0\u00bbcenter\u00a0\u00bb][vc_column_text]<\/p>\n<h3><span style=\"font-size: 24pt;\">Y7 Yoga Studios.<\/span><\/h3>\n<p>New York &#8211; Los Angeles &#8211; Chicago.<\/p>\n<p><a href=\"https:\/\/airjust.de\/fr\/produkt\/airjust-solo-portant-a-vetements-suspendu\/\">airjust \u00ae SOLO.<\/a><br \/>\n<a href=\"https:\/\/airjust.de\/fr\/produkt\/airjust-wall\/\">airjust\u00ae \u00a0WALL.<\/a><\/p>\n<p><a href=\"https:\/\/www.y7-studio.com\">y7-studio.com<\/a><\/p>\n<p>Fotos: \u00a9 <a href=\"https:\/\/www.instagram.com\/bradwarsh\/\">Brad Warsh<\/a>[\/vc_column_text][\/vc_column][\/vc_row][vc_row][vc_column][vc_masonry_media_grid element_width=\u00a0\u00bb3&Prime; gap=\u00a0\u00bb10&Prime; initial_loading_animation=\u00a0\u00bbnone\u00a0\u00bb grid_id=\u00a0\u00bbvc_gid:1720446301337-f6206a02-93a9-9&Prime; include=\u00a0\u00bb6136,5951,3158,5952,4057,3156,3157&Prime;][\/vc_column][\/vc_row][vc_row el_id=\u00a0\u00bbthatboii\u00a0\u00bb][vc_column css_animation=\u00a0\u00bbfadeIn\u00a0\u00bb width=\u00a0\u00bb1\/2&Prime;][vc_single_image image=\u00a0\u00bb6006&Prime; img_size=\u00a0\u00bbfull\u00a0\u00bb alignment=\u00a0\u00bbcenter\u00a0\u00bb css_animation=\u00a0\u00bbfadeIn\u00a0\u00bb][\/vc_column][vc_column width=\u00a0\u00bb1\/2&Prime;][vc_single_image image=\u00a0\u00bb6007&Prime; img_size=\u00a0\u00bbmedium\u00a0\u00bb alignment=\u00a0\u00bbcenter\u00a0\u00bb][vc_column_text]<\/p>\n<h3><span style=\"font-size: 24pt;\">Thatboii.<\/span><\/h3>\n<p>M\u00fcnchen.<\/p>\n<p><a href=\"https:\/\/airjust.de\/fr\/produkt\/airjust-solo-portant-a-vetements-suspendu\/\">airjust \u00ae SOLO.<\/a><\/p>\n<p><a href=\"https:\/\/www.thatboii.com\">thatboii.com<\/a><\/p>\n<p>Fotos: Thatboii[\/vc_column_text][\/vc_column][\/vc_row][vc_row][vc_column][vc_masonry_media_grid element_width=\u00a0\u00bb3&Prime; gap=\u00a0\u00bb10&Prime; initial_loading_animation=\u00a0\u00bbnone\u00a0\u00bb grid_id=\u00a0\u00bbvc_gid:1720446301367-6658f861-c8e5-5&Prime; include=\u00a0\u00bb5943,6008,6009,6013,6014,5942,6015&Prime;][\/vc_column][\/vc_row][vc_row el_id=\u00a0\u00bbboohoo\u00a0\u00bb][vc_column css_animation=\u00a0\u00bbfadeIn\u00a0\u00bb width=\u00a0\u00bb1\/2&Prime;][vc_single_image image=\u00a0\u00bb5953&Prime; img_size=\u00a0\u00bbfull\u00a0\u00bb alignment=\u00a0\u00bbcenter\u00a0\u00bb css_animation=\u00a0\u00bbfadeIn\u00a0\u00bb][\/vc_column][vc_column width=\u00a0\u00bb1\/2&Prime;][vc_single_image image=\u00a0\u00bb5954&Prime; img_size=\u00a0\u00bbfull\u00a0\u00bb alignment=\u00a0\u00bbcenter\u00a0\u00bb][vc_column_text]<\/p>\n<h3><span style=\"font-size: 24pt;\">boohooMAN.<\/span><\/h3>\n<p>Showroom Manchester.<\/p>\n<p><a href=\"https:\/\/airjust.de\/fr\/produkt\/airjust-solo-portant-a-vetements-suspendu\/\">airjust \u00ae SOLO.<\/a><br \/>\nairConnector<\/p>\n<p><a href=\"https:\/\/www.boohooman.com\/de\/\">boohooman.com<\/a><\/p>\n<p>Fotos: \u00a9boohooman[\/vc_column_text][\/vc_column][\/vc_row][vc_row][vc_column][vc_masonry_media_grid gap=\u00a0\u00bb10&Prime; grid_id=\u00a0\u00bbvc_gid:1720446301396-95f63039-f7aa-8&Prime; include=\u00a0\u00bb3149,3148,3147&Prime;][\/vc_column][\/vc_row][vc_row el_id=\u00a0\u00bbheritage\u00a0\u00bb][vc_column css_animation=\u00a0\u00bbfadeIn\u00a0\u00bb width=\u00a0\u00bb1\/2&Prime;][vc_single_image image=\u00a0\u00bb3273&Prime; img_size=\u00a0\u00bbfull\u00a0\u00bb alignment=\u00a0\u00bbcenter\u00a0\u00bb css_animation=\u00a0\u00bbfadeIn\u00a0\u00bb][\/vc_column][vc_column width=\u00a0\u00bb1\/2&Prime;][vc_single_image image=\u00a0\u00bb5955&Prime; img_size=\u00a0\u00bbfull\u00a0\u00bb alignment=\u00a0\u00bbcenter\u00a0\u00bb][vc_column_text]<\/p>\n<h3><span style=\"font-size: 24pt;\">Heritage Agents.<\/span><\/h3>\n<p>Showroom M\u00fcnchen.<\/p>\n<p><a href=\"https:\/\/airjust.de\/fr\/produkt\/airjust-solo-portant-a-vetements-suspendu\/\">airjust \u00ae SOLO.<\/a><br \/>\nairCONNECTOR, airT, airCORNER<br \/>\nairGRID Deckenschiene<\/p>\n<p><a href=\"http:\/\/www.heritage-agents.com\/\">heritage-agents.com<\/a><\/p>\n<p>Fotos: \u00a9 raumform33[\/vc_column_text][\/vc_column][\/vc_row][vc_row][vc_column][vc_masonry_media_grid element_width=\u00a0\u00bb3&Prime; gap=\u00a0\u00bb10&Prime; grid_id=\u00a0\u00bbvc_gid:1720446301413-e8fe425c-543b-9&Prime; include=\u00a0\u00bb3150,5957,3154,3151,6001,6002,6003&Prime;][\/vc_column][\/vc_row][vc_row el_id=\u00a0\u00bbiam\u00a0\u00bb][vc_column css_animation=\u00a0\u00bbfadeIn\u00a0\u00bb width=\u00a0\u00bb1\/2&Prime;][vc_single_image image=\u00a0\u00bb3142&Prime; img_size=\u00a0\u00bbfull\u00a0\u00bb alignment=\u00a0\u00bbcenter\u00a0\u00bb css_animation=\u00a0\u00bbfadeIn\u00a0\u00bb][\/vc_column][vc_column width=\u00a0\u00bb1\/2&Prime; el_id=\u00a0\u00bbbsg\u00a0\u00bb][vc_single_image image=\u00a0\u00bb5960&Prime; img_size=\u00a0\u00bbfull\u00a0\u00bb alignment=\u00a0\u00bbcenter\u00a0\u00bb][vc_column_text]<\/p>\n<h3><span style=\"font-size: 24pt;\">Iam Yours.<\/span><\/h3>\n<p>D\u00fcsseldorf.<\/p>\n<p><a href=\"https:\/\/airjust.de\/fr\/produkt\/airjust-solo-portant-a-vetements-suspendu\/\">airjust \u00ae SOLO wei\u00df.<\/a><\/p>\n<p>wei\u00df pulverbeschichtet<\/p>\n<p><a href=\"http:\/\/www.iam-yours.de\/brautkleid-anprobe-store\">iam-yours.de<\/a><\/p>\n<p>Fotos: \u00a9 iamyours<\/p>\n<p>Innenarchitekt:<a href=\"http:\/\/in-room.de\/\">n-room<\/a>[\/vc_column_text][\/vc_column][\/vc_row][vc_row][vc_column][vc_masonry_media_grid gap=\u00a0\u00bb10&Prime; grid_id=\u00a0\u00bbvc_gid:1720446301439-d1d3454e-c0fc-6&Prime; include=\u00a0\u00bb5961,5962,5964&Prime;][\/vc_column][\/vc_row][vc_row el_id=\u00a0\u00bbsz\u00a0\u00bb][vc_column css_animation=\u00a0\u00bbfadeIn\u00a0\u00bb width=\u00a0\u00bb1\/2&Prime;][vc_single_image image=\u00a0\u00bb5991&Prime; img_size=\u00a0\u00bbfull\u00a0\u00bb alignment=\u00a0\u00bbcenter\u00a0\u00bb css_animation=\u00a0\u00bbfadeIn\u00a0\u00bb][\/vc_column][vc_column width=\u00a0\u00bb1\/2&Prime;][vc_single_image image=\u00a0\u00bb5990&Prime; img_size=\u00a0\u00bbfull\u00a0\u00bb alignment=\u00a0\u00bbcenter\u00a0\u00bb][vc_column_text]<\/p>\n<h3><span style=\"font-size: 24pt;\">Suzie Kondi.<\/span><\/h3>\n<p>New York.<\/p>\n<p><a href=\"https:\/\/airjust.de\/fr\/produkt\/airjust-solo-portant-a-vetements-suspendu\/\">airjust \u00ae SOLO <\/a><\/p>\n<p><a href=\"https:\/\/suziekondi.com\">suziekondi.com<\/a><\/p>\n<p>&nbsp;<\/p>\n<p>&nbsp;<\/p>\n<p>Fotos: \u00a9 \u00a0Suzie Kondi[\/vc_column_text][\/vc_column][\/vc_row][vc_row][vc_column][vc_masonry_media_grid element_width=\u00a0\u00bb3&Prime; gap=\u00a0\u00bb10&Prime; grid_id=\u00a0\u00bbvc_gid:1720446301456-39e8084d-1510-10&Prime; include=\u00a0\u00bb5995,5993,5994,5992,5941,3180,6004&Prime;][\/vc_column][\/vc_row][vc_row el_id=\u00a0\u00bbconfetti\u00a0\u00bb][vc_column css_animation=\u00a0\u00bbfadeIn\u00a0\u00bb width=\u00a0\u00bb1\/2&Prime;][vc_single_image image=\u00a0\u00bb5978&Prime; img_size=\u00a0\u00bbfull\u00a0\u00bb alignment=\u00a0\u00bbcenter\u00a0\u00bb css_animation=\u00a0\u00bbfadeIn\u00a0\u00bb][\/vc_column][vc_column width=\u00a0\u00bb1\/2&Prime;][vc_single_image image=\u00a0\u00bb5984&Prime; img_size=\u00a0\u00bbfull\u00a0\u00bb alignment=\u00a0\u00bbcenter\u00a0\u00bb][vc_column_text]<\/p>\n<h3><span style=\"font-size: 24pt;\">Confetti Rains Bridal.<\/span><\/h3>\n<p>Blackpool.<\/p>\n<p><a href=\"https:\/\/airjust.de\/fr\/produkt\/airjust-solo-portant-a-vetements-suspendu\/\">airjust \u00ae SOLO <\/a><\/p>\n<p>airjust \u00ae CORNER<\/p>\n<p><a href=\"http:\/\/confettirainbridal.co.uk\">confettirainbirdal.co.uk<\/a><\/p>\n<p>Fotos: \u00a9 Confetti Rain Birdal[\/vc_column_text][\/vc_column][\/vc_row][vc_row][vc_column][vc_masonry_media_grid element_width=\u00a0\u00bb3&Prime; gap=\u00a0\u00bb10&Prime; grid_id=\u00a0\u00bbvc_gid:1720446301483-4f68b379-21a6-0&Prime; include=\u00a0\u00bb5982,5979,5980,4605,5977&Prime;][\/vc_column][\/vc_row][vc_row el_id=\u00a0\u00bbgcz\u00a0\u00bb][vc_column css_animation=\u00a0\u00bbfadeIn\u00a0\u00bb width=\u00a0\u00bb1\/2&Prime;][vc_single_image image=\u00a0\u00bb5985&Prime; img_size=\u00a0\u00bbfull\u00a0\u00bb alignment=\u00a0\u00bbcenter\u00a0\u00bb css_animation=\u00a0\u00bbfadeIn\u00a0\u00bb][\/vc_column][vc_column width=\u00a0\u00bb1\/2&Prime;][vc_single_image image=\u00a0\u00bb5986&Prime; img_size=\u00a0\u00bbfull\u00a0\u00bb alignment=\u00a0\u00bbcenter\u00a0\u00bb][vc_column_text]<\/p>\n<h3><span style=\"font-size: 24pt;\">Golf Center Z\u00fcrich.<\/span><\/h3>\n<p>Z\u00fcrich- Wallisellen.<\/p>\n<p><a href=\"https:\/\/airjust.de\/fr\/produkt\/airjust-solo-portant-a-vetements-suspendu\/\">airjust \u00ae SOLO <\/a><\/p>\n<p><a href=\"https:\/\/golfcenter.ch\/en\/\">golfcenter.ch<\/a><\/p>\n<p>&nbsp;<\/p>\n<p>Fotos: \u00a9 \u00a0Golf Center[\/vc_column_text][\/vc_column][\/vc_row][vc_row][vc_column][vc_masonry_media_grid gap=\u00a0\u00bb10&Prime; grid_id=\u00a0\u00bbvc_gid:1720446301507-227e6173-a5d3-8&Prime; include=\u00a0\u00bb5989,5988,5987&Prime;][\/vc_column][\/vc_row][vc_row el_id=\u00a0\u00bbbgs\u00a0\u00bb][vc_column css_animation=\u00a0\u00bbfadeIn\u00a0\u00bb width=\u00a0\u00bb1\/2&Prime;][vc_single_image image=\u00a0\u00bb5959&Prime; img_size=\u00a0\u00bbfull\u00a0\u00bb alignment=\u00a0\u00bbcenter\u00a0\u00bb css_animation=\u00a0\u00bbfadeIn\u00a0\u00bb][\/vc_column][vc_column width=\u00a0\u00bb1\/2&Prime;][vc_column_text]<\/p>\n<h3><span style=\"font-size: 24pt;\">BGS Architects.<\/span><\/h3>\n<p>Wolfson College, Oxford.<\/p>\n<p><a href=\"https:\/\/airjust.de\/fr\/produkt\/airjust-solo-portant-a-vetements-suspendu\/\">airjust \u00ae SOLO.<\/a><\/p>\n<p><a href=\"https:\/\/www.bgsarchitects.co.uk\/portfolio\/buttery-old-lodge-refurbishment-wolfson-college-oxford\/\">bgsarchitects.co.uk<\/a><\/p>\n<p>Fotos: \u00a9 bgs architects[\/vc_column_text][\/vc_column][\/vc_row][vc_row el_id=\u00a0\u00bbwerkschau\u00a0\u00bb][vc_column css_animation=\u00a0\u00bbfadeIn\u00a0\u00bb width=\u00a0\u00bb1\/2&Prime;][vc_single_image image=\u00a0\u00bb5971&Prime; img_size=\u00a0\u00bbfull\u00a0\u00bb alignment=\u00a0\u00bbcenter\u00a0\u00bb css_animation=\u00a0\u00bbfadeIn\u00a0\u00bb][\/vc_column][vc_column width=\u00a0\u00bb1\/2&Prime;][vc_column_text]<\/p>\n<h3><span style=\"font-size: 24pt;\">Privat.<\/span><\/h3>\n<p>M\u00fcnchen.<\/p>\n<p><a href=\"https:\/\/airjust.de\/fr\/produkt\/airjust-solo-portant-a-vetements-suspendu\/\">airjust \u00ae SOLO.<\/a><\/p>\n<p>[\/vc_column_text][\/vc_column][\/vc_row][vc_row][vc_column][vc_masonry_media_grid element_width=\u00a0\u00bb3&Prime; gap=\u00a0\u00bb10&Prime; grid_id=\u00a0\u00bbvc_gid:1720446301556-6f53a736-d347-4&Prime; include=\u00a0\u00bb5972,5973,5975,5974&Prime;][\/vc_column][\/vc_row][vc_row][vc_column css_animation=\u00a0\u00bbfadeIn\u00a0\u00bb width=\u00a0\u00bb1\/2&Prime;][vc_single_image image=\u00a0\u00bb5965&Prime; img_size=\u00a0\u00bbfull\u00a0\u00bb alignment=\u00a0\u00bbcenter\u00a0\u00bb css_animation=\u00a0\u00bbfadeIn\u00a0\u00bb][\/vc_column][vc_column width=\u00a0\u00bb1\/2&Prime;][vc_single_image image=\u00a0\u00bb5970&Prime; img_size=\u00a0\u00bbfull\u00a0\u00bb alignment=\u00a0\u00bbcenter\u00a0\u00bb][vc_column_text]<\/p>\n<h3><span style=\"font-size: 24pt;\">Designer Werkschau.<\/span><\/h3>\n<p>M\u00fcnchen.<\/p>\n<p><a href=\"https:\/\/airjust.de\/fr\/produkt\/airjust-solo-tringle-a-vetements-pour-le-plafond\/\">airjust \u00ae SOLO.<\/a><\/p>\n<p><a href=\"https:\/\/www.designerwerkschau.de\">designerwerkschau.de<\/a><\/p>\n<p>&nbsp;<\/p>\n<p>[\/vc_column_text][\/vc_column][\/vc_row][vc_row][vc_column][vc_masonry_media_grid element_width=\u00a0\u00bb3&Prime; gap=\u00a0\u00bb10&Prime; grid_id=\u00a0\u00bbvc_gid:1720446301590-1585f9a4-57f5-4&Prime; include=\u00a0\u00bb5967,5968,5969&Prime;][\/vc_column][\/vc_row][vc_row][vc_column][vc_masonry_media_grid gap=\u00a0\u00bb15&Prime; grid_id=\u00a0\u00bbvc_gid:1720446301601-cd7199b2-48d8-10&Prime; include=\u00a0\u00bb3153,3146,3145,3144,3143,5939,3140,3177,5996,5949,5944,5946,5945,5936,3176,3175,3174,3173,5938,5947,5948,5998,5999,6000&Prime;][\/vc_column][\/vc_row]<\/p>\n<\/div>","protected":false},"excerpt":{"rendered":"<p>[vc_row][vc_column el_id=\u00a0\u00bb#bgs\u00a0\u00bb offset=\u00a0\u00bbvc_hidden-xs\u00a0\u00bb][vc_custom_heading text=\u00a0\u00bbProjets \/\/ Clients\u00a0\u00bb font_container=\u00a0\u00bbtag:h1|font_size:34|text_align:left\u00a0\u00bb use_theme_fonts=\u00a0\u00bbyes\u00a0\u00bb][vc_column_text]Iam Yours &#8211; Y7 Yoga Studios &#8211; Heritage Agents &#8211; Hauser &amp; Wirth &#8211; Reiser Manufaktur &#8211; BoohooMAN &#8211; Castore Sportswear &#8211; Xoccato &#8211; Suzie Kondi &#8211; Shine Luxury &#8211; Denkwerk &#8211; Reign &#8211;\u00a0I cO sports wear &#8211; Trace Publicity -Brautmoden Eden -JI OH NY- Cold Laundry &#8211; [&hellip;]<\/p>\n","protected":false},"author":4,"featured_media":0,"parent":0,"menu_order":0,"comment_status":"closed","ping_status":"closed","template":"","meta":{"footnotes":""},"class_list":["post-6017","page","type-page","status-publish","hentry"],"yoast_head":"<!-- This site is optimized with the Yoast SEO plugin v27.4 - https:\/\/yoast.com\/product\/yoast-seo-wordpress\/ -->\n<title>projets clients d&#039;airjust \u00ae : Showrooms | Magasins | Priv\u00e9 | Espace public<\/title>\n<meta name=\"description\" content=\"La tringle \u00e0 v\u00eatements airjust \u00ae live | Inspirez-vous | Le syst\u00e8me de tringle \u00e0 v\u00eatements suspendue pour le commerce et la maison.\" \/>\n<meta name=\"robots\" content=\"index, follow, max-snippet:-1, max-image-preview:large, max-video-preview:-1\" \/>\n<link rel=\"canonical\" href=\"https:\/\/airjust.de\/fr\/projets\/\" \/>\n<meta property=\"og:locale\" content=\"fr_FR\" \/>\n<meta property=\"og:type\" content=\"article\" \/>\n<meta property=\"og:title\" content=\"projets clients d&#039;airjust \u00ae : Showrooms | Magasins | Priv\u00e9 | Espace public\" \/>\n<meta property=\"og:description\" content=\"La tringle \u00e0 v\u00eatements airjust \u00ae live | Inspirez-vous | Le syst\u00e8me de tringle \u00e0 v\u00eatements suspendue pour le commerce et la maison.\" \/>\n<meta property=\"og:url\" content=\"https:\/\/airjust.de\/fr\/projets\/\" \/>\n<meta property=\"og:site_name\" content=\"airjust Kleiderstange\" \/>\n<meta property=\"article:publisher\" content=\"https:\/\/www.facebook.com\/airjust33\/\" \/>\n<meta property=\"article:modified_time\" content=\"2024-08-19T07:16:13+00:00\" \/>\n<meta property=\"og:image\" content=\"https:\/\/airjust.de\/wp-content\/uploads\/2020\/03\/kleiderstange-deckenmontage-1.jpg\" \/>\n\t<meta property=\"og:image:width\" content=\"800\" \/>\n\t<meta property=\"og:image:height\" content=\"1096\" \/>\n\t<meta property=\"og:image:type\" content=\"image\/jpeg\" \/>\n<meta name=\"twitter:card\" content=\"summary_large_image\" \/>\n<meta name=\"twitter:label1\" content=\"Dur\u00e9e de lecture estim\u00e9e\" \/>\n\t<meta name=\"twitter:data1\" content=\"6 minutes\" \/>\n<script type=\"application\/ld+json\" class=\"yoast-schema-graph\">{\"@context\":\"https:\\\/\\\/schema.org\",\"@graph\":[{\"@type\":\"WebPage\",\"@id\":\"https:\\\/\\\/airjust.de\\\/fr\\\/projets\\\/\",\"url\":\"https:\\\/\\\/airjust.de\\\/fr\\\/projets\\\/\",\"name\":\"projets clients d'airjust \u00ae : Showrooms | Magasins | Priv\u00e9 | Espace public\",\"isPartOf\":{\"@id\":\"https:\\\/\\\/airjust.de\\\/fr\\\/#website\"},\"datePublished\":\"2021-11-16T11:39:17+00:00\",\"dateModified\":\"2024-08-19T07:16:13+00:00\",\"description\":\"La tringle \u00e0 v\u00eatements airjust \u00ae live | Inspirez-vous | Le syst\u00e8me de tringle \u00e0 v\u00eatements suspendue pour le commerce et la maison.\",\"breadcrumb\":{\"@id\":\"https:\\\/\\\/airjust.de\\\/fr\\\/projets\\\/#breadcrumb\"},\"inLanguage\":\"fr-FR\",\"potentialAction\":[{\"@type\":\"ReadAction\",\"target\":[\"https:\\\/\\\/airjust.de\\\/fr\\\/projets\\\/\"]}]},{\"@type\":\"BreadcrumbList\",\"@id\":\"https:\\\/\\\/airjust.de\\\/fr\\\/projets\\\/#breadcrumb\",\"itemListElement\":[{\"@type\":\"ListItem\",\"position\":1,\"name\":\"Startseite\",\"item\":\"https:\\\/\\\/airjust.de\\\/fr\\\/\"},{\"@type\":\"ListItem\",\"position\":2,\"name\":\"Projets\"}]},{\"@type\":\"WebSite\",\"@id\":\"https:\\\/\\\/airjust.de\\\/fr\\\/#website\",\"url\":\"https:\\\/\\\/airjust.de\\\/fr\\\/\",\"name\":\"airjust Kleiderstange\",\"description\":\"airjust &reg; Webshop\",\"publisher\":{\"@id\":\"https:\\\/\\\/airjust.de\\\/fr\\\/#organization\"},\"potentialAction\":[{\"@type\":\"SearchAction\",\"target\":{\"@type\":\"EntryPoint\",\"urlTemplate\":\"https:\\\/\\\/airjust.de\\\/fr\\\/?s={search_term_string}\"},\"query-input\":{\"@type\":\"PropertyValueSpecification\",\"valueRequired\":true,\"valueName\":\"search_term_string\"}}],\"inLanguage\":\"fr-FR\"},{\"@type\":\"Organization\",\"@id\":\"https:\\\/\\\/airjust.de\\\/fr\\\/#organization\",\"name\":\"airjust\",\"url\":\"https:\\\/\\\/airjust.de\\\/fr\\\/\",\"logo\":{\"@type\":\"ImageObject\",\"inLanguage\":\"fr-FR\",\"@id\":\"https:\\\/\\\/airjust.de\\\/fr\\\/#\\\/schema\\\/logo\\\/image\\\/\",\"url\":\"https:\\\/\\\/airjust.de\\\/wp-content\\\/uploads\\\/2019\\\/07\\\/bilder-shop.png\",\"contentUrl\":\"https:\\\/\\\/airjust.de\\\/wp-content\\\/uploads\\\/2019\\\/07\\\/bilder-shop.png\",\"width\":360,\"height\":110,\"caption\":\"airjust\"},\"image\":{\"@id\":\"https:\\\/\\\/airjust.de\\\/fr\\\/#\\\/schema\\\/logo\\\/image\\\/\"},\"sameAs\":[\"https:\\\/\\\/www.facebook.com\\\/airjust33\\\/\",\"https:\\\/\\\/www.instagram.com\\\/airjust33\\\/\",\"https:\\\/\\\/www.pinterest.de\\\/raumform33\\\/\",\"https:\\\/\\\/www.youtube.com\\\/watch?v=qIuifbwBFg4\"]}]}<\/script>\n<!-- \/ Yoast SEO plugin. -->","yoast_head_json":{"title":"projets clients d'airjust \u00ae : Showrooms | Magasins | Priv\u00e9 | Espace public","description":"La tringle \u00e0 v\u00eatements airjust \u00ae live | Inspirez-vous | Le syst\u00e8me de tringle \u00e0 v\u00eatements suspendue pour le commerce et la maison.","robots":{"index":"index","follow":"follow","max-snippet":"max-snippet:-1","max-image-preview":"max-image-preview:large","max-video-preview":"max-video-preview:-1"},"canonical":"https:\/\/airjust.de\/fr\/projets\/","og_locale":"fr_FR","og_type":"article","og_title":"projets clients d'airjust \u00ae : Showrooms | Magasins | Priv\u00e9 | Espace public","og_description":"La tringle \u00e0 v\u00eatements airjust \u00ae live | Inspirez-vous | Le syst\u00e8me de tringle \u00e0 v\u00eatements suspendue pour le commerce et la maison.","og_url":"https:\/\/airjust.de\/fr\/projets\/","og_site_name":"airjust Kleiderstange","article_publisher":"https:\/\/www.facebook.com\/airjust33\/","article_modified_time":"2024-08-19T07:16:13+00:00","og_image":[{"width":800,"height":1096,"url":"https:\/\/airjust.de\/wp-content\/uploads\/2020\/03\/kleiderstange-deckenmontage-1.jpg","type":"image\/jpeg"}],"twitter_card":"summary_large_image","twitter_misc":{"Dur\u00e9e de lecture estim\u00e9e":"6 minutes"},"schema":{"@context":"https:\/\/schema.org","@graph":[{"@type":"WebPage","@id":"https:\/\/airjust.de\/fr\/projets\/","url":"https:\/\/airjust.de\/fr\/projets\/","name":"projets clients d'airjust \u00ae : Showrooms | Magasins | Priv\u00e9 | Espace public","isPartOf":{"@id":"https:\/\/airjust.de\/fr\/#website"},"datePublished":"2021-11-16T11:39:17+00:00","dateModified":"2024-08-19T07:16:13+00:00","description":"La tringle \u00e0 v\u00eatements airjust \u00ae live | Inspirez-vous | Le syst\u00e8me de tringle \u00e0 v\u00eatements suspendue pour le commerce et la maison.","breadcrumb":{"@id":"https:\/\/airjust.de\/fr\/projets\/#breadcrumb"},"inLanguage":"fr-FR","potentialAction":[{"@type":"ReadAction","target":["https:\/\/airjust.de\/fr\/projets\/"]}]},{"@type":"BreadcrumbList","@id":"https:\/\/airjust.de\/fr\/projets\/#breadcrumb","itemListElement":[{"@type":"ListItem","position":1,"name":"Startseite","item":"https:\/\/airjust.de\/fr\/"},{"@type":"ListItem","position":2,"name":"Projets"}]},{"@type":"WebSite","@id":"https:\/\/airjust.de\/fr\/#website","url":"https:\/\/airjust.de\/fr\/","name":"airjust Kleiderstange","description":"airjust &reg; Webshop","publisher":{"@id":"https:\/\/airjust.de\/fr\/#organization"},"potentialAction":[{"@type":"SearchAction","target":{"@type":"EntryPoint","urlTemplate":"https:\/\/airjust.de\/fr\/?s={search_term_string}"},"query-input":{"@type":"PropertyValueSpecification","valueRequired":true,"valueName":"search_term_string"}}],"inLanguage":"fr-FR"},{"@type":"Organization","@id":"https:\/\/airjust.de\/fr\/#organization","name":"airjust","url":"https:\/\/airjust.de\/fr\/","logo":{"@type":"ImageObject","inLanguage":"fr-FR","@id":"https:\/\/airjust.de\/fr\/#\/schema\/logo\/image\/","url":"https:\/\/airjust.de\/wp-content\/uploads\/2019\/07\/bilder-shop.png","contentUrl":"https:\/\/airjust.de\/wp-content\/uploads\/2019\/07\/bilder-shop.png","width":360,"height":110,"caption":"airjust"},"image":{"@id":"https:\/\/airjust.de\/fr\/#\/schema\/logo\/image\/"},"sameAs":["https:\/\/www.facebook.com\/airjust33\/","https:\/\/www.instagram.com\/airjust33\/","https:\/\/www.pinterest.de\/raumform33\/","https:\/\/www.youtube.com\/watch?v=qIuifbwBFg4"]}]}},"_links":{"self":[{"href":"https:\/\/airjust.de\/fr\/wp-json\/wp\/v2\/pages\/6017","targetHints":{"allow":["GET"]}}],"collection":[{"href":"https:\/\/airjust.de\/fr\/wp-json\/wp\/v2\/pages"}],"about":[{"href":"https:\/\/airjust.de\/fr\/wp-json\/wp\/v2\/types\/page"}],"author":[{"embeddable":true,"href":"https:\/\/airjust.de\/fr\/wp-json\/wp\/v2\/users\/4"}],"replies":[{"embeddable":true,"href":"https:\/\/airjust.de\/fr\/wp-json\/wp\/v2\/comments?post=6017"}],"version-history":[{"count":14,"href":"https:\/\/airjust.de\/fr\/wp-json\/wp\/v2\/pages\/6017\/revisions"}],"predecessor-version":[{"id":6691,"href":"https:\/\/airjust.de\/fr\/wp-json\/wp\/v2\/pages\/6017\/revisions\/6691"}],"wp:attachment":[{"href":"https:\/\/airjust.de\/fr\/wp-json\/wp\/v2\/media?parent=6017"}],"curies":[{"name":"wp","href":"https:\/\/api.w.org\/{rel}","templated":true}]}}