{"id":5909,"date":"2021-11-16T11:22:55","date_gmt":"2021-11-16T10:22:55","guid":{"rendered":"https:\/\/airjust.de\/systeme-de-tringles-a-linge\/"},"modified":"2021-11-17T15:24:45","modified_gmt":"2021-11-17T14:24:45","slug":"systeme-de-tringles-a-linge","status":"publish","type":"page","link":"https:\/\/airjust.de\/fr\/systeme-de-tringles-a-linge\/","title":{"rendered":"Syst\u00e8me de tringles \u00e0 linge"},"content":{"rendered":"<div class=\"wpb-content-wrapper\"><p>[vc_section][vc_row][vc_column][vc_raw_html]JTVCbWV0YXNsaWRlciUyMGlkJTNEJTIyMzI3OCUyMiU1RA==[\/vc_raw_html][\/vc_column][\/vc_row][\/vc_section][vc_row full_width=\u00a0\u00bbstretch_row_content\u00a0\u00bb equal_height=\u00a0\u00bbyes\u00a0\u00bb content_placement=\u00a0\u00bbmiddle\u00a0\u00bb][vc_column width=\u00a0\u00bb7\/12&Prime; css=\u00a0\u00bb.vc_custom_1565014466690{padding-right: 15% !important;padding-left: 5% !important;}\u00a0\u00bb][vc_row_inner][vc_column_inner][vc_custom_heading text=\u00a0\u00bbLe syst\u00e8me de tringles \u00e0 v\u00eatements pour la vente au d\u00e9tail\u00a0\u00bb font_container=\u00a0\u00bbtag:h1|font_size:36|text_align:left\u00a0\u00bb google_fonts=\u00a0\u00bbfont_family:Roboto%3A100%2C100italic%2C300%2C300italic%2Cregular%2Citalic%2C500%2C500italic%2C700%2C700italic%2C900%2C900italic|font_style:700%20bold%20regular%3A700%3Anormal\u00a0\u00bb][\/vc_column_inner][\/vc_row_inner][vc_empty_space][vc_column_text]airjust \u00ae Le syst\u00e8me de tringles \u00e0 linge \u00e0 suspension libre pour le plafond. Les tringles \u00e0 v\u00eatements en acier inoxydable, r\u00e9glables en hauteur, s&rsquo;adaptent \u00e0 votre mode.<br \/>\n<span style=\"font-size: 14pt;\">Changements fr\u00e9quents de collection, pr\u00e9sentations diff\u00e9rentes des marchandises, avec airjust nous avons d\u00e9velopp\u00e9 un syst\u00e8me de rail \u00e0 v\u00eatements avec lequel vous pouvez mettre en \u0153uvre les exigences saisonni\u00e8res de l&rsquo;industrie du textile et de la mode de mani\u00e8re professionnelle et flexible.<\/span><br \/>\n<span style=\"font-size: 14pt;\">Que ce soit en tant que porte-marchandises minimaliste pour les boutiques de mode et les boutiques de mode nuptiale ou en tant que syst\u00e8me de porte-marchandises flexible dans les salles d&rsquo;exposition.\u00a0Avec airjust, vous mettez votre mode sous le meilleur jour possible.<\/span><\/p>\n<p><strong><span style=\"font-size: 14pt;\">La sc\u00e8ne parfaite pour votre mode.<\/span><\/strong>.[\/vc_column_text][vc_btn title=\u00a0\u00bbProjets\u00a0\u00bb style=\u00a0\u00bboutline\u00a0\u00bb shape=\u00a0\u00bbsquare\u00a0\u00bb color=\u00a0\u00bbblack\u00a0\u00bb size=\u00a0\u00bblg\u00a0\u00bb align=\u00a0\u00bbcenter\u00a0\u00bb link=\u00a0\u00bburl:https%3A%2F%2Fairjust.de%2Ffr%2Fprojets%2F|title:Projets\u00a0\u00bb][\/vc_column][vc_column width=\u00a0\u00bb1\/3&Prime; offset=\u00a0\u00bbvc_col-xs-1&Prime;][vc_single_image image=\u00a0\u00bb5859&Prime; img_size=\u00a0\u00bbfull\u00a0\u00bb alignment=\u00a0\u00bbcenter\u00a0\u00bb css_animation=\u00a0\u00bbnone\u00a0\u00bb][\/vc_column][\/vc_row][vc_row full_width=\u00a0\u00bbstretch_row_content\u00a0\u00bb equal_height=\u00a0\u00bbyes\u00a0\u00bb content_placement=\u00a0\u00bbtop\u00a0\u00bb][vc_column width=\u00a0\u00bb1\/2&Prime;][vc_single_image image=\u00a0\u00bb3128&Prime; img_size=\u00a0\u00bbfull\u00a0\u00bb alignment=\u00a0\u00bbcenter\u00a0\u00bb css_animation=\u00a0\u00bbnone\u00a0\u00bb][\/vc_column][vc_column width=\u00a0\u00bb1\/2&Prime; css=\u00a0\u00bb.vc_custom_1633685913199{padding-top: 5% !important;}\u00a0\u00bb][vc_icon icon_fontawesome=\u00a0\u00bbfa fa-arrows-v\u00a0\u00bb color=\u00a0\u00bbblack\u00a0\u00bb size=\u00a0\u00bbxl\u00a0\u00bb align=\u00a0\u00bbcenter\u00a0\u00bb][vc_column_text]<span style=\"font-size: 18pt;\"><strong>Toujours dans le champ de vision des clients.<\/strong><\/span>.<\/p>\n<p><span style=\"font-size: 14pt;\">Avec l&rsquo;aide de fixations sp\u00e9ciales \u00e0 clic, vous pouvez r\u00e9gler la hauteur des tringles \u00e0 v\u00eatements le long des cordes <strong>variablement<\/strong>.<br \/>\nLe c\u00e2ble en acier dispara\u00eet de mani\u00e8re invisible dans la tringle \u00e0 v\u00eatements.<br \/>\nairjust s&rsquo;adapte ainsi de mani\u00e8re flexible aux diff\u00e9rents v\u00eatements. Que ce soit des robes de mari\u00e9e longues ou des T-shirts courts. Votre mode est toujours dans le champ de vision de vos clients.<\/span>[\/vc_column_text][vc_column_text]<span style=\"font-size: 18pt;\"><strong>Flexible Retail.<\/strong><\/span>[\/vc_column_text][\/vc_column][\/vc_row][vc_row full_width=\u00a0\u00bbstretch_row_content\u00a0\u00bb equal_height=\u00a0\u00bbyes\u00a0\u00bb content_placement=\u00a0\u00bbtop\u00a0\u00bb][vc_column width=\u00a0\u00bb1\/4&Prime;][vc_single_image image=\u00a0\u00bb3126&Prime; img_size=\u00a0\u00bblarge\u00a0\u00bb alignment=\u00a0\u00bbcenter\u00a0\u00bb css_animation=\u00a0\u00bbnone\u00a0\u00bb][\/vc_column][vc_column width=\u00a0\u00bb1\/4&Prime; css=\u00a0\u00bb.vc_custom_1485790194228{padding-right: 15% !important;padding-left: 15% !important;}\u00a0\u00bb][vc_single_image image=\u00a0\u00bb3127&Prime; img_size=\u00a0\u00bblarge\u00a0\u00bb alignment=\u00a0\u00bbcenter\u00a0\u00bb css_animation=\u00a0\u00bbnone\u00a0\u00bb][\/vc_column][vc_column width=\u00a0\u00bb2\/4&Prime;][vc_icon icon_fontawesome=\u00a0\u00bbfa fa-arrows-h\u00a0\u00bb color=\u00a0\u00bbblack\u00a0\u00bb size=\u00a0\u00bbxl\u00a0\u00bb align=\u00a0\u00bbcenter\u00a0\u00bb][vc_column_text]<span style=\"font-size: 18pt;\"><strong>Variable dans la pi\u00e8ce.<\/strong><\/span>.<\/p>\n<p><span style=\"font-size: 14pt;\">En plus de l&rsquo;ancrage fixe au plafond, vous pouvez suspendre les tringles \u00e0 v\u00eatements dans le rail de plafond airGRID et les positionner <strong>variablement dans la pi\u00e8ce<\/strong> via la <strong>grille de plafond<\/strong>.<br \/>\nR\u00e9agissez rapidement et facilement aux nouvelles tendances et cr\u00e9ez de nouvelles structures de pi\u00e8ces en quelques \u00e9tapes simples.\u00a0<\/span>[\/vc_column_text][vc_row_inner][vc_column_inner width=\u00a0\u00bb1\/4&Prime;][vc_single_image image=\u00a0\u00bb5920&Prime; img_size=\u00a0\u00bbfull\u00a0\u00bb alignment=\u00a0\u00bbcenter\u00a0\u00bb onclick=\u00a0\u00bbzoom\u00a0\u00bb css_animation=\u00a0\u00bbnone\u00a0\u00bb][\/vc_column_inner][vc_column_inner width=\u00a0\u00bb1\/4&Prime;][vc_single_image image=\u00a0\u00bb5919&Prime; img_size=\u00a0\u00bbfull\u00a0\u00bb alignment=\u00a0\u00bbcenter\u00a0\u00bb onclick=\u00a0\u00bbzoom\u00a0\u00bb css_animation=\u00a0\u00bbnone\u00a0\u00bb][\/vc_column_inner][vc_column_inner width=\u00a0\u00bb1\/4&Prime;][vc_single_image image=\u00a0\u00bb5921&Prime; img_size=\u00a0\u00bbfull\u00a0\u00bb alignment=\u00a0\u00bbcenter\u00a0\u00bb onclick=\u00a0\u00bbzoom\u00a0\u00bb css_animation=\u00a0\u00bbnone\u00a0\u00bb][\/vc_column_inner][vc_column_inner width=\u00a0\u00bb1\/4&Prime;][vc_single_image image=\u00a0\u00bb5922&Prime; img_size=\u00a0\u00bbfull\u00a0\u00bb alignment=\u00a0\u00bbcenter\u00a0\u00bb onclick=\u00a0\u00bbzoom\u00a0\u00bb css_animation=\u00a0\u00bbnone\u00a0\u00bb][\/vc_column_inner][\/vc_row_inner][\/vc_column][\/vc_row][vc_row full_width=\u00a0\u00bbstretch_row_content\u00a0\u00bb equal_height=\u00a0\u00bbyes\u00a0\u00bb content_placement=\u00a0\u00bbtop\u00a0\u00bb][vc_column width=\u00a0\u00bb1\/2&Prime; css=\u00a0\u00bb.vc_custom_1636127090646{padding-top: 5% !important;}\u00a0\u00bb][vc_row_inner][vc_column_inner width=\u00a0\u00bb1\/4&Prime;][vc_single_image image=\u00a0\u00bb3322&Prime; img_size=\u00a0\u00bbfull\u00a0\u00bb alignment=\u00a0\u00bbcenter\u00a0\u00bb css_animation=\u00a0\u00bbnone\u00a0\u00bb][\/vc_column_inner][vc_column_inner width=\u00a0\u00bb1\/4&Prime;][vc_single_image image=\u00a0\u00bb3319&Prime; img_size=\u00a0\u00bbfull\u00a0\u00bb alignment=\u00a0\u00bbcenter\u00a0\u00bb css_animation=\u00a0\u00bbnone\u00a0\u00bb][\/vc_column_inner][vc_column_inner width=\u00a0\u00bb1\/4&Prime;][vc_single_image image=\u00a0\u00bb3320&Prime; img_size=\u00a0\u00bbfull\u00a0\u00bb alignment=\u00a0\u00bbcenter\u00a0\u00bb css_animation=\u00a0\u00bbnone\u00a0\u00bb][\/vc_column_inner][vc_column_inner width=\u00a0\u00bb1\/4&Prime;][vc_single_image image=\u00a0\u00bb3321&Prime; img_size=\u00a0\u00bbfull\u00a0\u00bb alignment=\u00a0\u00bbcenter\u00a0\u00bb css_animation=\u00a0\u00bbnone\u00a0\u00bb][\/vc_column_inner][\/vc_row_inner][\/vc_column][vc_column width=\u00a0\u00bb1\/2&Prime; css=\u00a0\u00bb.vc_custom_1636127114877{margin-bottom: 5% !important;}\u00a0\u00bb][vc_icon type=\u00a0\u00bbentypo\u00a0\u00bb icon_entypo=\u00a0\u00bbentypo-icon entypo-icon-level-down\u00a0\u00bb color=\u00a0\u00bbblack\u00a0\u00bb size=\u00a0\u00bbxl\u00a0\u00bb align=\u00a0\u00bbcenter\u00a0\u00bb][vc_column_text]<span style=\"font-size: 18pt;\"><strong>Infiniment extensible.<\/strong><\/span>.<\/p>\n<p style=\"text-align: left;\"><span style=\"font-size: 14pt;\">Le syst\u00e8me de tringles \u00e0 v\u00eatements s&rsquo;adapte de mani\u00e8re flexible \u00e0 votre salle d&rsquo;exposition. Les tringles \u00e0 v\u00eatements individuelles peuvent \u00eatre reli\u00e9es par des <strong>\u00e9l\u00e9ments enfichables<\/strong> et peuvent \u00eatre facilement d\u00e9mont\u00e9es \u00e0 nouveau. Les \u00e9l\u00e9ments visuels et le merchandising peuvent \u00eatre int\u00e9gr\u00e9s sans grand effort.<br \/>\nSur demande, les tringles \u00e0 linge peuvent \u00eatre rev\u00eatues d&rsquo;une peinture poudre dans <strong>diff\u00e9rentes couleurs RAL.<\/strong><\/span><\/p>\n<p>[\/vc_column_text][\/vc_column][\/vc_row][vc_row gap=\u00a0\u00bb3&Prime; equal_height=\u00a0\u00bbyes\u00a0\u00bb type=\u00a0\u00bbboxed\u00a0\u00bb css=\u00a0\u00bb.vc_custom_1633593598758{margin-right: 3% !important;margin-left: 3% !important;}\u00a0\u00bb][vc_column width=\u00a0\u00bb1\/3&Prime;][interective_banner effects=\u00a0\u00bbeffect-milo\u00a0\u00bb url=\u00a0\u00bburl:https%3A%2F%2Fairjust.de%2Ffr%2Fwebshop%2F|title:Projets\u00a0\u00bb titlesize=\u00a0\u00bb36&Prime; descsize=\u00a0\u00bb20&Prime; clr=\u00a0\u00bb#ffffff\u00a0\u00bb descsizmbl=\u00a0\u00bb12&Prime; image_id=\u00a0\u00bb3276&Prime; title=\u00a0\u00bbWebshop\u00a0\u00bb desc=\u00a0\u00bbSets online<br \/>\nairjust\u00ae SOLO<br \/>\nairjust\u00ae TWIN\u00a0\u00bb alt=\u00a0\u00bbSyst\u00e8me d&rsquo;\u00e9tag\u00e8res\u00a0\u00bb bgclr=\u00a0\u00bbrgba(0,0,0,0,0.8)\u00a0\u00bb][\/vc_column][vc_column width=\u00a0\u00bb1\/3&Prime;][interective_banner effects=\u00a0\u00bbeffect-milo\u00a0\u00bb url=\u00a0\u00bburl:https%3A%2F%2Fairjust.de%2Ffr%2Fprojets%2F|title:Projekte\u00a0\u00bb titlesize=\u00a0\u00bb36&Prime; descsize=\u00a0\u00bb20&Prime; clr=\u00a0\u00bb#ffffff\u00a0\u00bb descsizmbl=\u00a0\u00bb12&Prime; image_id=\u00a0\u00bb3158&Prime; title=\u00a0\u00bbGalerie\u00a0\u00bb desc=\u00a0\u00bbProjets<br \/>\nMagasins<br \/>\nSalles d&rsquo;exposition<br \/>\nMode nuptiale<br \/>\nVestiaires\u00a0\u00bb alt=\u00a0\u00bbLe syst\u00e8me de tringles \u00e0 v\u00eatements\u00a0\u00bb bgclr=\u00a0\u00bbrgba(0,0,0,0.82)\u00a0\u00bb][\/vc_column][vc_column width=\u00a0\u00bb1\/3&Prime;][interective_banner effects=\u00a0\u00bbeffect-milo\u00a0\u00bb url=\u00a0\u00bburl:https%3A%2F%2Fairjust.de%2Ffr%2Ffaq-download%2F|title:Projets\u00a0\u00bb titlesize=\u00a0\u00bb36&Prime; descsize=\u00a0\u00bb20&Prime; clr=\u00a0\u00bb#000000&Prime; descsizmbl=\u00a0\u00bb12&Prime; image_id=\u00a0\u00bb4884&Prime; title=\u00a0\u00bbDetails\u00a0\u00bb desc=\u00a0\u00bbFAQ<br \/>\nMontage<br \/>\nDownloads\u00a0\u00bb alt=\u00a0\u00bbLe syst\u00e8me de tringles \u00e0 v\u00eatements\u00a0\u00bb bgclr=\u00a0\u00bbrgba(0,0,0,0.81)\u00a0\u00bb][\/vc_column][\/vc_row]<\/p>\n<\/div>","protected":false},"excerpt":{"rendered":"<p>[vc_section][vc_row][vc_column][vc_raw_html]JTVCbWV0YXNsaWRlciUyMGlkJTNEJTIyMzI3OCUyMiU1RA==[\/vc_raw_html][\/vc_column][\/vc_row][\/vc_section][vc_row full_width=\u00a0\u00bbstretch_row_content\u00a0\u00bb equal_height=\u00a0\u00bbyes\u00a0\u00bb content_placement=\u00a0\u00bbmiddle\u00a0\u00bb][vc_column width=\u00a0\u00bb7\/12&Prime; css=\u00a0\u00bb.vc_custom_1565014466690{padding-right: 15% !important;padding-left: 5% !important;}\u00a0\u00bb][vc_row_inner][vc_column_inner][vc_custom_heading text=\u00a0\u00bbLe syst\u00e8me de tringles \u00e0 v\u00eatements pour la vente au d\u00e9tail\u00a0\u00bb font_container=\u00a0\u00bbtag:h1|font_size:36|text_align:left\u00a0\u00bb google_fonts=\u00a0\u00bbfont_family:Roboto%3A100%2C100italic%2C300%2C300italic%2Cregular%2Citalic%2C500%2C500italic%2C700%2C700italic%2C900%2C900italic|font_style:700%20bold%20regular%3A700%3Anormal\u00a0\u00bb][\/vc_column_inner][\/vc_row_inner][vc_empty_space][vc_column_text]airjust \u00ae Le syst\u00e8me de tringles \u00e0 linge \u00e0 suspension libre pour le plafond. Les tringles \u00e0 v\u00eatements en acier inoxydable, r\u00e9glables en hauteur, s&rsquo;adaptent \u00e0 votre mode. Changements fr\u00e9quents de collection, pr\u00e9sentations [&hellip;]<\/p>\n","protected":false},"author":4,"featured_media":0,"parent":0,"menu_order":0,"comment_status":"closed","ping_status":"closed","template":"page-full-width.php","meta":{"footnotes":""},"class_list":["post-5909","page","type-page","status-publish","hentry"],"yoast_head":"<!-- This site is optimized with the Yoast SEO plugin v27.4 - https:\/\/yoast.com\/product\/yoast-seo-wordpress\/ -->\n<title>Syst\u00e8me de tringles \u00e0 linge pour le plafond - airjust \u00ae Flexible et variable<\/title>\n<meta name=\"description\" content=\"Syst\u00e8me de penderie libre en acier inoxydable. Parfait pour les boutiques de mode, les salles d&#039;exposition et les garde-robes ouvertes. Porte-v\u00eatements r\u00e9glables en hauteur\" \/>\n<meta name=\"robots\" content=\"index, follow, max-snippet:-1, max-image-preview:large, max-video-preview:-1\" \/>\n<link rel=\"canonical\" href=\"https:\/\/airjust.de\/fr\/systeme-de-tringles-a-linge\/\" \/>\n<meta property=\"og:locale\" content=\"fr_FR\" \/>\n<meta property=\"og:type\" content=\"article\" \/>\n<meta property=\"og:title\" content=\"Syst\u00e8me de tringles \u00e0 linge pour le plafond - airjust \u00ae Flexible et variable\" \/>\n<meta property=\"og:description\" content=\"Syst\u00e8me de penderie libre en acier inoxydable. Parfait pour les boutiques de mode, les salles d&#039;exposition et les garde-robes ouvertes. Porte-v\u00eatements r\u00e9glables en hauteur\" \/>\n<meta property=\"og:url\" content=\"https:\/\/airjust.de\/fr\/systeme-de-tringles-a-linge\/\" \/>\n<meta property=\"og:site_name\" content=\"airjust Kleiderstange\" \/>\n<meta property=\"article:publisher\" content=\"https:\/\/www.facebook.com\/airjust33\/\" \/>\n<meta property=\"article:modified_time\" content=\"2021-11-17T14:24:45+00:00\" \/>\n<meta property=\"og:image\" content=\"https:\/\/airjust.de\/wp-content\/uploads\/2020\/03\/kleiderstange-deckenmontage-1.jpg\" \/>\n\t<meta property=\"og:image:width\" content=\"800\" \/>\n\t<meta property=\"og:image:height\" content=\"1096\" \/>\n\t<meta property=\"og:image:type\" content=\"image\/jpeg\" \/>\n<meta name=\"twitter:card\" content=\"summary_large_image\" \/>\n<meta name=\"twitter:label1\" content=\"Dur\u00e9e de lecture estim\u00e9e\" \/>\n\t<meta name=\"twitter:data1\" content=\"3 minutes\" \/>\n<script type=\"application\/ld+json\" class=\"yoast-schema-graph\">{\"@context\":\"https:\\\/\\\/schema.org\",\"@graph\":[{\"@type\":\"WebPage\",\"@id\":\"https:\\\/\\\/airjust.de\\\/fr\\\/systeme-de-tringles-a-linge\\\/\",\"url\":\"https:\\\/\\\/airjust.de\\\/fr\\\/systeme-de-tringles-a-linge\\\/\",\"name\":\"Syst\u00e8me de tringles \u00e0 linge pour le plafond - airjust \u00ae Flexible et variable\",\"isPartOf\":{\"@id\":\"https:\\\/\\\/airjust.de\\\/fr\\\/#website\"},\"datePublished\":\"2021-11-16T10:22:55+00:00\",\"dateModified\":\"2021-11-17T14:24:45+00:00\",\"description\":\"Syst\u00e8me de penderie libre en acier inoxydable. Parfait pour les boutiques de mode, les salles d'exposition et les garde-robes ouvertes. Porte-v\u00eatements r\u00e9glables en hauteur\",\"breadcrumb\":{\"@id\":\"https:\\\/\\\/airjust.de\\\/fr\\\/systeme-de-tringles-a-linge\\\/#breadcrumb\"},\"inLanguage\":\"fr-FR\",\"potentialAction\":[{\"@type\":\"ReadAction\",\"target\":[\"https:\\\/\\\/airjust.de\\\/fr\\\/systeme-de-tringles-a-linge\\\/\"]}]},{\"@type\":\"BreadcrumbList\",\"@id\":\"https:\\\/\\\/airjust.de\\\/fr\\\/systeme-de-tringles-a-linge\\\/#breadcrumb\",\"itemListElement\":[{\"@type\":\"ListItem\",\"position\":1,\"name\":\"Startseite\",\"item\":\"https:\\\/\\\/airjust.de\\\/fr\\\/\"},{\"@type\":\"ListItem\",\"position\":2,\"name\":\"Syst\u00e8me de tringles \u00e0 linge\"}]},{\"@type\":\"WebSite\",\"@id\":\"https:\\\/\\\/airjust.de\\\/fr\\\/#website\",\"url\":\"https:\\\/\\\/airjust.de\\\/fr\\\/\",\"name\":\"airjust Kleiderstange\",\"description\":\"airjust &reg; Webshop\",\"publisher\":{\"@id\":\"https:\\\/\\\/airjust.de\\\/fr\\\/#organization\"},\"potentialAction\":[{\"@type\":\"SearchAction\",\"target\":{\"@type\":\"EntryPoint\",\"urlTemplate\":\"https:\\\/\\\/airjust.de\\\/fr\\\/?s={search_term_string}\"},\"query-input\":{\"@type\":\"PropertyValueSpecification\",\"valueRequired\":true,\"valueName\":\"search_term_string\"}}],\"inLanguage\":\"fr-FR\"},{\"@type\":\"Organization\",\"@id\":\"https:\\\/\\\/airjust.de\\\/fr\\\/#organization\",\"name\":\"airjust\",\"url\":\"https:\\\/\\\/airjust.de\\\/fr\\\/\",\"logo\":{\"@type\":\"ImageObject\",\"inLanguage\":\"fr-FR\",\"@id\":\"https:\\\/\\\/airjust.de\\\/fr\\\/#\\\/schema\\\/logo\\\/image\\\/\",\"url\":\"https:\\\/\\\/airjust.de\\\/wp-content\\\/uploads\\\/2019\\\/07\\\/bilder-shop.png\",\"contentUrl\":\"https:\\\/\\\/airjust.de\\\/wp-content\\\/uploads\\\/2019\\\/07\\\/bilder-shop.png\",\"width\":360,\"height\":110,\"caption\":\"airjust\"},\"image\":{\"@id\":\"https:\\\/\\\/airjust.de\\\/fr\\\/#\\\/schema\\\/logo\\\/image\\\/\"},\"sameAs\":[\"https:\\\/\\\/www.facebook.com\\\/airjust33\\\/\",\"https:\\\/\\\/www.instagram.com\\\/airjust33\\\/\",\"https:\\\/\\\/www.pinterest.de\\\/raumform33\\\/\",\"https:\\\/\\\/www.youtube.com\\\/watch?v=qIuifbwBFg4\"]}]}<\/script>\n<!-- \/ Yoast SEO plugin. -->","yoast_head_json":{"title":"Syst\u00e8me de tringles \u00e0 linge pour le plafond - airjust \u00ae Flexible et variable","description":"Syst\u00e8me de penderie libre en acier inoxydable. Parfait pour les boutiques de mode, les salles d'exposition et les garde-robes ouvertes. Porte-v\u00eatements r\u00e9glables en hauteur","robots":{"index":"index","follow":"follow","max-snippet":"max-snippet:-1","max-image-preview":"max-image-preview:large","max-video-preview":"max-video-preview:-1"},"canonical":"https:\/\/airjust.de\/fr\/systeme-de-tringles-a-linge\/","og_locale":"fr_FR","og_type":"article","og_title":"Syst\u00e8me de tringles \u00e0 linge pour le plafond - airjust \u00ae Flexible et variable","og_description":"Syst\u00e8me de penderie libre en acier inoxydable. Parfait pour les boutiques de mode, les salles d'exposition et les garde-robes ouvertes. Porte-v\u00eatements r\u00e9glables en hauteur","og_url":"https:\/\/airjust.de\/fr\/systeme-de-tringles-a-linge\/","og_site_name":"airjust Kleiderstange","article_publisher":"https:\/\/www.facebook.com\/airjust33\/","article_modified_time":"2021-11-17T14:24:45+00:00","og_image":[{"width":800,"height":1096,"url":"https:\/\/airjust.de\/wp-content\/uploads\/2020\/03\/kleiderstange-deckenmontage-1.jpg","type":"image\/jpeg"}],"twitter_card":"summary_large_image","twitter_misc":{"Dur\u00e9e de lecture estim\u00e9e":"3 minutes"},"schema":{"@context":"https:\/\/schema.org","@graph":[{"@type":"WebPage","@id":"https:\/\/airjust.de\/fr\/systeme-de-tringles-a-linge\/","url":"https:\/\/airjust.de\/fr\/systeme-de-tringles-a-linge\/","name":"Syst\u00e8me de tringles \u00e0 linge pour le plafond - airjust \u00ae Flexible et variable","isPartOf":{"@id":"https:\/\/airjust.de\/fr\/#website"},"datePublished":"2021-11-16T10:22:55+00:00","dateModified":"2021-11-17T14:24:45+00:00","description":"Syst\u00e8me de penderie libre en acier inoxydable. Parfait pour les boutiques de mode, les salles d'exposition et les garde-robes ouvertes. Porte-v\u00eatements r\u00e9glables en hauteur","breadcrumb":{"@id":"https:\/\/airjust.de\/fr\/systeme-de-tringles-a-linge\/#breadcrumb"},"inLanguage":"fr-FR","potentialAction":[{"@type":"ReadAction","target":["https:\/\/airjust.de\/fr\/systeme-de-tringles-a-linge\/"]}]},{"@type":"BreadcrumbList","@id":"https:\/\/airjust.de\/fr\/systeme-de-tringles-a-linge\/#breadcrumb","itemListElement":[{"@type":"ListItem","position":1,"name":"Startseite","item":"https:\/\/airjust.de\/fr\/"},{"@type":"ListItem","position":2,"name":"Syst\u00e8me de tringles \u00e0 linge"}]},{"@type":"WebSite","@id":"https:\/\/airjust.de\/fr\/#website","url":"https:\/\/airjust.de\/fr\/","name":"airjust Kleiderstange","description":"airjust &reg; Webshop","publisher":{"@id":"https:\/\/airjust.de\/fr\/#organization"},"potentialAction":[{"@type":"SearchAction","target":{"@type":"EntryPoint","urlTemplate":"https:\/\/airjust.de\/fr\/?s={search_term_string}"},"query-input":{"@type":"PropertyValueSpecification","valueRequired":true,"valueName":"search_term_string"}}],"inLanguage":"fr-FR"},{"@type":"Organization","@id":"https:\/\/airjust.de\/fr\/#organization","name":"airjust","url":"https:\/\/airjust.de\/fr\/","logo":{"@type":"ImageObject","inLanguage":"fr-FR","@id":"https:\/\/airjust.de\/fr\/#\/schema\/logo\/image\/","url":"https:\/\/airjust.de\/wp-content\/uploads\/2019\/07\/bilder-shop.png","contentUrl":"https:\/\/airjust.de\/wp-content\/uploads\/2019\/07\/bilder-shop.png","width":360,"height":110,"caption":"airjust"},"image":{"@id":"https:\/\/airjust.de\/fr\/#\/schema\/logo\/image\/"},"sameAs":["https:\/\/www.facebook.com\/airjust33\/","https:\/\/www.instagram.com\/airjust33\/","https:\/\/www.pinterest.de\/raumform33\/","https:\/\/www.youtube.com\/watch?v=qIuifbwBFg4"]}]}},"_links":{"self":[{"href":"https:\/\/airjust.de\/fr\/wp-json\/wp\/v2\/pages\/5909","targetHints":{"allow":["GET"]}}],"collection":[{"href":"https:\/\/airjust.de\/fr\/wp-json\/wp\/v2\/pages"}],"about":[{"href":"https:\/\/airjust.de\/fr\/wp-json\/wp\/v2\/types\/page"}],"author":[{"embeddable":true,"href":"https:\/\/airjust.de\/fr\/wp-json\/wp\/v2\/users\/4"}],"replies":[{"embeddable":true,"href":"https:\/\/airjust.de\/fr\/wp-json\/wp\/v2\/comments?post=5909"}],"version-history":[{"count":0,"href":"https:\/\/airjust.de\/fr\/wp-json\/wp\/v2\/pages\/5909\/revisions"}],"wp:attachment":[{"href":"https:\/\/airjust.de\/fr\/wp-json\/wp\/v2\/media?parent=5909"}],"curies":[{"name":"wp","href":"https:\/\/api.w.org\/{rel}","templated":true}]}}